{"id":9145,"date":"2019-05-07T14:06:14","date_gmt":"2019-05-07T12:06:14","guid":{"rendered":"http:\/\/leilamartial.com\/?page_id=9145"},"modified":"2024-11-20T16:35:17","modified_gmt":"2024-11-20T14:35:17","slug":"rituels-onj","status":"publish","type":"page","link":"https:\/\/leilamartial.com\/en\/rituels-onj\/","title":{"rendered":"Rituels &#8211; ONJ"},"content":{"rendered":"<div class=\"wpb-content-wrapper\"><div class=\"vc_row wpb_row vc_row-fluid qodef-section qodef-content-aligment-left qodef-grid-section\" style=\"\"><div class=\"clearfix qodef-section-inner\"><div class=\"qodef-section-inner-margin clearfix\"><div class=\"wpb_column vc_column_container vc_col-sm-12\"><div class=\"vc_column-inner\"><div class=\"wpb_wrapper\">\n\t<div class=\"wpb_text_column wpb_content_element\" >\n\t\t<div class=\"wpb_wrapper\">\n\t\t\t<h2>Rituels- Orchestre National de Jazz<\/h2>\n\n\t\t<\/div>\n\t<\/div>\n<div class=\"qodef-separator-holder clearfix  qodef-separator-left\">\n\t<div class=\"qodef-separator\" style=\"border-color: #000000;width: 45px;border-bottom-width: 3px;margin-top: 28px;margin-bottom: 28px\"><\/div>\n<\/div>\n<div class=\"vc_row wpb_row vc_inner vc_row-fluid qodef-section qodef-content-aligment-left\" style=\"\"><div class=\"qodef-full-section-inner\"><div class=\"wpb_column vc_column_container vc_col-sm-6\"><div class=\"vc_column-inner\"><div class=\"wpb_wrapper\">\n\t<div class=\"wpb_text_column wpb_content_element\" >\n\t\t<div class=\"wpb_wrapper\">\n\t\t\t<p class=\"p1\"><span class=\"s1\">Cette c\u00e9l\u00e8bre formule du peintre Paul Klee, grand cr\u00e9ateur du XX\u00e8me si\u00e8cle et lui-m\u00eame musicien, pourrait tout aussi bien s\u2019appliquer \u00e0 la musique. Car elle nous enseigne que pour le v\u00e9ritable cr\u00e9ateur, une image, d\u2019apparence simple ou complexe, est toujours nimb\u00e9e de tensions, de po\u00e9sie et de myst\u00e8res. De la m\u00eame mani\u00e8re, pour Fr\u00e9d\u00e9ric Maurin, amateur d\u2019illusions sonores et de musique spectrale, la musique est avant tout une surface sensible qui doit laisser chaque spectateur acc\u00e9der \u00e0 son propre imaginaire.<\/span><\/p>\n<p class=\"p1\"><span class=\"s1\">Avec son deuxi\u00e8me programme intitul\u00e9 <i>Rituels,<\/i><\/span><span class=\"s1\">\u00a0premier r\u00e9pertoire de musique originale marquant le d\u00e9but de son mandat \u00e0 l\u2019ONJ, le directeur artistique souhaite, dans une version acoustique de l\u2019orchestre, en d\u00e9voiler une facette plus organique au service d\u2019\u00e9critures faisant la part belle aux fantasmagories. Dans cet \u00e9crin orchestral, la voix est convoqu\u00e9e tel un instrument \u00e0 part enti\u00e8re; la voix tout premier vecteur intime de l\u2019humain avec l\u2019imaginaire et le spirituel.<\/span><\/p>\n\n\t\t<\/div>\n\t<\/div>\n<\/div><\/div><\/div><div class=\"wpb_column vc_column_container vc_col-sm-6\"><div class=\"vc_column-inner\"><div class=\"wpb_wrapper\">\n\t<div class=\"wpb_text_column wpb_content_element\" >\n\t\t<div class=\"wpb_wrapper\">\n\t\t\t<p>Ce programme collectif, co-\u00e9crit par Fr\u00e9d\u00e9ric Maurin et Ellinoa, Sylvaine H\u00e9lary, Gr\u00e9goire Letouvet, Le\u00efla Martial \u2013 quatre artistes aventureux parmi la fine fleur de la sc\u00e8ne jazz hexagonale actuelle \u2013 invite le spectateur \u00e0 suivre l\u2019orchestre dans un parcours construit autour de la notion de rituels quotidiens. Diff\u00e9rents tableaux sonores po\u00e9tiques qui \u00e9voquent le temps comme un \u00e9ternel retour.<br \/>\nL\u2019ensemble des pi\u00e8ces musicales du programme compose un monde contrast\u00e9, enrichi d\u2019une cr\u00e9ation vid\u00e9o de la r\u00e9alisatrice Mali Arun.<\/p>\n\n\t\t<\/div>\n\t<\/div>\n<div class=\"qodef-separator-holder clearfix  qodef-separator-left\">\n\t<div class=\"qodef-separator\" style=\"border-color: #000000;width: 22px;border-bottom-width: 3px;margin-top: 10px;margin-bottom: 20px\"><\/div>\n<\/div>\n\n    <span class=\"qodef-icon-shortcode normal qodef-icon-small\"  data-hover-color=\"#000000\" data-color=\"#999999\">\n                    <a href=\"http:\/\/www.facebook.com\/share.php?u=https:\/\/www.onj.org\/programme\/rituels\/\" target=\"_blank\">\n        \n        <i class=\"qodef-icon-font-awesome fa fa-facebook-f qodef-icon-element\" style=\"color: #999999\" ><\/i>\n                    <\/a>\n            <\/span>\n\n<\/div><\/div><\/div><\/div><\/div><div class=\"vc_empty_space\"   style=\"height: 32px\"><span class=\"vc_empty_space_inner\"><\/span><\/div><\/div><\/div><\/div><\/div><\/div><\/div><div class=\"vc_row wpb_row vc_row-fluid qodef-section vc_custom_1596118486522 qodef-content-aligment-left qodef-grid-section\" style=\"\"><div class=\"clearfix qodef-section-inner\"><div class=\"qodef-section-inner-margin clearfix\"><div class=\"wpb_column vc_column_container vc_col-sm-12\"><div class=\"vc_column-inner\"><div class=\"wpb_wrapper\">\n\t<div class=\"wpb_video_widget wpb_content_element vc_clearfix   vc_video-aspect-ratio-169 vc_video-el-width-100 vc_video-align-left\" >\n\t\t<div class=\"wpb_wrapper\">\n\t\t\t\n\t\t\t<div class=\"wpb_video_wrapper\"><iframe loading=\"lazy\" title=\"RITUELS Teaser\" width=\"500\" height=\"281\" src=\"https:\/\/www.youtube.com\/embed\/HbiPV17FgII?feature=oembed\" frameborder=\"0\" allow=\"accelerometer; autoplay; clipboard-write; encrypted-media; gyroscope; picture-in-picture; web-share\" referrerpolicy=\"strict-origin-when-cross-origin\" allowfullscreen><\/iframe><\/div>\n\t\t<\/div>\n\t<\/div>\n<div class=\"vc_empty_space\"   style=\"height: 32px\"><span class=\"vc_empty_space_inner\"><\/span><\/div><\/div><\/div><\/div><\/div><\/div><\/div>\n<\/div>","protected":false},"excerpt":{"rendered":"Rituels- Orchestre National de Jazz Cette c\u00e9l\u00e8bre formule du peintre Paul Klee, grand cr\u00e9ateur du XX\u00e8me si\u00e8cle et lui-m\u00eame musicien,...","protected":false},"author":1,"featured_media":9147,"parent":0,"menu_order":9,"comment_status":"closed","ping_status":"closed","template":"full-width.php","meta":{"footnotes":""},"tags":[616],"class_list":["post-9145","page","type-page","status-publish","has-post-thumbnail","hentry","tag-old"],"_links":{"self":[{"href":"https:\/\/leilamartial.com\/en\/wp-json\/wp\/v2\/pages\/9145","targetHints":{"allow":["GET"]}}],"collection":[{"href":"https:\/\/leilamartial.com\/en\/wp-json\/wp\/v2\/pages"}],"about":[{"href":"https:\/\/leilamartial.com\/en\/wp-json\/wp\/v2\/types\/page"}],"author":[{"embeddable":true,"href":"https:\/\/leilamartial.com\/en\/wp-json\/wp\/v2\/users\/1"}],"replies":[{"embeddable":true,"href":"https:\/\/leilamartial.com\/en\/wp-json\/wp\/v2\/comments?post=9145"}],"version-history":[{"count":6,"href":"https:\/\/leilamartial.com\/en\/wp-json\/wp\/v2\/pages\/9145\/revisions"}],"predecessor-version":[{"id":9412,"href":"https:\/\/leilamartial.com\/en\/wp-json\/wp\/v2\/pages\/9145\/revisions\/9412"}],"wp:featuredmedia":[{"embeddable":true,"href":"https:\/\/leilamartial.com\/en\/wp-json\/wp\/v2\/media\/9147"}],"wp:attachment":[{"href":"https:\/\/leilamartial.com\/en\/wp-json\/wp\/v2\/media?parent=9145"}],"wp:term":[{"taxonomy":"post_tag","embeddable":true,"href":"https:\/\/leilamartial.com\/en\/wp-json\/wp\/v2\/tags?post=9145"}],"curies":[{"name":"wp","href":"https:\/\/api.w.org\/{rel}","templated":true}]}}