{"id":8878,"date":"2019-01-06T20:27:54","date_gmt":"2019-01-06T18:27:54","guid":{"rendered":"http:\/\/leilamartial.com\/?page_id=8878"},"modified":"2023-01-10T01:22:16","modified_gmt":"2023-01-09T23:22:16","slug":"plastic","status":"publish","type":"page","link":"https:\/\/leilamartial.com\/en\/plastic\/","title":{"rendered":"Plastic"},"content":{"rendered":"<div class=\"wpb-content-wrapper\"><div class=\"vc_row wpb_row vc_row-fluid qodef-section qodef-content-aligment-left qodef-grid-section\" style=\"\"><div class=\"clearfix qodef-section-inner\"><div class=\"qodef-section-inner-margin clearfix\"><div class=\"wpb_column vc_column_container vc_col-sm-12\"><div class=\"vc_column-inner\"><div class=\"wpb_wrapper\">\n\t<div class=\"wpb_text_column wpb_content_element\" >\n\t\t<div class=\"wpb_wrapper\">\n\t\t\t<h2>Anne Pac\u00e9o 4tet<\/h2>\n\n\t\t<\/div>\n\t<\/div>\n<div class=\"qodef-separator-holder clearfix  qodef-separator-left\">\n\t<div class=\"qodef-separator\" style=\"border-color: #000000;width: 45px;border-bottom-width: 3px;margin-top: 28px;margin-bottom: 28px\"><\/div>\n<\/div>\n<div class=\"vc_row wpb_row vc_inner vc_row-fluid qodef-section qodef-content-aligment-left\" style=\"\"><div class=\"qodef-full-section-inner\"><div class=\"wpb_column vc_column_container vc_col-sm-6\"><div class=\"vc_column-inner\"><div class=\"wpb_wrapper\">\n\t<div class=\"wpb_text_column wpb_content_element\" >\n\t\t<div class=\"wpb_wrapper\">\n\t\t\t<p>Entre chansons et embard\u00e9es instrumentales, rythmiques telluriques et souffles libertaires, \u00abCircles\u00bb d\u00e9ploie un groove organique, po\u00e9tique et inspir\u00e9.<br \/>\nAnne Paceo s\u2019entoure de Leila Martial (voix), Emile Parisien (sax), et Tony Paeleman (claviers) et m\u00e8ne un groupe embl\u00e9matique d\u2019une nouvelle g\u00e9n\u00e9ration de musiciens, inventive et d\u00e9complex\u00e9e.<\/p>\n\n\t\t<\/div>\n\t<\/div>\n<\/div><\/div><\/div><div class=\"wpb_column vc_column_container vc_col-sm-6\"><div class=\"vc_column-inner\"><div class=\"wpb_wrapper\">\n\t<div class=\"wpb_text_column wpb_content_element\" >\n\t\t<div class=\"wpb_wrapper\">\n\t\t\t<p>Gr\u00e9goire Terrier : guitare<br \/>\nLe\u00efla Martial : voix<br \/>\nAlbert Fierr\u00e9 : \u00e9lectronique<\/p>\n\n\t\t<\/div>\n\t<\/div>\n<\/div><\/div><\/div><\/div><\/div><\/div><\/div><\/div><\/div><\/div><\/div><div class=\"vc_row wpb_row vc_row-fluid qodef-section vc_custom_1551779621215 qodef-content-aligment-left qodef-grid-section\" style=\"\"><div class=\"clearfix qodef-section-inner\"><div class=\"qodef-section-inner-margin clearfix\"><div class=\"wpb_column vc_column_container vc_col-sm-12\"><div class=\"vc_column-inner\"><div class=\"wpb_wrapper\"><div class=\"vc_row wpb_row vc_inner vc_row-fluid qodef-section qodef-content-aligment-left\" style=\"\"><div class=\"qodef-full-section-inner\"><div class=\"wpb_column vc_column_container vc_col-sm-6\"><div class=\"vc_column-inner\"><div class=\"wpb_wrapper\"><div class=\"qodef-album-disc qodef-animate-on-appear\">\n\t\t<div class=\"qodef-album-disc-inner\">\n\t\t<div class=\"qodef-album-disc-case-holder\">\n\t\t\t<img decoding=\"async\" class=\"qodef-album-disc-case\" src=\"https:\/\/leilamartial.com\/wp-content\/uploads\/2019\/03\/artworks-000148878515-ue2lnk-t500x500.jpg\" alt=\"artworks-000148878515-ue2lnk-t500x500\" \/>\n\t\t<\/div>\n\t\t<div class=\"qodef-album-disc-element\">\n\t\t\t<div class=\"qodef-album-disc-image-holder\">\n\t\t\t\t<div class=\"qodef-album-disc-image\" style=\"background-image:url()\">\n\t\t\t\t\t<span class=\"qodef-album-disc-border\" ><\/span>\n\t\t\t\t<\/div> \n\t\t\t<\/div>\t\t\t\n\t\t<\/div>\n\t<\/div>\n<\/div><\/div><\/div><\/div><div class=\"wpb_column vc_column_container vc_col-sm-6\"><div class=\"vc_column-inner\"><div class=\"wpb_wrapper\">\n\t<div class=\"wpb_text_column wpb_content_element\" >\n\t\t<div class=\"wpb_wrapper\">\n\t\t\t<h3>Playlist :<\/h3>\n\n\t\t<\/div>\n\t<\/div>\n<div class=\"qodef-separator-holder clearfix  qodef-separator-left\">\n\t<div class=\"qodef-separator\" style=\"border-color: #000000;width: 22px;border-bottom-width: 3px;margin-top: 28px;margin-bottom: 28px\"><\/div>\n<\/div>\n<div class=\"qodef-audio-playlist-holder\">\n    <iframe loading=\"lazy\" width=\"100%\" height=\"350\" scrolling=\"no\" frameborder=\"no\"\n            src=\"https:\/\/w.soundcloud.com\/player\/?url=https%3A\/\/api.soundcloud.com\/playlists\/200607114\"><\/iframe>\n<\/div>\n<\/div><\/div><\/div><\/div><\/div><div class=\"vc_empty_space\"   style=\"height: 100px\"><span class=\"vc_empty_space_inner\"><\/span><\/div><\/div><\/div><\/div><\/div><\/div><\/div><div class=\"vc_row wpb_row vc_row-fluid qodef-section vc_custom_1551783541538 qodef-content-aligment-left qodef-grid-section\" style=\"\"><div class=\"clearfix qodef-section-inner\"><div class=\"qodef-section-inner-margin clearfix\"><div class=\"wpb_column vc_column_container vc_col-sm-12\"><div class=\"vc_column-inner\"><div class=\"wpb_wrapper\">\n\t<div class=\"wpb_text_column wpb_content_element\" >\n\t\t<div class=\"wpb_wrapper\">\n\t\t\t<h2><span style=\"color: #ffffff;\">Videos<\/span><\/h2>\n\n\t\t<\/div>\n\t<\/div>\n<div class=\"qodef-separator-holder clearfix  qodef-separator-left\">\n\t<div class=\"qodef-separator\" style=\"border-color: #ffffff;width: 45px;border-bottom-width: 3px;margin-top: 28px;margin-bottom: 28px\"><\/div>\n<\/div>\n<div class=\"vc_tta-container vc_tta-o-non-responsive\" data-vc-action=\"collapse\"><div class=\"vc_general vc_tta vc_tta-tabs vc_tta-o-shape-group vc_tta-has-pagination vc_tta-o-no-fill vc_tta-tabs-position-top  vc_tta-pageable vc_custom_1551784055314\"><div class=\"vc_tta-panels-container\"><ul class=\"vc_general vc_pagination vc_pagination-style-outline vc_pagination-shape-round vc_pagination-color-white\"><li class=\"vc_pagination-item vc_active\" data-vc-tab><a href=\"#1551783307833-fc4b0e59-9f5b\" class=\"vc_pagination-trigger\" data-vc-tabs data-vc-container=\".vc_tta\"><\/a><\/li><\/ul><div class=\"vc_tta-panels\"><div  class=\"vc_tta-panel vc_active\" id=\"1551783307833-fc4b0e59-9f5b\" data-vc-content=\".vc_tta-panel-body\"><div class=\"vc_tta-panel-body\">\n\t\t\t<span class=\"vc_tta-panel-title\">\n\t\t\t\t<a  data-vc-container=\".vc_tta-container\" data-vc-accordion=\"\" data-vc-target=\"#1551783307833-fc4b0e59-9f5b\"><\/a>\n\t\t\t<\/span>\n\t\t\n\t<div class=\"wpb_video_widget wpb_content_element vc_clearfix   vc_video-aspect-ratio-169 vc_video-el-width-100 vc_video-align-center\" >\n\t\t<div class=\"wpb_wrapper\">\n\t\t\t\n\t\t\t<div class=\"wpb_video_wrapper\"><iframe loading=\"lazy\" title=\"Plastic - I will paint my child\" width=\"500\" height=\"281\" src=\"https:\/\/www.youtube.com\/embed\/MAL5ZeXDLks?feature=oembed\" frameborder=\"0\" allow=\"accelerometer; autoplay; clipboard-write; encrypted-media; gyroscope; picture-in-picture; web-share\" referrerpolicy=\"strict-origin-when-cross-origin\" allowfullscreen><\/iframe><\/div>\n\t\t<\/div>\n\t<\/div>\n<\/div><\/div><\/div><\/div><\/div><\/div><\/div><\/div><\/div><\/div><\/div><\/div>\n<\/div>","protected":false},"excerpt":{"rendered":"Anne Pac\u00e9o 4tet Entre chansons et embard\u00e9es instrumentales, rythmiques telluriques et souffles libertaires, \u00abCircles\u00bb d\u00e9ploie un groove organique, po\u00e9tique et...","protected":false},"author":1,"featured_media":8879,"parent":0,"menu_order":23,"comment_status":"closed","ping_status":"closed","template":"full-width.php","meta":{"footnotes":""},"tags":[616],"class_list":["post-8878","page","type-page","status-publish","has-post-thumbnail","hentry","tag-old"],"_links":{"self":[{"href":"https:\/\/leilamartial.com\/en\/wp-json\/wp\/v2\/pages\/8878","targetHints":{"allow":["GET"]}}],"collection":[{"href":"https:\/\/leilamartial.com\/en\/wp-json\/wp\/v2\/pages"}],"about":[{"href":"https:\/\/leilamartial.com\/en\/wp-json\/wp\/v2\/types\/page"}],"author":[{"embeddable":true,"href":"https:\/\/leilamartial.com\/en\/wp-json\/wp\/v2\/users\/1"}],"replies":[{"embeddable":true,"href":"https:\/\/leilamartial.com\/en\/wp-json\/wp\/v2\/comments?post=8878"}],"version-history":[{"count":12,"href":"https:\/\/leilamartial.com\/en\/wp-json\/wp\/v2\/pages\/8878\/revisions"}],"predecessor-version":[{"id":9523,"href":"https:\/\/leilamartial.com\/en\/wp-json\/wp\/v2\/pages\/8878\/revisions\/9523"}],"wp:featuredmedia":[{"embeddable":true,"href":"https:\/\/leilamartial.com\/en\/wp-json\/wp\/v2\/media\/8879"}],"wp:attachment":[{"href":"https:\/\/leilamartial.com\/en\/wp-json\/wp\/v2\/media?parent=8878"}],"wp:term":[{"taxonomy":"post_tag","embeddable":true,"href":"https:\/\/leilamartial.com\/en\/wp-json\/wp\/v2\/tags?post=8878"}],"curies":[{"name":"wp","href":"https:\/\/api.w.org\/{rel}","templated":true}]}}