{"id":8873,"date":"2019-03-06T20:13:43","date_gmt":"2019-03-06T18:13:43","guid":{"rendered":"http:\/\/leilamartial.com\/?page_id=8873"},"modified":"2023-01-10T01:22:15","modified_gmt":"2023-01-09T23:22:15","slug":"circles-2","status":"publish","type":"page","link":"https:\/\/leilamartial.com\/en\/circles-2\/","title":{"rendered":"Circles"},"content":{"rendered":"<div class=\"wpb-content-wrapper\"><div class=\"vc_row wpb_row vc_row-fluid qodef-section qodef-content-aligment-left qodef-grid-section\" style=\"\"><div class=\"clearfix qodef-section-inner\"><div class=\"qodef-section-inner-margin clearfix\"><div class=\"wpb_column vc_column_container vc_col-sm-12\"><div class=\"vc_column-inner\"><div class=\"wpb_wrapper\">\n\t<div class=\"wpb_text_column wpb_content_element\" >\n\t\t<div class=\"wpb_wrapper\">\n\t\t\t<h2>Anne Pac\u00e9o 4tet<\/h2>\n\n\t\t<\/div>\n\t<\/div>\n<div class=\"qodef-separator-holder clearfix  qodef-separator-left\">\n\t<div class=\"qodef-separator\" style=\"border-color: #000000;width: 45px;border-bottom-width: 3px;margin-top: 28px;margin-bottom: 28px\"><\/div>\n<\/div>\n<div class=\"vc_row wpb_row vc_inner vc_row-fluid qodef-section qodef-content-aligment-left\" style=\"\"><div class=\"qodef-full-section-inner\"><div class=\"wpb_column vc_column_container vc_col-sm-6\"><div class=\"vc_column-inner\"><div class=\"wpb_wrapper\">\n\t<div class=\"wpb_text_column wpb_content_element\" >\n\t\t<div class=\"wpb_wrapper\">\n\t\t\t<p>Entre chansons et embard\u00e9es instrumentales, rythmiques telluriques et souffles libertaires, \u00abCircles\u00bb d\u00e9ploie un groove organique, po\u00e9tique et inspir\u00e9.<br \/>\nAnne Paceo s\u2019entoure de Leila Martial (voix), Emile Parisien (sax), et Tony Paeleman (claviers) et m\u00e8ne un groupe embl\u00e9matique d\u2019une nouvelle g\u00e9n\u00e9ration de musiciens, inventive et d\u00e9complex\u00e9e.<\/p>\n\n\t\t<\/div>\n\t<\/div>\n\n\t<div class=\"wpb_text_column wpb_content_element\" >\n\t\t<div class=\"wpb_wrapper\">\n\t\t\t<p><a href=\"http:\/\/annepaceo.com\/fr\/circles\/\">http:\/\/annepaceo.com<\/a><\/p>\n\n\t\t<\/div>\n\t<\/div>\n<\/div><\/div><\/div><div class=\"wpb_column vc_column_container vc_col-sm-6\"><div class=\"vc_column-inner\"><div class=\"wpb_wrapper\">\n\t<div class=\"wpb_text_column wpb_content_element\" >\n\t\t<div class=\"wpb_wrapper\">\n\t\t\t<p>Anne Pac\u00e9o : batterie\/voix\/composition<br \/>\nEmile Parisien ou Christophe Panzani : saxophones<br \/>\nTony Paeleman : claviers<br \/>\nLe\u00efla Martial : voix<\/p>\n\n\t\t<\/div>\n\t<\/div>\n<\/div><\/div><\/div><\/div><\/div><\/div><\/div><\/div><\/div><\/div><\/div><div class=\"vc_row wpb_row vc_row-fluid qodef-section vc_custom_1551779621215 qodef-content-aligment-left qodef-grid-section\" style=\"\"><div class=\"clearfix qodef-section-inner\"><div class=\"qodef-section-inner-margin clearfix\"><div class=\"wpb_column vc_column_container vc_col-sm-12\"><div class=\"vc_column-inner\"><div class=\"wpb_wrapper\"><div class=\"vc_row wpb_row vc_inner vc_row-fluid qodef-section qodef-content-aligment-left\" style=\"\"><div class=\"qodef-full-section-inner\"><div class=\"wpb_column vc_column_container vc_col-sm-6\"><div class=\"vc_column-inner\"><div class=\"wpb_wrapper\"><div class=\"qodef-album-disc qodef-animate-on-appear\">\n\t\t<div class=\"qodef-album-disc-inner\">\n\t\t<div class=\"qodef-album-disc-case-holder\">\n\t\t\t<img decoding=\"async\" class=\"qodef-album-disc-case\" src=\"https:\/\/leilamartial.com\/wp-content\/uploads\/2019\/03\/anne-paceo-couv-circles-585.png\" alt=\"Circles couverture\" \/>\n\t\t<\/div>\n\t\t<div class=\"qodef-album-disc-element\">\n\t\t\t<div class=\"qodef-album-disc-image-holder\">\n\t\t\t\t<div class=\"qodef-album-disc-image\" style=\"background-image:url()\">\n\t\t\t\t\t<span class=\"qodef-album-disc-border\" ><\/span>\n\t\t\t\t<\/div> \n\t\t\t<\/div>\t\t\t\n\t\t<\/div>\n\t<\/div>\n<\/div><\/div><\/div><\/div><div class=\"wpb_column vc_column_container vc_col-sm-6\"><div class=\"vc_column-inner\"><div class=\"wpb_wrapper\">\n\t<div class=\"wpb_text_column wpb_content_element\" >\n\t\t<div class=\"wpb_wrapper\">\n\t\t\t<h3>\u00c0 propos :<\/h3>\n\n\t\t<\/div>\n\t<\/div>\n<div class=\"qodef-separator-holder clearfix  qodef-separator-left\">\n\t<div class=\"qodef-separator\" style=\"border-color: #000000;width: 22px;border-bottom-width: 3px;margin-top: 28px;margin-bottom: 28px\"><\/div>\n<\/div>\n\n\t<div class=\"wpb_text_column wpb_content_element vc_custom_1551900793660\" >\n\t\t<div class=\"wpb_wrapper\">\n\t\t\t<p><span style=\"color: #000000;\">Date de sortie :<\/span> 2016<br \/>\n<span style=\"color: #000000;\">Label :<\/span> Laborie Jazz<\/p>\n\n\t\t<\/div>\n\t<\/div>\n<div class=\"qodef-audio-playlist-holder\">\n    <iframe loading=\"lazy\" width=\"100%\" height=\"350\" scrolling=\"no\" frameborder=\"no\"\n            src=\"https:\/\/w.soundcloud.com\/player\/?url=https%3A\/\/api.soundcloud.com\/playlists\/145748125\"><\/iframe>\n<\/div>\n<\/div><\/div><\/div><\/div><\/div><div class=\"vc_empty_space\"   style=\"height: 100px\"><span class=\"vc_empty_space_inner\"><\/span><\/div><\/div><\/div><\/div><\/div><\/div><\/div><div class=\"vc_row wpb_row vc_row-fluid qodef-section vc_custom_1551783541538 qodef-content-aligment-left qodef-grid-section\" style=\"\"><div class=\"clearfix qodef-section-inner\"><div class=\"qodef-section-inner-margin clearfix\"><div class=\"wpb_column vc_column_container vc_col-sm-12\"><div class=\"vc_column-inner\"><div class=\"wpb_wrapper\">\n\t<div class=\"wpb_text_column wpb_content_element\" >\n\t\t<div class=\"wpb_wrapper\">\n\t\t\t<h2><span style=\"color: #ffffff;\">Vid\u00e9os<\/span><\/h2>\n\n\t\t<\/div>\n\t<\/div>\n<div class=\"qodef-separator-holder clearfix  qodef-separator-left\">\n\t<div class=\"qodef-separator\" style=\"border-color: #ffffff;width: 45px;border-bottom-width: 3px;margin-top: 28px;margin-bottom: 28px\"><\/div>\n<\/div>\n<div class=\"vc_tta-container vc_tta-o-non-responsive\" data-vc-action=\"collapse\"><div class=\"vc_general vc_tta vc_tta-tabs vc_tta-o-shape-group vc_tta-has-pagination vc_tta-o-no-fill vc_tta-tabs-position-top  vc_tta-pageable vc_custom_1551784055314\"><div class=\"vc_tta-panels-container\"><ul class=\"vc_general vc_pagination vc_pagination-style-outline vc_pagination-shape-round vc_pagination-color-white\"><li class=\"vc_pagination-item vc_active\" data-vc-tab><a href=\"#1552483925948-d8fe7b72-7cb4\" class=\"vc_pagination-trigger\" data-vc-tabs data-vc-container=\".vc_tta\"><\/a><\/li><li class=\"vc_pagination-item\" data-vc-tab><a href=\"#1551783307833-fc4b0e59-9f5b\" class=\"vc_pagination-trigger\" data-vc-tabs data-vc-container=\".vc_tta\"><\/a><\/li><\/ul><div class=\"vc_tta-panels\"><div  class=\"vc_tta-panel vc_active\" id=\"1552483925948-d8fe7b72-7cb4\" data-vc-content=\".vc_tta-panel-body\"><div class=\"vc_tta-panel-body\">\n\t\t\t<span class=\"vc_tta-panel-title\">\n\t\t\t\t<a  data-vc-container=\".vc_tta-container\" data-vc-accordion=\"\" data-vc-target=\"#1552483925948-d8fe7b72-7cb4\"><\/a>\n\t\t\t<\/span>\n\t\t\n\t<div class=\"wpb_video_widget wpb_content_element vc_clearfix   vc_video-aspect-ratio-169 vc_video-el-width-100 vc_video-align-left\" >\n\t\t<div class=\"wpb_wrapper\">\n\t\t\t\n\t\t\t<div class=\"wpb_video_wrapper\"><iframe loading=\"lazy\" title=\"Anne Paceo &quot;Toundra&quot; @Jazz_in_Marciac 2017\" width=\"500\" height=\"281\" src=\"https:\/\/www.youtube.com\/embed\/byv8tS_19-k?feature=oembed\" frameborder=\"0\" allow=\"accelerometer; autoplay; clipboard-write; encrypted-media; gyroscope; picture-in-picture; web-share\" referrerpolicy=\"strict-origin-when-cross-origin\" allowfullscreen><\/iframe><\/div>\n\t\t<\/div>\n\t<\/div>\n<\/div><\/div><div  class=\"vc_tta-panel\" id=\"1551783307833-fc4b0e59-9f5b\" data-vc-content=\".vc_tta-panel-body\"><div class=\"vc_tta-panel-body\">\n\t\t\t<span class=\"vc_tta-panel-title\">\n\t\t\t\t<a  data-vc-container=\".vc_tta-container\" data-vc-accordion=\"\" data-vc-target=\"#1551783307833-fc4b0e59-9f5b\"><\/a>\n\t\t\t<\/span>\n\t\t\n\t<div class=\"wpb_video_widget wpb_content_element vc_clearfix   vc_video-aspect-ratio-169 vc_video-el-width-100 vc_video-align-center\" >\n\t\t<div class=\"wpb_wrapper\">\n\t\t\t\n\t\t\t<div class=\"wpb_video_wrapper\"><iframe loading=\"lazy\" title=\"Anne Paceo Circles \/ Live @ Jazz in Marciac \/ &quot;Myanmar folk song&quot;\" width=\"500\" height=\"281\" src=\"https:\/\/www.youtube.com\/embed\/1RzlTqdoOSQ?feature=oembed\" frameborder=\"0\" allow=\"accelerometer; autoplay; clipboard-write; encrypted-media; gyroscope; picture-in-picture; web-share\" referrerpolicy=\"strict-origin-when-cross-origin\" allowfullscreen><\/iframe><\/div>\n\t\t<\/div>\n\t<\/div>\n<\/div><\/div><\/div><\/div><\/div><\/div><\/div><\/div><\/div><\/div><\/div><\/div><div class=\"vc_row wpb_row vc_row-fluid qodef-section qodef-content-aligment-left\" style=\"\"><div class=\"clearfix qodef-full-section-inner\"><div class=\"wpb_column vc_column_container vc_col-sm-12\"><div class=\"vc_column-inner\"><div class=\"wpb_wrapper\"><div class=\"qodef-image-gallery-masonry\">\n\t<div class=\"qodef-image-masonry-grid-sizer\"><\/div>\n\t\t\t<div class=\"qodef-gallery-image qodef-size-square\">\n\t\t\t<div class=\"qodef-gallery-image-inner\">\n\t\t\t\t\t\t\t\t<a href=\"https:\/\/leilamartial.com\/wp-content\/uploads\/2019\/03\/26173145_10211190952504819_2455890691237791905_o-550x550.jpg\" data-rel=\"prettyPhoto[single_pretty_photo]\" title=\"26173145_10211190952504819_2455890691237791905_o\">\n\t\t\t\t\t\t\t\t\t\t\t<img loading=\"lazy\" decoding=\"async\" width=\"550\" height=\"550\" src=\"https:\/\/leilamartial.com\/wp-content\/uploads\/2019\/03\/26173145_10211190952504819_2455890691237791905_o-550x550.jpg\" class=\"attachment-mixtape_qodef_square size-mixtape_qodef_square\" alt=\"\" srcset=\"https:\/\/leilamartial.com\/wp-content\/uploads\/2019\/03\/26173145_10211190952504819_2455890691237791905_o-550x550.jpg 550w, https:\/\/leilamartial.com\/wp-content\/uploads\/2019\/03\/26173145_10211190952504819_2455890691237791905_o-1000x1000.jpg 1000w\" sizes=\"auto, (max-width: 550px) 100vw, 550px\" \/>\t\t\t\t\t\t\t\t\t<\/a>\n\t\t\t\t\t\t<\/div>\n\t\t<\/div>\n\t\t\t<div class=\"qodef-gallery-image qodef-size-portrait\">\n\t\t\t<div class=\"qodef-gallery-image-inner\">\n\t\t\t\t\t\t\t\t<a href=\"https:\/\/leilamartial.com\/wp-content\/uploads\/2019\/03\/26173729_10211190955064883_5582173297945350330_o-500x1000.jpg\" data-rel=\"prettyPhoto[single_pretty_photo]\" title=\"26173729_10211190955064883_5582173297945350330_o\">\n\t\t\t\t\t\t\t\t\t\t\t<img loading=\"lazy\" decoding=\"async\" width=\"500\" height=\"1000\" src=\"https:\/\/leilamartial.com\/wp-content\/uploads\/2019\/03\/26173729_10211190955064883_5582173297945350330_o-500x1000.jpg\" class=\"attachment-mixtape_qodef_large_height size-mixtape_qodef_large_height\" alt=\"\" \/>\t\t\t\t\t\t\t\t\t<\/a>\n\t\t\t\t\t\t<\/div>\n\t\t<\/div>\n\t\t\t<div class=\"qodef-gallery-image qodef-size-landscape\">\n\t\t\t<div class=\"qodef-gallery-image-inner\">\n\t\t\t\t\t\t\t\t<a href=\"https:\/\/leilamartial.com\/wp-content\/uploads\/2019\/03\/19402253_1403222596422976_1000939612577856968_o-1000x500.jpg\" data-rel=\"prettyPhoto[single_pretty_photo]\" title=\"19402253_1403222596422976_1000939612577856968_o\">\n\t\t\t\t\t\t\t\t\t\t\t<img loading=\"lazy\" decoding=\"async\" width=\"1000\" height=\"500\" src=\"https:\/\/leilamartial.com\/wp-content\/uploads\/2019\/03\/19402253_1403222596422976_1000939612577856968_o-1000x500.jpg\" class=\"attachment-mixtape_qodef_large_width size-mixtape_qodef_large_width\" alt=\"\" \/>\t\t\t\t\t\t\t\t\t<\/a>\n\t\t\t\t\t\t<\/div>\n\t\t<\/div>\n\t\t\t<div class=\"qodef-gallery-image qodef-size-square\">\n\t\t\t<div class=\"qodef-gallery-image-inner\">\n\t\t\t\t\t\t\t\t<a href=\"https:\/\/leilamartial.com\/wp-content\/uploads\/2019\/03\/27174038_1802368966440387_530744985856289328_o-550x550.jpg\" data-rel=\"prettyPhoto[single_pretty_photo]\" title=\"27174038_1802368966440387_530744985856289328_o\">\n\t\t\t\t\t\t\t\t\t\t\t<img loading=\"lazy\" decoding=\"async\" width=\"550\" height=\"550\" src=\"https:\/\/leilamartial.com\/wp-content\/uploads\/2019\/03\/27174038_1802368966440387_530744985856289328_o-550x550.jpg\" class=\"attachment-mixtape_qodef_square size-mixtape_qodef_square\" alt=\"\" srcset=\"https:\/\/leilamartial.com\/wp-content\/uploads\/2019\/03\/27174038_1802368966440387_530744985856289328_o-550x550.jpg 550w, https:\/\/leilamartial.com\/wp-content\/uploads\/2019\/03\/27174038_1802368966440387_530744985856289328_o-1000x1000.jpg 1000w\" sizes=\"auto, (max-width: 550px) 100vw, 550px\" \/>\t\t\t\t\t\t\t\t\t<\/a>\n\t\t\t\t\t\t<\/div>\n\t\t<\/div>\n\t\t\t<div class=\"qodef-gallery-image qodef-size-square\">\n\t\t\t<div class=\"qodef-gallery-image-inner\">\n\t\t\t\t\t\t\t\t<a href=\"https:\/\/leilamartial.com\/wp-content\/uploads\/2019\/03\/27368758_1802367899773827_7972898779800437594_o-550x550.jpg\" data-rel=\"prettyPhoto[single_pretty_photo]\" title=\"27368758_1802367899773827_7972898779800437594_o\">\n\t\t\t\t\t\t\t\t\t\t\t<img loading=\"lazy\" decoding=\"async\" width=\"550\" height=\"550\" src=\"https:\/\/leilamartial.com\/wp-content\/uploads\/2019\/03\/27368758_1802367899773827_7972898779800437594_o-550x550.jpg\" class=\"attachment-mixtape_qodef_square size-mixtape_qodef_square\" alt=\"\" srcset=\"https:\/\/leilamartial.com\/wp-content\/uploads\/2019\/03\/27368758_1802367899773827_7972898779800437594_o-550x550.jpg 550w, https:\/\/leilamartial.com\/wp-content\/uploads\/2019\/03\/27368758_1802367899773827_7972898779800437594_o-1000x1000.jpg 1000w\" sizes=\"auto, (max-width: 550px) 100vw, 550px\" \/>\t\t\t\t\t\t\t\t\t<\/a>\n\t\t\t\t\t\t<\/div>\n\t\t<\/div>\n\t\t\t<div class=\"qodef-gallery-image qodef-size-landscape\">\n\t\t\t<div class=\"qodef-gallery-image-inner\">\n\t\t\t\t\t\t\t\t<a href=\"https:\/\/leilamartial.com\/wp-content\/uploads\/2019\/03\/27500231_1802368576440426_2144226286230909759_o-1000x500.jpg\" data-rel=\"prettyPhoto[single_pretty_photo]\" title=\"27500231_1802368576440426_2144226286230909759_o\">\n\t\t\t\t\t\t\t\t\t\t\t<img loading=\"lazy\" decoding=\"async\" width=\"1000\" height=\"500\" src=\"https:\/\/leilamartial.com\/wp-content\/uploads\/2019\/03\/27500231_1802368576440426_2144226286230909759_o-1000x500.jpg\" class=\"attachment-mixtape_qodef_large_width size-mixtape_qodef_large_width\" alt=\"\" \/>\t\t\t\t\t\t\t\t\t<\/a>\n\t\t\t\t\t\t<\/div>\n\t\t<\/div>\n\t\t\t<div class=\"qodef-gallery-image qodef-size-portrait\">\n\t\t\t<div class=\"qodef-gallery-image-inner\">\n\t\t\t\t\t\t\t\t<a href=\"https:\/\/leilamartial.com\/wp-content\/uploads\/2019\/03\/14955847_10210642638317249_6525086688762870109_n-500x800.jpg\" data-rel=\"prettyPhoto[single_pretty_photo]\" title=\"14955847_10210642638317249_6525086688762870109_n\">\n\t\t\t\t\t\t\t\t\t\t\t<img loading=\"lazy\" decoding=\"async\" width=\"500\" height=\"800\" src=\"https:\/\/leilamartial.com\/wp-content\/uploads\/2019\/03\/14955847_10210642638317249_6525086688762870109_n-500x800.jpg\" class=\"attachment-mixtape_qodef_large_height size-mixtape_qodef_large_height\" alt=\"\" \/>\t\t\t\t\t\t\t\t\t<\/a>\n\t\t\t\t\t\t<\/div>\n\t\t<\/div>\n\t\t\t<div class=\"qodef-gallery-image qodef-size-square\">\n\t\t\t<div class=\"qodef-gallery-image-inner\">\n\t\t\t\t\t\t\t\t<a href=\"https:\/\/leilamartial.com\/wp-content\/uploads\/2019\/03\/15194358_10207574543868877_564559170071259881_o-550x550.jpg\" data-rel=\"prettyPhoto[single_pretty_photo]\" title=\"15194358_10207574543868877_564559170071259881_o\">\n\t\t\t\t\t\t\t\t\t\t\t<img loading=\"lazy\" decoding=\"async\" width=\"550\" height=\"550\" src=\"https:\/\/leilamartial.com\/wp-content\/uploads\/2019\/03\/15194358_10207574543868877_564559170071259881_o-550x550.jpg\" class=\"attachment-mixtape_qodef_square size-mixtape_qodef_square\" alt=\"\" \/>\t\t\t\t\t\t\t\t\t<\/a>\n\t\t\t\t\t\t<\/div>\n\t\t<\/div>\n\t\t\t<div class=\"qodef-gallery-image qodef-size-big-square\">\n\t\t\t<div class=\"qodef-gallery-image-inner\">\n\t\t\t\t\t\t\t\t<a href=\"https:\/\/leilamartial.com\/wp-content\/uploads\/2019\/03\/15936483_1566089140087021_1000013418524144058_o-1000x1000.jpg\" data-rel=\"prettyPhoto[single_pretty_photo]\" title=\"15936483_1566089140087021_1000013418524144058_o\">\n\t\t\t\t\t\t\t\t\t\t\t<img loading=\"lazy\" decoding=\"async\" width=\"1000\" height=\"1000\" src=\"https:\/\/leilamartial.com\/wp-content\/uploads\/2019\/03\/15936483_1566089140087021_1000013418524144058_o-1000x1000.jpg\" class=\"attachment-mixtape_qodef_large_width_height size-mixtape_qodef_large_width_height\" alt=\"\" srcset=\"https:\/\/leilamartial.com\/wp-content\/uploads\/2019\/03\/15936483_1566089140087021_1000013418524144058_o-1000x1000.jpg 1000w, https:\/\/leilamartial.com\/wp-content\/uploads\/2019\/03\/15936483_1566089140087021_1000013418524144058_o-550x550.jpg 550w\" sizes=\"auto, (max-width: 1000px) 100vw, 1000px\" \/>\t\t\t\t\t\t\t\t\t<\/a>\n\t\t\t\t\t\t<\/div>\n\t\t<\/div>\n\t\t\t<div class=\"qodef-gallery-image qodef-size-big-square\">\n\t\t\t<div class=\"qodef-gallery-image-inner\">\n\t\t\t\t\t\t\t\t<a href=\"https:\/\/leilamartial.com\/wp-content\/uploads\/2019\/03\/16112715_781624891985230_5646189025312452648_o-851x1000.jpg\" data-rel=\"prettyPhoto[single_pretty_photo]\" title=\"16112715_781624891985230_5646189025312452648_o\">\n\t\t\t\t\t\t\t\t\t\t\t<img loading=\"lazy\" decoding=\"async\" width=\"851\" height=\"1000\" src=\"https:\/\/leilamartial.com\/wp-content\/uploads\/2019\/03\/16112715_781624891985230_5646189025312452648_o-851x1000.jpg\" class=\"attachment-mixtape_qodef_large_width_height size-mixtape_qodef_large_width_height\" alt=\"\" \/>\t\t\t\t\t\t\t\t\t<\/a>\n\t\t\t\t\t\t<\/div>\n\t\t<\/div>\n\t\t\t<div class=\"qodef-gallery-image qodef-size-landscape\">\n\t\t\t<div class=\"qodef-gallery-image-inner\">\n\t\t\t\t\t\t\t\t<a href=\"https:\/\/leilamartial.com\/wp-content\/uploads\/2019\/03\/19400421_1403238433088059_5270777948179185414_o-1000x500.jpg\" data-rel=\"prettyPhoto[single_pretty_photo]\" title=\"19400421_1403238433088059_5270777948179185414_o\">\n\t\t\t\t\t\t\t\t\t\t\t<img loading=\"lazy\" decoding=\"async\" width=\"1000\" height=\"500\" src=\"https:\/\/leilamartial.com\/wp-content\/uploads\/2019\/03\/19400421_1403238433088059_5270777948179185414_o-1000x500.jpg\" class=\"attachment-mixtape_qodef_large_width size-mixtape_qodef_large_width\" alt=\"\" \/>\t\t\t\t\t\t\t\t\t<\/a>\n\t\t\t\t\t\t<\/div>\n\t\t<\/div>\n\t\t\t<div class=\"qodef-gallery-image qodef-size-landscape\">\n\t\t\t<div class=\"qodef-gallery-image-inner\">\n\t\t\t\t\t\t\t\t<a href=\"https:\/\/leilamartial.com\/wp-content\/uploads\/2019\/03\/20369558_1491857010857237_4304464704440842371_o-1000x500.jpg\" data-rel=\"prettyPhoto[single_pretty_photo]\" title=\"20369558_1491857010857237_4304464704440842371_o\">\n\t\t\t\t\t\t\t\t\t\t\t<img loading=\"lazy\" decoding=\"async\" width=\"1000\" height=\"500\" src=\"https:\/\/leilamartial.com\/wp-content\/uploads\/2019\/03\/20369558_1491857010857237_4304464704440842371_o-1000x500.jpg\" class=\"attachment-mixtape_qodef_large_width size-mixtape_qodef_large_width\" alt=\"\" \/>\t\t\t\t\t\t\t\t\t<\/a>\n\t\t\t\t\t\t<\/div>\n\t\t<\/div>\n\t<\/div><\/div><\/div><\/div><\/div><\/div>\n<\/div>","protected":false},"excerpt":{"rendered":"Anne Pac\u00e9o 4tet Entre chansons et embard\u00e9es instrumentales, rythmiques telluriques et souffles libertaires, \u00abCircles\u00bb d\u00e9ploie un groove organique, po\u00e9tique et...","protected":false},"author":1,"featured_media":8874,"parent":0,"menu_order":17,"comment_status":"closed","ping_status":"closed","template":"full-width.php","meta":{"footnotes":""},"tags":[616],"class_list":["post-8873","page","type-page","status-publish","has-post-thumbnail","hentry","tag-old"],"_links":{"self":[{"href":"https:\/\/leilamartial.com\/en\/wp-json\/wp\/v2\/pages\/8873","targetHints":{"allow":["GET"]}}],"collection":[{"href":"https:\/\/leilamartial.com\/en\/wp-json\/wp\/v2\/pages"}],"about":[{"href":"https:\/\/leilamartial.com\/en\/wp-json\/wp\/v2\/types\/page"}],"author":[{"embeddable":true,"href":"https:\/\/leilamartial.com\/en\/wp-json\/wp\/v2\/users\/1"}],"replies":[{"embeddable":true,"href":"https:\/\/leilamartial.com\/en\/wp-json\/wp\/v2\/comments?post=8873"}],"version-history":[{"count":12,"href":"https:\/\/leilamartial.com\/en\/wp-json\/wp\/v2\/pages\/8873\/revisions"}],"predecessor-version":[{"id":9522,"href":"https:\/\/leilamartial.com\/en\/wp-json\/wp\/v2\/pages\/8873\/revisions\/9522"}],"wp:featuredmedia":[{"embeddable":true,"href":"https:\/\/leilamartial.com\/en\/wp-json\/wp\/v2\/media\/8874"}],"wp:attachment":[{"href":"https:\/\/leilamartial.com\/en\/wp-json\/wp\/v2\/media?parent=8873"}],"wp:term":[{"taxonomy":"post_tag","embeddable":true,"href":"https:\/\/leilamartial.com\/en\/wp-json\/wp\/v2\/tags?post=8873"}],"curies":[{"name":"wp","href":"https:\/\/api.w.org\/{rel}","templated":true}]}}