{"id":8773,"date":"2019-03-05T17:33:29","date_gmt":"2019-03-05T15:33:29","guid":{"rendered":"http:\/\/leilamartial.com\/?page_id=8773"},"modified":"2023-01-10T01:22:15","modified_gmt":"2023-01-09T23:22:15","slug":"maria-chiara-argiro","status":"publish","type":"page","link":"https:\/\/leilamartial.com\/en\/maria-chiara-argiro\/","title":{"rendered":"Maria Chiara Argiro"},"content":{"rendered":"<div class=\"wpb-content-wrapper\"><div class=\"vc_row wpb_row vc_row-fluid qodef-section qodef-content-aligment-left qodef-grid-section\" style=\"\"><div class=\"clearfix qodef-section-inner\"><div class=\"qodef-section-inner-margin clearfix\"><div class=\"wpb_column vc_column_container vc_col-sm-12\"><div class=\"vc_column-inner\"><div class=\"wpb_wrapper\">\n\t<div class=\"wpb_text_column wpb_content_element\" >\n\t\t<div class=\"wpb_wrapper\">\n\t\t\t<h2>MARIA CHIARA ARGIRO 6TET<\/h2>\n\n\t\t<\/div>\n\t<\/div>\n<div class=\"qodef-separator-holder clearfix  qodef-separator-left\">\n\t<div class=\"qodef-separator\" style=\"border-color: #000000;width: 45px;border-bottom-width: 3px;margin-top: 28px;margin-bottom: 28px\"><\/div>\n<\/div>\n<div class=\"vc_row wpb_row vc_inner vc_row-fluid qodef-section qodef-content-aligment-left\" style=\"\"><div class=\"qodef-full-section-inner\"><div class=\"wpb_column vc_column_container vc_col-sm-6\"><div class=\"vc_column-inner\"><div class=\"wpb_wrapper\">\n\t<div class=\"wpb_text_column wpb_content_element vc_custom_1551888889889\" >\n\t\t<div class=\"wpb_wrapper\">\n\t\t\t<p>Ce 6tet dirig\u00e9 par la pianiste italienne Maria Chiara Argiro est bas\u00e9 \u00e0 Londres. Il dispense un jazz subtil, \u00e9pur\u00e9 et organique \u00e0 la fois. La part belle est faite aux m\u00e9lodies et aux longs d\u00e9veloppements collectifs.<\/p>\n\n\t\t<\/div>\n\t<\/div>\n<div class=\"qodef-iwt clearfix qodef-iwt-icon-left qodef-iwt-icon-small\">\n    <div class=\"qodef-iwt-icon-holder\">\n                    \n    <span class=\"qodef-icon-shortcode normal qodef-icon-small\" style=\"margin: 0\" data-hover-color=\"#848484\" data-color=\"#ced4da\">\n                    <a href=\"http:\/\/www.mariachiaramusic.com\/\" target=\"_blank\">\n        \n        <i class=\"qodef-icon-font-awesome fa fa-address-card-o qodef-icon-element\" style=\"color: #ced4da\" ><\/i>\n                    <\/a>\n            <\/span>\n\n            <\/div>\n    <div class=\"qodef-iwt-content-holder\" >\n        <div class=\"qodef-iwt-title-holder\">\n            <h5 >http:\/\/www.mariachiaramusic.com\/<\/h5>\n        <\/div>\n        <div class=\"qodef-iwt-text-holder\">\n            <p ><\/p>\n\n                    <\/div>\n    <\/div>\n<\/div><\/div><\/div><\/div><div class=\"wpb_column vc_column_container vc_col-sm-6\"><div class=\"vc_column-inner\"><div class=\"wpb_wrapper\">\n\t<div class=\"wpb_text_column wpb_content_element\" >\n\t\t<div class=\"wpb_wrapper\">\n\t\t\t<p>Maria Chiara Argiro (piano)<br \/>\nAndrea Di Biase (Double bass)<br \/>\nTal Janes (Guitar)<br \/>\nSam Rapley (T\u00e9nor Sax)<br \/>\nGaspar Sena (Drums)<br \/>\nLe\u00efla Martial (voix)<\/p>\n\n\t\t<\/div>\n\t<\/div>\n<\/div><\/div><\/div><\/div><\/div><\/div><\/div><\/div><\/div><\/div><\/div><div class=\"vc_row wpb_row vc_row-fluid qodef-section vc_custom_1551779621215 qodef-content-aligment-left qodef-grid-section\" style=\"\"><div class=\"clearfix qodef-section-inner\"><div class=\"qodef-section-inner-margin clearfix\"><div class=\"wpb_column vc_column_container vc_col-sm-12\"><div class=\"vc_column-inner\"><div class=\"wpb_wrapper\"><div class=\"vc_row wpb_row vc_inner vc_row-fluid qodef-section qodef-content-aligment-left\" style=\"\"><div class=\"qodef-full-section-inner\"><div class=\"wpb_column vc_column_container vc_col-sm-6\"><div class=\"vc_column-inner\"><div class=\"wpb_wrapper\"><div class=\"qodef-album-disc qodef-animate-on-appear\">\n\t\t<div class=\"qodef-album-disc-inner\">\n\t\t<div class=\"qodef-album-disc-case-holder\">\n\t\t\t<img decoding=\"async\" class=\"qodef-album-disc-case\" src=\"https:\/\/leilamartial.com\/wp-content\/uploads\/2015\/06\/513-Maria-Chiara-Argiro.jpg\" alt=\"Digipack &#8211; Artwork\" \/>\n\t\t<\/div>\n\t\t<div class=\"qodef-album-disc-element\">\n\t\t\t<div class=\"qodef-album-disc-image-holder\">\n\t\t\t\t<div class=\"qodef-album-disc-image\" style=\"background-image:url()\">\n\t\t\t\t\t<span class=\"qodef-album-disc-border\" ><\/span>\n\t\t\t\t<\/div> \n\t\t\t<\/div>\t\t\t\n\t\t<\/div>\n\t<\/div>\n<\/div><\/div><\/div><\/div><div class=\"wpb_column vc_column_container vc_col-sm-6\"><div class=\"vc_column-inner\"><div class=\"wpb_wrapper\">\n\t<div class=\"wpb_text_column wpb_content_element\" >\n\t\t<div class=\"wpb_wrapper\">\n\t\t\t<h3>\u00c0 propos :<\/h3>\n\n\t\t<\/div>\n\t<\/div>\n<div class=\"qodef-separator-holder clearfix  qodef-separator-left\">\n\t<div class=\"qodef-separator\" style=\"border-color: #000000;width: 22px;border-bottom-width: 3px;margin-top: 28px;margin-bottom: 28px\"><\/div>\n<\/div>\n\n\t<div class=\"wpb_text_column wpb_content_element vc_custom_1551900364474\" >\n\t\t<div class=\"wpb_wrapper\">\n\t\t\t<p><span style=\"color: #000000;\">Date de sortie :<\/span> 2016<br \/>\n<span style=\"color: #000000;\">Label :<\/span> Odradek Records<\/p>\n\n\t\t<\/div>\n\t<\/div>\n<div class=\"qodef-audio-playlist-holder\">\n\t<iframe title=\"Spotify Embed: The Fall Dance\" style=\"border-radius: 12px\" width=\"100%\" height=\"352\" frameborder=\"0\" allowfullscreen allow=\"autoplay; clipboard-write; encrypted-media; fullscreen; picture-in-picture\" loading=\"lazy\" src=\"https:\/\/open.spotify.com\/embed\/album\/4Djsft8W0gEhRQHLwAW1R2?si=kODVdpoOTf2Be0614od79w&amp;utm_source=oembed\"><\/iframe><\/div>\n<\/div><\/div><\/div><\/div><\/div><div class=\"vc_empty_space\"   style=\"height: 100px\"><span class=\"vc_empty_space_inner\"><\/span><\/div><\/div><\/div><\/div><\/div><\/div><\/div><div class=\"vc_row wpb_row vc_row-fluid qodef-section vc_custom_1551783541538 qodef-content-aligment-left qodef-grid-section\" style=\"\"><div class=\"clearfix qodef-section-inner\"><div class=\"qodef-section-inner-margin clearfix\"><div class=\"wpb_column vc_column_container vc_col-sm-12\"><div class=\"vc_column-inner\"><div class=\"wpb_wrapper\">\n\t<div class=\"wpb_text_column wpb_content_element\" >\n\t\t<div class=\"wpb_wrapper\">\n\t\t\t<h2><span style=\"color: #ffffff;\">Vid\u00e9os<\/span><\/h2>\n\n\t\t<\/div>\n\t<\/div>\n<div class=\"qodef-separator-holder clearfix  qodef-separator-left\">\n\t<div class=\"qodef-separator\" style=\"border-color: #ffffff;width: 45px;border-bottom-width: 3px;margin-top: 28px;margin-bottom: 28px\"><\/div>\n<\/div>\n<div class=\"vc_tta-container vc_tta-o-non-responsive\" data-vc-action=\"collapse\"><div class=\"vc_general vc_tta vc_tta-tabs vc_tta-o-shape-group vc_tta-has-pagination vc_tta-o-no-fill vc_tta-tabs-position-top  vc_tta-pageable vc_custom_1551784055314\"><div class=\"vc_tta-panels-container\"><ul class=\"vc_general vc_pagination vc_pagination-style-outline vc_pagination-shape-round vc_pagination-color-white\"><li class=\"vc_pagination-item vc_active\" data-vc-tab><a href=\"#1551783307833-fc4b0e59-9f5b\" class=\"vc_pagination-trigger\" data-vc-tabs data-vc-container=\".vc_tta\"><\/a><\/li><\/ul><div class=\"vc_tta-panels\"><div  class=\"vc_tta-panel vc_active\" id=\"1551783307833-fc4b0e59-9f5b\" data-vc-content=\".vc_tta-panel-body\"><div class=\"vc_tta-panel-body\">\n\t\t\t<span class=\"vc_tta-panel-title\">\n\t\t\t\t<a  data-vc-container=\".vc_tta-container\" data-vc-accordion=\"\" data-vc-target=\"#1551783307833-fc4b0e59-9f5b\"><\/a>\n\t\t\t<\/span>\n\t\t\n\t<div class=\"wpb_video_widget wpb_content_element vc_clearfix   vc_video-aspect-ratio-169 vc_video-el-width-100 vc_video-align-center\" >\n\t\t<div class=\"wpb_wrapper\">\n\t\t\t\n\t\t\t<div class=\"wpb_video_wrapper\"><iframe loading=\"lazy\" title=\"Maria Chiara Argir\u00f2 Group\" width=\"500\" height=\"281\" src=\"https:\/\/www.youtube.com\/embed\/TW36jtk4MC4?feature=oembed\" frameborder=\"0\" allow=\"accelerometer; autoplay; clipboard-write; encrypted-media; gyroscope; picture-in-picture; web-share\" referrerpolicy=\"strict-origin-when-cross-origin\" allowfullscreen><\/iframe><\/div>\n\t\t<\/div>\n\t<\/div>\n<\/div><\/div><\/div><\/div><\/div><\/div><\/div><\/div><\/div><\/div><\/div><\/div><div class=\"vc_row wpb_row vc_row-fluid qodef-section qodef-content-aligment-left\" style=\"\"><div class=\"clearfix qodef-full-section-inner\"><div class=\"wpb_column vc_column_container vc_col-sm-12\"><div class=\"vc_column-inner\"><div class=\"wpb_wrapper\"><div class=\"qodef-image-gallery-masonry\">\n\t<div class=\"qodef-image-masonry-grid-sizer\"><\/div>\n\t\t\t<div class=\"qodef-gallery-image qodef-size-landscape\">\n\t\t\t<div class=\"qodef-gallery-image-inner\">\n\t\t\t\t\t\t\t\t<a href=\"https:\/\/leilamartial.com\/wp-content\/uploads\/2019\/03\/DSC_1878-1000x500.jpg\" data-rel=\"prettyPhoto[single_pretty_photo]\" title=\"DSC_1878\">\n\t\t\t\t\t\t\t\t\t\t\t<img loading=\"lazy\" decoding=\"async\" width=\"1000\" height=\"500\" src=\"https:\/\/leilamartial.com\/wp-content\/uploads\/2019\/03\/DSC_1878-1000x500.jpg\" class=\"attachment-mixtape_qodef_large_width size-mixtape_qodef_large_width\" alt=\"\" \/>\t\t\t\t\t\t\t\t\t<\/a>\n\t\t\t\t\t\t<\/div>\n\t\t<\/div>\n\t\t\t<div class=\"qodef-gallery-image qodef-size-landscape\">\n\t\t\t<div class=\"qodef-gallery-image-inner\">\n\t\t\t\t\t\t\t\t<a href=\"https:\/\/leilamartial.com\/wp-content\/uploads\/2019\/03\/DSC_1902-1000x500.jpg\" data-rel=\"prettyPhoto[single_pretty_photo]\" title=\"DSC_1902\">\n\t\t\t\t\t\t\t\t\t\t\t<img loading=\"lazy\" decoding=\"async\" width=\"1000\" height=\"500\" src=\"https:\/\/leilamartial.com\/wp-content\/uploads\/2019\/03\/DSC_1902-1000x500.jpg\" class=\"attachment-mixtape_qodef_large_width size-mixtape_qodef_large_width\" alt=\"\" \/>\t\t\t\t\t\t\t\t\t<\/a>\n\t\t\t\t\t\t<\/div>\n\t\t<\/div>\n\t<\/div><\/div><\/div><\/div><\/div><\/div>\n<\/div>","protected":false},"excerpt":{"rendered":"MARIA CHIARA ARGIRO 6TET Ce 6tet dirig\u00e9 par la pianiste italienne Maria Chiara Argiro est bas\u00e9 \u00e0 Londres. Il dispense...","protected":false},"author":1,"featured_media":1137,"parent":0,"menu_order":12,"comment_status":"closed","ping_status":"closed","template":"full-width.php","meta":{"footnotes":""},"tags":[616],"class_list":["post-8773","page","type-page","status-publish","has-post-thumbnail","hentry","tag-old"],"_links":{"self":[{"href":"https:\/\/leilamartial.com\/en\/wp-json\/wp\/v2\/pages\/8773","targetHints":{"allow":["GET"]}}],"collection":[{"href":"https:\/\/leilamartial.com\/en\/wp-json\/wp\/v2\/pages"}],"about":[{"href":"https:\/\/leilamartial.com\/en\/wp-json\/wp\/v2\/types\/page"}],"author":[{"embeddable":true,"href":"https:\/\/leilamartial.com\/en\/wp-json\/wp\/v2\/users\/1"}],"replies":[{"embeddable":true,"href":"https:\/\/leilamartial.com\/en\/wp-json\/wp\/v2\/comments?post=8773"}],"version-history":[{"count":27,"href":"https:\/\/leilamartial.com\/en\/wp-json\/wp\/v2\/pages\/8773\/revisions"}],"predecessor-version":[{"id":8914,"href":"https:\/\/leilamartial.com\/en\/wp-json\/wp\/v2\/pages\/8773\/revisions\/8914"}],"wp:featuredmedia":[{"embeddable":true,"href":"https:\/\/leilamartial.com\/en\/wp-json\/wp\/v2\/media\/1137"}],"wp:attachment":[{"href":"https:\/\/leilamartial.com\/en\/wp-json\/wp\/v2\/media?parent=8773"}],"wp:term":[{"taxonomy":"post_tag","embeddable":true,"href":"https:\/\/leilamartial.com\/en\/wp-json\/wp\/v2\/tags?post=8773"}],"curies":[{"name":"wp","href":"https:\/\/api.w.org\/{rel}","templated":true}]}}