{"id":8764,"date":"2019-03-05T17:25:35","date_gmt":"2019-03-05T15:25:35","guid":{"rendered":"http:\/\/leilamartial.com\/?page_id=8764"},"modified":"2026-01-29T23:34:44","modified_gmt":"2026-01-29T21:34:44","slug":"elephantree","status":"publish","type":"page","link":"https:\/\/leilamartial.com\/en\/elephantree\/","title":{"rendered":"Oliphantre"},"content":{"rendered":"<div class=\"wpb-content-wrapper\"><div class=\"vc_row wpb_row vc_row-fluid qodef-section qodef-content-aligment-left qodef-grid-section\" style=\"\"><div class=\"clearfix qodef-section-inner\"><div class=\"qodef-section-inner-margin clearfix\"><div class=\"wpb_column vc_column_container vc_col-sm-12\"><div class=\"vc_column-inner\"><div class=\"wpb_wrapper\"><div class=\"qodef-separator-holder clearfix  qodef-separator-left\">\n\t<div class=\"qodef-separator\" style=\"border-color: #000000;width: 45px;border-bottom-width: 3px;margin-top: 28px;margin-bottom: 28px\"><\/div>\n<\/div>\n<div class=\"vc_row wpb_row vc_inner vc_row-fluid qodef-section qodef-content-aligment-left\" style=\"\"><div class=\"qodef-full-section-inner\"><div class=\"wpb_column vc_column_container vc_col-sm-6\"><div class=\"vc_column-inner\"><div class=\"wpb_wrapper\">\n\t<div class=\"wpb_text_column wpb_content_element\" >\n\t\t<div class=\"wpb_wrapper\">\n\t\t\t<p>Initi\u00e9 par le guitariste Francesco Diodati, Oliphantre r\u00e9unit 3 personnalit\u00e9s issues du jazz et des musiques cr\u00e9atives actuelles. On y retrouve l&rsquo;\u00e9nergie du rock teint\u00e9 d&rsquo;explorations bruitistes et d&rsquo;envol\u00e9es m\u00e9lodiques. Tout cela ponctu\u00e9 de th\u00e8mes en anglais aux inflexions mi-ari\u00e9geoises mi-romaines. Que voulez-vous !<\/p>\n\n\t\t<\/div>\n\t<\/div>\n<\/div><\/div><\/div><div class=\"wpb_column vc_column_container vc_col-sm-6\"><div class=\"vc_column-inner\"><div class=\"wpb_wrapper\">\n\t<div class=\"wpb_text_column wpb_content_element\" >\n\t\t<div class=\"wpb_wrapper\">\n\t\t\t<p>Francesco Diodati\u00a0 : Guitare\/composition<br \/>\nStefano Tamborino : Batterie<br \/>\nLe\u00efla Martial : Voix<\/p>\n\n\t\t<\/div>\n\t<\/div>\n<\/div><\/div><\/div><\/div><\/div><\/div><\/div><\/div><\/div><\/div><\/div><div class=\"vc_row wpb_row vc_row-fluid qodef-section vc_custom_1551783541538 qodef-content-aligment-left qodef-grid-section\" style=\"\"><div class=\"clearfix qodef-section-inner\"><div class=\"qodef-section-inner-margin clearfix\"><div class=\"wpb_column vc_column_container vc_col-sm-12\"><div class=\"vc_column-inner\"><div class=\"wpb_wrapper\">\n\t<div class=\"wpb_text_column wpb_content_element\" >\n\t\t<div class=\"wpb_wrapper\">\n\t\t\t<h2><span style=\"color: #ffffff;\">Vid\u00e9os<\/span><\/h2>\n\n\t\t<\/div>\n\t<\/div>\n<div class=\"qodef-separator-holder clearfix  qodef-separator-left\">\n\t<div class=\"qodef-separator\" style=\"border-color: #ffffff;width: 45px;border-bottom-width: 3px;margin-top: 28px;margin-bottom: 28px\"><\/div>\n<\/div>\n<div class=\"vc_tta-container vc_tta-o-non-responsive\" data-vc-action=\"collapse\"><div class=\"vc_general vc_tta vc_tta-tabs vc_tta-o-shape-group vc_tta-has-pagination vc_tta-o-no-fill vc_tta-tabs-position-top  vc_tta-pageable vc_custom_1551784055314\"><div class=\"vc_tta-panels-container\"><ul class=\"vc_general vc_pagination vc_pagination-style-outline vc_pagination-shape-round vc_pagination-color-white\"><li class=\"vc_pagination-item vc_active\" data-vc-tab><a href=\"#1551783307833-fc4b0e59-9f5b\" class=\"vc_pagination-trigger\" data-vc-tabs data-vc-container=\".vc_tta\"><\/a><\/li><li class=\"vc_pagination-item\" data-vc-tab><a href=\"#1551783307864-93877000-6ace\" class=\"vc_pagination-trigger\" data-vc-tabs data-vc-container=\".vc_tta\"><\/a><\/li><\/ul><div class=\"vc_tta-panels\"><div  class=\"vc_tta-panel vc_active\" id=\"1551783307833-fc4b0e59-9f5b\" data-vc-content=\".vc_tta-panel-body\"><div class=\"vc_tta-panel-body\">\n\t\t\t<span class=\"vc_tta-panel-title\">\n\t\t\t\t<a  data-vc-container=\".vc_tta-container\" data-vc-accordion=\"\" data-vc-target=\"#1551783307833-fc4b0e59-9f5b\"><\/a>\n\t\t\t<\/span>\n\t\t\n\t<div class=\"wpb_video_widget wpb_content_element vc_clearfix   vc_video-aspect-ratio-169 vc_video-el-width-100 vc_video-align-center\" >\n\t\t<div class=\"wpb_wrapper\">\n\t\t\t\n\t\t\t<div class=\"wpb_video_wrapper\"><iframe loading=\"lazy\" title=\"Oliphantre- Lines\" width=\"500\" height=\"281\" src=\"https:\/\/www.youtube.com\/embed\/eKQDcv_L56k?feature=oembed\" frameborder=\"0\" allow=\"accelerometer; autoplay; clipboard-write; encrypted-media; gyroscope; picture-in-picture; web-share\" referrerpolicy=\"strict-origin-when-cross-origin\" allowfullscreen><\/iframe><\/div>\n\t\t<\/div>\n\t<\/div>\n<\/div><\/div><div  class=\"vc_tta-panel\" id=\"1551783307864-93877000-6ace\" data-vc-content=\".vc_tta-panel-body\"><div class=\"vc_tta-panel-body\">\n\t\t\t<span class=\"vc_tta-panel-title\">\n\t\t\t\t<a  data-vc-container=\".vc_tta-container\" data-vc-accordion=\"\" data-vc-target=\"#1551783307864-93877000-6ace\"><\/a>\n\t\t\t<\/span>\n\t\t\n\t<div class=\"wpb_video_widget wpb_content_element vc_clearfix   vc_video-aspect-ratio-169 vc_video-el-width-100 vc_video-align-center\" >\n\t\t<div class=\"wpb_wrapper\">\n\t\t\t\n\t\t\t<div class=\"wpb_video_wrapper\"><iframe loading=\"lazy\" title=\"Oliphantre - Don&#039;t ask\" width=\"500\" height=\"281\" src=\"https:\/\/www.youtube.com\/embed\/liYNENKaY94?feature=oembed\" frameborder=\"0\" allow=\"accelerometer; autoplay; clipboard-write; encrypted-media; gyroscope; picture-in-picture; web-share\" referrerpolicy=\"strict-origin-when-cross-origin\" allowfullscreen><\/iframe><\/div>\n\t\t<\/div>\n\t<\/div>\n<\/div><\/div><\/div><\/div><\/div><\/div><\/div><\/div><\/div><\/div><\/div><\/div><div class=\"vc_row wpb_row vc_row-fluid qodef-section qodef-content-aligment-left\" style=\"\"><div class=\"clearfix qodef-full-section-inner\"><div class=\"wpb_column vc_column_container vc_col-sm-12\"><div class=\"vc_column-inner\"><div class=\"wpb_wrapper\"><div class=\"qodef-image-gallery-masonry\">\n\t<div class=\"qodef-image-masonry-grid-sizer\"><\/div>\n\t\t\t<div class=\"qodef-gallery-image qodef-size-square\">\n\t\t\t<div class=\"qodef-gallery-image-inner\">\n\t\t\t\t\t\t\t\t<a href=\"https:\/\/leilamartial.com\/wp-content\/uploads\/2019\/03\/Blackline-2-550x550.jpg\" data-rel=\"prettyPhoto[single_pretty_photo]\" title=\"Blackline 2\">\n\t\t\t\t\t\t\t\t\t\t\t<img loading=\"lazy\" decoding=\"async\" width=\"550\" height=\"550\" src=\"https:\/\/leilamartial.com\/wp-content\/uploads\/2019\/03\/Blackline-2-550x550.jpg\" class=\"attachment-mixtape_qodef_square size-mixtape_qodef_square\" alt=\"\" \/>\t\t\t\t\t\t\t\t\t<\/a>\n\t\t\t\t\t\t<\/div>\n\t\t<\/div>\n\t\t\t<div class=\"qodef-gallery-image qodef-size-landscape\">\n\t\t\t<div class=\"qodef-gallery-image-inner\">\n\t\t\t\t\t\t\t\t<a href=\"https:\/\/leilamartial.com\/wp-content\/uploads\/2019\/03\/Blackline-3-960x500.jpg\" data-rel=\"prettyPhoto[single_pretty_photo]\" title=\"Blackline 3\">\n\t\t\t\t\t\t\t\t\t\t\t<img loading=\"lazy\" decoding=\"async\" width=\"960\" height=\"500\" src=\"https:\/\/leilamartial.com\/wp-content\/uploads\/2019\/03\/Blackline-3-960x500.jpg\" class=\"attachment-mixtape_qodef_large_width size-mixtape_qodef_large_width\" alt=\"\" \/>\t\t\t\t\t\t\t\t\t<\/a>\n\t\t\t\t\t\t<\/div>\n\t\t<\/div>\n\t\t\t<div class=\"qodef-gallery-image qodef-size-square\">\n\t\t\t<div class=\"qodef-gallery-image-inner\">\n\t\t\t\t\t\t\t\t<a href=\"https:\/\/leilamartial.com\/wp-content\/uploads\/2019\/03\/Blackline-4-550x550.jpg\" data-rel=\"prettyPhoto[single_pretty_photo]\" title=\"Blackline 4\">\n\t\t\t\t\t\t\t\t\t\t\t<img loading=\"lazy\" decoding=\"async\" width=\"550\" height=\"550\" src=\"https:\/\/leilamartial.com\/wp-content\/uploads\/2019\/03\/Blackline-4-550x550.jpg\" class=\"attachment-mixtape_qodef_square size-mixtape_qodef_square\" alt=\"\" \/>\t\t\t\t\t\t\t\t\t<\/a>\n\t\t\t\t\t\t<\/div>\n\t\t<\/div>\n\t\t\t<div class=\"qodef-gallery-image qodef-size-square\">\n\t\t\t<div class=\"qodef-gallery-image-inner\">\n\t\t\t\t\t\t\t\t<a href=\"https:\/\/leilamartial.com\/wp-content\/uploads\/2019\/03\/39077972_1919030201474086_8238891233972322304_o-550x550.jpg\" data-rel=\"prettyPhoto[single_pretty_photo]\" title=\"39077972_1919030201474086_8238891233972322304_o\">\n\t\t\t\t\t\t\t\t\t\t\t<img loading=\"lazy\" decoding=\"async\" width=\"550\" height=\"550\" src=\"https:\/\/leilamartial.com\/wp-content\/uploads\/2019\/03\/39077972_1919030201474086_8238891233972322304_o-550x550.jpg\" class=\"attachment-mixtape_qodef_square size-mixtape_qodef_square\" alt=\"\" \/>\t\t\t\t\t\t\t\t\t<\/a>\n\t\t\t\t\t\t<\/div>\n\t\t<\/div>\n\t\t\t<div class=\"qodef-gallery-image qodef-size-square\">\n\t\t\t<div class=\"qodef-gallery-image-inner\">\n\t\t\t\t\t\t\t\t<a href=\"https:\/\/leilamartial.com\/wp-content\/uploads\/2019\/03\/39124659_1919029894807450_7149109249015021568_o-550x550.jpg\" data-rel=\"prettyPhoto[single_pretty_photo]\" title=\"39124659_1919029894807450_7149109249015021568_o\">\n\t\t\t\t\t\t\t\t\t\t\t<img loading=\"lazy\" decoding=\"async\" width=\"550\" height=\"550\" src=\"https:\/\/leilamartial.com\/wp-content\/uploads\/2019\/03\/39124659_1919029894807450_7149109249015021568_o-550x550.jpg\" class=\"attachment-mixtape_qodef_square size-mixtape_qodef_square\" alt=\"\" \/>\t\t\t\t\t\t\t\t\t<\/a>\n\t\t\t\t\t\t<\/div>\n\t\t<\/div>\n\t\t\t<div class=\"qodef-gallery-image qodef-size-landscape\">\n\t\t\t<div class=\"qodef-gallery-image-inner\">\n\t\t\t\t\t\t\t\t<a href=\"https:\/\/leilamartial.com\/wp-content\/uploads\/2019\/03\/39167163_1919032281473878_64335418933379072_o-1000x500.jpg\" data-rel=\"prettyPhoto[single_pretty_photo]\" title=\"39167163_1919032281473878_64335418933379072_o\">\n\t\t\t\t\t\t\t\t\t\t\t<img loading=\"lazy\" decoding=\"async\" width=\"1000\" height=\"500\" src=\"https:\/\/leilamartial.com\/wp-content\/uploads\/2019\/03\/39167163_1919032281473878_64335418933379072_o-1000x500.jpg\" class=\"attachment-mixtape_qodef_large_width size-mixtape_qodef_large_width\" alt=\"\" \/>\t\t\t\t\t\t\t\t\t<\/a>\n\t\t\t\t\t\t<\/div>\n\t\t<\/div>\n\t<\/div><\/div><\/div><\/div><\/div><\/div>\n<\/div>","protected":false},"excerpt":{"rendered":"Initi\u00e9 par le guitariste Francesco Diodati, Oliphantre r\u00e9unit 3 personnalit\u00e9s issues du jazz et des musiques cr\u00e9atives actuelles. On y...","protected":false},"author":1,"featured_media":8767,"parent":0,"menu_order":6,"comment_status":"closed","ping_status":"closed","template":"full-width.php","meta":{"footnotes":""},"tags":[616,613],"class_list":["post-8764","page","type-page","status-publish","has-post-thumbnail","hentry","tag-old","tag-groupe"],"_links":{"self":[{"href":"https:\/\/leilamartial.com\/en\/wp-json\/wp\/v2\/pages\/8764","targetHints":{"allow":["GET"]}}],"collection":[{"href":"https:\/\/leilamartial.com\/en\/wp-json\/wp\/v2\/pages"}],"about":[{"href":"https:\/\/leilamartial.com\/en\/wp-json\/wp\/v2\/types\/page"}],"author":[{"embeddable":true,"href":"https:\/\/leilamartial.com\/en\/wp-json\/wp\/v2\/users\/1"}],"replies":[{"embeddable":true,"href":"https:\/\/leilamartial.com\/en\/wp-json\/wp\/v2\/comments?post=8764"}],"version-history":[{"count":9,"href":"https:\/\/leilamartial.com\/en\/wp-json\/wp\/v2\/pages\/8764\/revisions"}],"predecessor-version":[{"id":9446,"href":"https:\/\/leilamartial.com\/en\/wp-json\/wp\/v2\/pages\/8764\/revisions\/9446"}],"wp:featuredmedia":[{"embeddable":true,"href":"https:\/\/leilamartial.com\/en\/wp-json\/wp\/v2\/media\/8767"}],"wp:attachment":[{"href":"https:\/\/leilamartial.com\/en\/wp-json\/wp\/v2\/media?parent=8764"}],"wp:term":[{"taxonomy":"post_tag","embeddable":true,"href":"https:\/\/leilamartial.com\/en\/wp-json\/wp\/v2\/tags?post=8764"}],"curies":[{"name":"wp","href":"https:\/\/api.w.org\/{rel}","templated":true}]}}