{"id":8732,"date":"2019-03-05T16:42:03","date_gmt":"2019-03-05T14:42:03","guid":{"rendered":"http:\/\/leilamartial.com\/?page_id=8732"},"modified":"2023-01-10T01:22:15","modified_gmt":"2023-01-09T23:22:15","slug":"louves","status":"publish","type":"page","link":"https:\/\/leilamartial.com\/en\/louves\/","title":{"rendered":"Louves"},"content":{"rendered":"<div class=\"wpb-content-wrapper\"><div class=\"vc_row wpb_row vc_row-fluid qodef-section qodef-content-aligment-left qodef-grid-section\" style=\"\"><div class=\"clearfix qodef-section-inner\"><div class=\"qodef-section-inner-margin clearfix\"><div class=\"wpb_column vc_column_container vc_col-sm-12\"><div class=\"vc_column-inner\"><div class=\"wpb_wrapper\">\n\t<div class=\"wpb_text_column wpb_content_element\" >\n\t\t<div class=\"wpb_wrapper\">\n\t\t\t<h2>Chant de gorge libre d&rsquo;inspiration inuit<\/h2>\n\n\t\t<\/div>\n\t<\/div>\n<div class=\"qodef-separator-holder clearfix  qodef-separator-left\">\n\t<div class=\"qodef-separator\" style=\"border-color: #000000;width: 45px;border-bottom-width: 3px;margin-top: 28px;margin-bottom: 28px\"><\/div>\n<\/div>\n<div class=\"vc_row wpb_row vc_inner vc_row-fluid qodef-section qodef-content-aligment-left\" style=\"\"><div class=\"qodef-full-section-inner\"><div class=\"wpb_column vc_column_container vc_col-sm-6\"><div class=\"vc_column-inner\"><div class=\"wpb_wrapper\">\n\t<div class=\"wpb_text_column wpb_content_element vc_custom_1551796473027\" >\n\t\t<div class=\"wpb_wrapper\">\n\t\t\t<p>Entre Le\u00efla Martial, acrobate vocale aux milles fantaisies, et Marie-Pascale Dub\u00e9, exploratrice et sp\u00e9cialiste du chant de gorge, le katajjaq, issu de la tradition inuite, il s&rsquo;agit de rendez vous ponctuels, presque fortuits. Et pourtant, il y a entre ces deux chercheuses habit\u00e9es, ce m\u00eame engagement \u00e9motionnel qui pr\u00e9vaut \u00e0 toutes retrouvailles.<\/p>\n\n\t\t<\/div>\n\t<\/div>\n<\/div><\/div><\/div><div class=\"wpb_column vc_column_container vc_col-sm-6\"><div class=\"vc_column-inner\"><div class=\"wpb_wrapper\">\n\t<div class=\"wpb_text_column wpb_content_element\" >\n\t\t<div class=\"wpb_wrapper\">\n\t\t\t<p>Marie-Pascale Dub\u00e9 : chanteuse de gorge<br \/>\nLe\u00efla Martial : vocaliste improvisatrice<\/p>\n\n\t\t<\/div>\n\t<\/div>\n<div class=\"vc_separator wpb_content_element vc_separator_align_center vc_sep_width_100 vc_sep_dotted vc_sep_pos_align_center vc_sep_color_black vc_custom_1551892575676 wpb_content_element vc_separator-has-text\" ><span class=\"vc_sep_holder vc_sep_holder_l\"><span class=\"vc_sep_line\"><\/span><\/span><h4>Presse<\/h4><span class=\"vc_sep_holder vc_sep_holder_r\"><span class=\"vc_sep_line\"><\/span><\/span>\n<\/div><a href=\"http:\/\/leilamartial.com\/wp-content\/uploads\/2016\/09\/Leila.Martial_Atelier-du_Plateau_CultureJazz-copie-glisse\u0301es.pdf\" target=\"_blank\" style=\"margin: 10px\" class=\"qodef-btn qodef-btn-small qodef-btn-outline qodef-btn-icon\"  >\n    <span class=\"qodef-btn-text\">Culturejazz.fr<\/span>\n    <i class=\"qodef-icon-font-awesome fa fa-file-pdf-o \" ><\/i><\/a><a href=\"http:\/\/leilamartial.com\/wp-content\/uploads\/2016\/09\/aGorgesDeployees.pdf\" target=\"_blank\" style=\"margin: 10px\" class=\"qodef-btn qodef-btn-small qodef-btn-outline qodef-btn-icon\"  >\n    <span class=\"qodef-btn-text\">L&#039;autre Quotidien<\/span>\n    <i class=\"qodef-icon-font-awesome fa fa-file-pdf-o \" ><\/i><\/a><\/div><\/div><\/div><\/div><\/div><\/div><\/div><\/div><\/div><\/div><\/div><div class=\"vc_row wpb_row vc_row-fluid qodef-section vc_custom_1552483013272 qodef-content-aligment-left qodef-grid-section\" style=\"\"><div class=\"clearfix qodef-section-inner\"><div class=\"qodef-section-inner-margin clearfix\"><div class=\"wpb_column vc_column_container vc_col-sm-6\"><div class=\"vc_column-inner\"><div class=\"wpb_wrapper\">\n\t<div class=\"wpb_raw_code wpb_raw_html wpb_content_element\" >\n\t\t<div class=\"wpb_wrapper\">\n\t\t\t<iframe loading=\"lazy\" src=\"https:\/\/www.francemusique.fr\/player\/export-aod?content=fb4a1f99-9bf3-4dca-b7e4-a8ce4748ead7\" width=\"600\" height=\"178\" frameborder=\"0\" scrolling=\"no\"><\/iframe>\n\t\t<\/div>\n\t<\/div>\n<\/div><\/div><\/div><div class=\"wpb_column vc_column_container vc_col-sm-6\"><div class=\"vc_column-inner\"><div class=\"wpb_wrapper\">\n<blockquote class=\"qodef-blockquote-shortcode\"  >\n\t<p class=\"qodef-blockquote-text\">\n\t\t<span>Pas d\u2019instruments de musique, pas d\u2019amplification, pas d\u2019artifice. (\u2026) Les chanteuses (de LOUVES) respirent, hal\u00e8tent, se livrent \u00e0 une joute sonore qui gonfle, s\u2019intensifie, pour tr\u00e8s souvent se conclure dans les rires. Car la joie est l\u00e0, et en m\u00eame temps que la joie, une grande douceur, et une po\u00e9sie qui prend sa source dans la fragilit\u00e9 de l\u2019instant et la sinc\u00e9rit\u00e9 des deux vocalistes, tellement humaines avant que d\u2019\u00eatre musiciennes ! \u00bb<\/span>\n\t<\/p>\n<\/blockquote>\n<div class=\"qodef-custom-font-holder\" style=\"font-size: 15px;line-height: 20px;font-weight: 400;text-align: center;color: #e0e0e0\" data-font-size= 15 data-line-height= 20>\n\tAnne Montaron - FRANCE MUSIQUE\t<\/div><\/div><\/div><\/div><\/div><\/div><\/div><div class=\"vc_row wpb_row vc_row-fluid qodef-section qodef-content-aligment-left\" style=\"\"><div class=\"clearfix qodef-full-section-inner\"><div class=\"wpb_column vc_column_container vc_col-sm-12\"><div class=\"vc_column-inner\"><div class=\"wpb_wrapper\"><div class=\"qodef-image-gallery-masonry\">\n\t<div class=\"qodef-image-masonry-grid-sizer\"><\/div>\n\t\t\t<div class=\"qodef-gallery-image qodef-size-big-square\">\n\t\t\t<div class=\"qodef-gallery-image-inner\">\n\t\t\t\t\t\t\t\t<a href=\"https:\/\/leilamartial.com\/wp-content\/uploads\/2019\/03\/24173699_745314989003651_8254514136584143864_o-1000x1000.jpg\" data-rel=\"prettyPhoto[single_pretty_photo]\" title=\"24173699_745314989003651_8254514136584143864_o\">\n\t\t\t\t\t\t\t\t\t\t\t<img loading=\"lazy\" decoding=\"async\" width=\"1000\" height=\"1000\" src=\"https:\/\/leilamartial.com\/wp-content\/uploads\/2019\/03\/24173699_745314989003651_8254514136584143864_o-1000x1000.jpg\" class=\"attachment-mixtape_qodef_large_width_height size-mixtape_qodef_large_width_height\" alt=\"\" srcset=\"https:\/\/leilamartial.com\/wp-content\/uploads\/2019\/03\/24173699_745314989003651_8254514136584143864_o-1000x1000.jpg 1000w, https:\/\/leilamartial.com\/wp-content\/uploads\/2019\/03\/24173699_745314989003651_8254514136584143864_o-150x150.jpg 150w, https:\/\/leilamartial.com\/wp-content\/uploads\/2019\/03\/24173699_745314989003651_8254514136584143864_o-300x300.jpg 300w, https:\/\/leilamartial.com\/wp-content\/uploads\/2019\/03\/24173699_745314989003651_8254514136584143864_o-768x768.jpg 768w, https:\/\/leilamartial.com\/wp-content\/uploads\/2019\/03\/24173699_745314989003651_8254514136584143864_o-550x550.jpg 550w, https:\/\/leilamartial.com\/wp-content\/uploads\/2019\/03\/24173699_745314989003651_8254514136584143864_o.jpg 1023w\" sizes=\"auto, (max-width: 1000px) 100vw, 1000px\" \/>\t\t\t\t\t\t\t\t\t<\/a>\n\t\t\t\t\t\t<\/div>\n\t\t<\/div>\n\t\t\t<div class=\"qodef-gallery-image qodef-size-big-square\">\n\t\t\t<div class=\"qodef-gallery-image-inner\">\n\t\t\t\t\t\t\t\t<a href=\"https:\/\/leilamartial.com\/wp-content\/uploads\/2019\/03\/LOUVES_JeffHumbert01-818x1000.jpg\" data-rel=\"prettyPhoto[single_pretty_photo]\" title=\"LOUVES_JeffHumbert01\">\n\t\t\t\t\t\t\t\t\t\t\t<img loading=\"lazy\" decoding=\"async\" width=\"818\" height=\"1000\" src=\"https:\/\/leilamartial.com\/wp-content\/uploads\/2019\/03\/LOUVES_JeffHumbert01-818x1000.jpg\" class=\"attachment-mixtape_qodef_large_width_height size-mixtape_qodef_large_width_height\" alt=\"\" \/>\t\t\t\t\t\t\t\t\t<\/a>\n\t\t\t\t\t\t<\/div>\n\t\t<\/div>\n\t\t\t<div class=\"qodef-gallery-image qodef-size-big-square\">\n\t\t\t<div class=\"qodef-gallery-image-inner\">\n\t\t\t\t\t\t\t\t<a href=\"https:\/\/leilamartial.com\/wp-content\/uploads\/2019\/03\/24059417_745314959003654_5623254748244932559_o-767x1000.jpg\" data-rel=\"prettyPhoto[single_pretty_photo]\" title=\"24059417_745314959003654_5623254748244932559_o\">\n\t\t\t\t\t\t\t\t\t\t\t<img loading=\"lazy\" decoding=\"async\" width=\"767\" height=\"1000\" src=\"https:\/\/leilamartial.com\/wp-content\/uploads\/2019\/03\/24059417_745314959003654_5623254748244932559_o-767x1000.jpg\" class=\"attachment-mixtape_qodef_large_width_height size-mixtape_qodef_large_width_height\" alt=\"\" \/>\t\t\t\t\t\t\t\t\t<\/a>\n\t\t\t\t\t\t<\/div>\n\t\t<\/div>\n\t\t\t<div class=\"qodef-gallery-image qodef-size-big-square\">\n\t\t\t<div class=\"qodef-gallery-image-inner\">\n\t\t\t\t\t\t\t\t<a href=\"https:\/\/leilamartial.com\/wp-content\/uploads\/2019\/03\/24059425_745315045670312_288415066465109074_o-1000x1000.jpg\" data-rel=\"prettyPhoto[single_pretty_photo]\" title=\"24059425_745315045670312_288415066465109074_o\">\n\t\t\t\t\t\t\t\t\t\t\t<img loading=\"lazy\" decoding=\"async\" width=\"1000\" height=\"1000\" src=\"https:\/\/leilamartial.com\/wp-content\/uploads\/2019\/03\/24059425_745315045670312_288415066465109074_o-1000x1000.jpg\" class=\"attachment-mixtape_qodef_large_width_height size-mixtape_qodef_large_width_height\" alt=\"\" srcset=\"https:\/\/leilamartial.com\/wp-content\/uploads\/2019\/03\/24059425_745315045670312_288415066465109074_o-1000x1000.jpg 1000w, https:\/\/leilamartial.com\/wp-content\/uploads\/2019\/03\/24059425_745315045670312_288415066465109074_o-150x150.jpg 150w, https:\/\/leilamartial.com\/wp-content\/uploads\/2019\/03\/24059425_745315045670312_288415066465109074_o-300x300.jpg 300w, https:\/\/leilamartial.com\/wp-content\/uploads\/2019\/03\/24059425_745315045670312_288415066465109074_o-768x768.jpg 768w, https:\/\/leilamartial.com\/wp-content\/uploads\/2019\/03\/24059425_745315045670312_288415066465109074_o-550x550.jpg 550w, https:\/\/leilamartial.com\/wp-content\/uploads\/2019\/03\/24059425_745315045670312_288415066465109074_o.jpg 1023w\" sizes=\"auto, (max-width: 1000px) 100vw, 1000px\" \/>\t\t\t\t\t\t\t\t\t<\/a>\n\t\t\t\t\t\t<\/div>\n\t\t<\/div>\n\t\t\t<div class=\"qodef-gallery-image qodef-size-landscape\">\n\t\t\t<div class=\"qodef-gallery-image-inner\">\n\t\t\t\t\t\t\t\t<a href=\"https:\/\/leilamartial.com\/wp-content\/uploads\/2019\/03\/LOUVES_DelphineCrepin02-1000x500.jpg\" data-rel=\"prettyPhoto[single_pretty_photo]\" title=\"LOUVES_DelphineCrepin02\">\n\t\t\t\t\t\t\t\t\t\t\t<img loading=\"lazy\" decoding=\"async\" width=\"1000\" height=\"500\" src=\"https:\/\/leilamartial.com\/wp-content\/uploads\/2019\/03\/LOUVES_DelphineCrepin02-1000x500.jpg\" class=\"attachment-mixtape_qodef_large_width size-mixtape_qodef_large_width\" alt=\"\" \/>\t\t\t\t\t\t\t\t\t<\/a>\n\t\t\t\t\t\t<\/div>\n\t\t<\/div>\n\t\t\t<div class=\"qodef-gallery-image qodef-size-big-square\">\n\t\t\t<div class=\"qodef-gallery-image-inner\">\n\t\t\t\t\t\t\t\t<a href=\"https:\/\/leilamartial.com\/wp-content\/uploads\/2019\/03\/24059739_745165085685308_5219494417642404965_o-1000x767.jpg\" data-rel=\"prettyPhoto[single_pretty_photo]\" title=\"24059739_745165085685308_5219494417642404965_o\">\n\t\t\t\t\t\t\t\t\t\t\t<img loading=\"lazy\" decoding=\"async\" width=\"1000\" height=\"767\" src=\"https:\/\/leilamartial.com\/wp-content\/uploads\/2019\/03\/24059739_745165085685308_5219494417642404965_o-1000x767.jpg\" class=\"attachment-mixtape_qodef_large_width_height size-mixtape_qodef_large_width_height\" alt=\"\" \/>\t\t\t\t\t\t\t\t\t<\/a>\n\t\t\t\t\t\t<\/div>\n\t\t<\/div>\n\t\t\t<div class=\"qodef-gallery-image qodef-size-landscape\">\n\t\t\t<div class=\"qodef-gallery-image-inner\">\n\t\t\t\t\t\t\t\t<a href=\"https:\/\/leilamartial.com\/wp-content\/uploads\/2019\/03\/LOUVES_DelphineCrepin01-1000x500.jpg\" data-rel=\"prettyPhoto[single_pretty_photo]\" title=\"LOUVES_DelphineCrepin01\">\n\t\t\t\t\t\t\t\t\t\t\t<img loading=\"lazy\" decoding=\"async\" width=\"1000\" height=\"500\" src=\"https:\/\/leilamartial.com\/wp-content\/uploads\/2019\/03\/LOUVES_DelphineCrepin01-1000x500.jpg\" class=\"attachment-mixtape_qodef_large_width size-mixtape_qodef_large_width\" alt=\"\" \/>\t\t\t\t\t\t\t\t\t<\/a>\n\t\t\t\t\t\t<\/div>\n\t\t<\/div>\n\t\t\t<div class=\"qodef-gallery-image qodef-size-big-square\">\n\t\t\t<div class=\"qodef-gallery-image-inner\">\n\t\t\t\t\t\t\t\t<a href=\"https:\/\/leilamartial.com\/wp-content\/uploads\/2019\/03\/LOUVES_JeffHumbert02-1000x682.jpg\" data-rel=\"prettyPhoto[single_pretty_photo]\" title=\"LOUVES_JeffHumbert02\">\n\t\t\t\t\t\t\t\t\t\t\t<img loading=\"lazy\" decoding=\"async\" width=\"1000\" height=\"682\" src=\"https:\/\/leilamartial.com\/wp-content\/uploads\/2019\/03\/LOUVES_JeffHumbert02-1000x682.jpg\" class=\"attachment-mixtape_qodef_large_width_height size-mixtape_qodef_large_width_height\" alt=\"\" \/>\t\t\t\t\t\t\t\t\t<\/a>\n\t\t\t\t\t\t<\/div>\n\t\t<\/div>\n\t<\/div><\/div><\/div><\/div><\/div><\/div>\n<\/div>","protected":false},"excerpt":{"rendered":"Chant de gorge libre d'inspiration inuit Entre Le\u00efla Martial, acrobate vocale aux milles fantaisies, et Marie-Pascale Dub\u00e9, exploratrice et sp\u00e9cialiste...","protected":false},"author":1,"featured_media":9003,"parent":0,"menu_order":11,"comment_status":"closed","ping_status":"closed","template":"full-width.php","meta":{"footnotes":""},"tags":[616],"class_list":["post-8732","page","type-page","status-publish","has-post-thumbnail","hentry","tag-old"],"_links":{"self":[{"href":"https:\/\/leilamartial.com\/en\/wp-json\/wp\/v2\/pages\/8732","targetHints":{"allow":["GET"]}}],"collection":[{"href":"https:\/\/leilamartial.com\/en\/wp-json\/wp\/v2\/pages"}],"about":[{"href":"https:\/\/leilamartial.com\/en\/wp-json\/wp\/v2\/types\/page"}],"author":[{"embeddable":true,"href":"https:\/\/leilamartial.com\/en\/wp-json\/wp\/v2\/users\/1"}],"replies":[{"embeddable":true,"href":"https:\/\/leilamartial.com\/en\/wp-json\/wp\/v2\/comments?post=8732"}],"version-history":[{"count":23,"href":"https:\/\/leilamartial.com\/en\/wp-json\/wp\/v2\/pages\/8732\/revisions"}],"predecessor-version":[{"id":9095,"href":"https:\/\/leilamartial.com\/en\/wp-json\/wp\/v2\/pages\/8732\/revisions\/9095"}],"wp:featuredmedia":[{"embeddable":true,"href":"https:\/\/leilamartial.com\/en\/wp-json\/wp\/v2\/media\/9003"}],"wp:attachment":[{"href":"https:\/\/leilamartial.com\/en\/wp-json\/wp\/v2\/media?parent=8732"}],"wp:term":[{"taxonomy":"post_tag","embeddable":true,"href":"https:\/\/leilamartial.com\/en\/wp-json\/wp\/v2\/tags?post=8732"}],"curies":[{"name":"wp","href":"https:\/\/api.w.org\/{rel}","templated":true}]}}