{"id":8720,"date":"2019-03-05T16:23:18","date_gmt":"2019-03-05T14:23:18","guid":{"rendered":"http:\/\/leilamartial.com\/?page_id=8720"},"modified":"2024-11-20T16:35:04","modified_gmt":"2024-11-20T14:35:04","slug":"furia","status":"publish","type":"page","link":"https:\/\/leilamartial.com\/en\/furia\/","title":{"rendered":"Furia"},"content":{"rendered":"<div class=\"wpb-content-wrapper\"><div class=\"vc_row wpb_row vc_row-fluid qodef-section qodef-content-aligment-left qodef-grid-section\" style=\"\"><div class=\"clearfix qodef-section-inner\"><div class=\"qodef-section-inner-margin clearfix\"><div class=\"wpb_column vc_column_container vc_col-sm-12\"><div class=\"vc_column-inner\"><div class=\"wpb_wrapper\">\n\t<div class=\"wpb_text_column wpb_content_element\" >\n\t\t<div class=\"wpb_wrapper\">\n\t\t\t<h2>Duo pluri-indisciplin\u00e9<\/h2>\n\n\t\t<\/div>\n\t<\/div>\n<div class=\"qodef-separator-holder clearfix  qodef-separator-left\">\n\t<div class=\"qodef-separator\" style=\"border-color: #000000;width: 45px;border-bottom-width: 3px;margin-top: 28px;margin-bottom: 28px\"><\/div>\n<\/div>\n<div class=\"vc_row wpb_row vc_inner vc_row-fluid qodef-section qodef-content-aligment-left\" style=\"\"><div class=\"qodef-full-section-inner\"><div class=\"wpb_column vc_column_container vc_col-sm-6\"><div class=\"vc_column-inner\"><div class=\"wpb_wrapper\">\n\t<div class=\"wpb_text_column wpb_content_element vc_custom_1551795797206\" >\n\t\t<div class=\"wpb_wrapper\">\n\t\t\t<p>Marl\u00e8ne Rostaing et Le\u00efla Martial sont des oiseaux de permissivit\u00e9. Danseuse, vocaliste, clown, conteuse, on ne sait plus qui fait quoi ; Ce que l\u2019on sait c\u2019est ce que l\u2018on \u00e9prouve : De la jubilation ! Instant apr\u00e8s instant, la seule chose qui compte, c\u2019est ce que cet instant fait de nous !<\/p>\n\n\t\t<\/div>\n\t<\/div>\n<\/div><\/div><\/div><div class=\"wpb_column vc_column_container vc_col-sm-6\"><div class=\"vc_column-inner\"><div class=\"wpb_wrapper\">\n\t<div class=\"wpb_text_column wpb_content_element\" >\n\t\t<div class=\"wpb_wrapper\">\n\t\t\t<p>Marl\u00e8ne Rostaing : danseuse, com\u00e9dienne<br \/>\nLe\u00efla Martial : chanteuse, clown<\/p>\n\n\t\t<\/div>\n\t<\/div>\n<\/div><\/div><\/div><\/div><\/div><\/div><\/div><\/div><\/div><\/div><\/div><div class=\"vc_row wpb_row vc_row-fluid qodef-section qodef-content-aligment-left\" style=\"\"><div class=\"clearfix qodef-full-section-inner\"><div class=\"wpb_column vc_column_container vc_col-sm-12\"><div class=\"vc_column-inner\"><div class=\"wpb_wrapper\"><div class=\"qodef-image-gallery-masonry\">\n\t<div class=\"qodef-image-masonry-grid-sizer\"><\/div>\n\t\t\t<div class=\"qodef-gallery-image qodef-size-square\">\n\t\t\t<div class=\"qodef-gallery-image-inner\">\n\t\t\t\t\t\t\t\t<a href=\"https:\/\/leilamartial.com\/wp-content\/uploads\/2019\/03\/10644325_478399005695252_282626516545052182_o-550x550.jpg\" data-rel=\"prettyPhoto[single_pretty_photo]\" title=\"10644325_478399005695252_282626516545052182_o\">\n\t\t\t\t\t\t\t\t\t\t\t<img loading=\"lazy\" decoding=\"async\" width=\"550\" height=\"550\" src=\"https:\/\/leilamartial.com\/wp-content\/uploads\/2019\/03\/10644325_478399005695252_282626516545052182_o-550x550.jpg\" class=\"attachment-mixtape_qodef_square size-mixtape_qodef_square\" alt=\"\" srcset=\"https:\/\/leilamartial.com\/wp-content\/uploads\/2019\/03\/10644325_478399005695252_282626516545052182_o-550x550.jpg 550w, https:\/\/leilamartial.com\/wp-content\/uploads\/2019\/03\/10644325_478399005695252_282626516545052182_o-150x150.jpg 150w, https:\/\/leilamartial.com\/wp-content\/uploads\/2019\/03\/10644325_478399005695252_282626516545052182_o-300x300.jpg 300w, https:\/\/leilamartial.com\/wp-content\/uploads\/2019\/03\/10644325_478399005695252_282626516545052182_o-768x768.jpg 768w, https:\/\/leilamartial.com\/wp-content\/uploads\/2019\/03\/10644325_478399005695252_282626516545052182_o-1000x1000.jpg 1000w, https:\/\/leilamartial.com\/wp-content\/uploads\/2019\/03\/10644325_478399005695252_282626516545052182_o.jpg 1023w\" sizes=\"auto, (max-width: 550px) 100vw, 550px\" \/>\t\t\t\t\t\t\t\t\t<\/a>\n\t\t\t\t\t\t<\/div>\n\t\t<\/div>\n\t\t\t<div class=\"qodef-gallery-image qodef-size-big-square\">\n\t\t\t<div class=\"qodef-gallery-image-inner\">\n\t\t\t\t\t\t\t\t<a href=\"https:\/\/leilamartial.com\/wp-content\/uploads\/2019\/03\/12304048_478395322362287_5195835720587311573_o-767x1000.jpg\" data-rel=\"prettyPhoto[single_pretty_photo]\" title=\"12304048_478395322362287_5195835720587311573_o\">\n\t\t\t\t\t\t\t\t\t\t\t<img loading=\"lazy\" decoding=\"async\" width=\"767\" height=\"1000\" src=\"https:\/\/leilamartial.com\/wp-content\/uploads\/2019\/03\/12304048_478395322362287_5195835720587311573_o-767x1000.jpg\" class=\"attachment-mixtape_qodef_large_width_height size-mixtape_qodef_large_width_height\" alt=\"\" \/>\t\t\t\t\t\t\t\t\t<\/a>\n\t\t\t\t\t\t<\/div>\n\t\t<\/div>\n\t\t\t<div class=\"qodef-gallery-image qodef-size-square\">\n\t\t\t<div class=\"qodef-gallery-image-inner\">\n\t\t\t\t\t\t\t\t<a href=\"https:\/\/leilamartial.com\/wp-content\/uploads\/2019\/03\/34340899_836440369891112_1866725346712223744_o-550x550.jpg\" data-rel=\"prettyPhoto[single_pretty_photo]\" title=\"34340899_836440369891112_1866725346712223744_o\">\n\t\t\t\t\t\t\t\t\t\t\t<img loading=\"lazy\" decoding=\"async\" width=\"550\" height=\"550\" src=\"https:\/\/leilamartial.com\/wp-content\/uploads\/2019\/03\/34340899_836440369891112_1866725346712223744_o-550x550.jpg\" class=\"attachment-mixtape_qodef_square size-mixtape_qodef_square\" alt=\"\" srcset=\"https:\/\/leilamartial.com\/wp-content\/uploads\/2019\/03\/34340899_836440369891112_1866725346712223744_o-550x550.jpg 550w, https:\/\/leilamartial.com\/wp-content\/uploads\/2019\/03\/34340899_836440369891112_1866725346712223744_o-150x150.jpg 150w, https:\/\/leilamartial.com\/wp-content\/uploads\/2019\/03\/34340899_836440369891112_1866725346712223744_o-300x300.jpg 300w, https:\/\/leilamartial.com\/wp-content\/uploads\/2019\/03\/34340899_836440369891112_1866725346712223744_o-768x768.jpg 768w, https:\/\/leilamartial.com\/wp-content\/uploads\/2019\/03\/34340899_836440369891112_1866725346712223744_o-1000x1000.jpg 1000w, https:\/\/leilamartial.com\/wp-content\/uploads\/2019\/03\/34340899_836440369891112_1866725346712223744_o.jpg 1023w\" sizes=\"auto, (max-width: 550px) 100vw, 550px\" \/>\t\t\t\t\t\t\t\t\t<\/a>\n\t\t\t\t\t\t<\/div>\n\t\t<\/div>\n\t\t\t<div class=\"qodef-gallery-image qodef-size-square\">\n\t\t\t<div class=\"qodef-gallery-image-inner\">\n\t\t\t\t\t\t\t\t<a href=\"https:\/\/leilamartial.com\/wp-content\/uploads\/2019\/03\/45677002_703619263358322_3007014613767159808_n-550x550.jpg\" data-rel=\"prettyPhoto[single_pretty_photo]\" title=\"45677002_703619263358322_3007014613767159808_n\">\n\t\t\t\t\t\t\t\t\t\t\t<img loading=\"lazy\" decoding=\"async\" width=\"550\" height=\"550\" src=\"https:\/\/leilamartial.com\/wp-content\/uploads\/2019\/03\/45677002_703619263358322_3007014613767159808_n-550x550.jpg\" class=\"attachment-mixtape_qodef_square size-mixtape_qodef_square\" alt=\"\" srcset=\"https:\/\/leilamartial.com\/wp-content\/uploads\/2019\/03\/45677002_703619263358322_3007014613767159808_n-550x550.jpg 550w, https:\/\/leilamartial.com\/wp-content\/uploads\/2019\/03\/45677002_703619263358322_3007014613767159808_n-150x150.jpg 150w, https:\/\/leilamartial.com\/wp-content\/uploads\/2019\/03\/45677002_703619263358322_3007014613767159808_n-300x300.jpg 300w, https:\/\/leilamartial.com\/wp-content\/uploads\/2019\/03\/45677002_703619263358322_3007014613767159808_n.jpg 600w\" sizes=\"auto, (max-width: 550px) 100vw, 550px\" \/>\t\t\t\t\t\t\t\t\t<\/a>\n\t\t\t\t\t\t<\/div>\n\t\t<\/div>\n\t\t\t<div class=\"qodef-gallery-image qodef-size-square\">\n\t\t\t<div class=\"qodef-gallery-image-inner\">\n\t\t\t\t\t\t\t\t<a href=\"https:\/\/leilamartial.com\/wp-content\/uploads\/2019\/03\/12440244_478395395695613_9048710666842531930_o-550x550.jpg\" data-rel=\"prettyPhoto[single_pretty_photo]\" title=\"12440244_478395395695613_9048710666842531930_o\">\n\t\t\t\t\t\t\t\t\t\t\t<img loading=\"lazy\" decoding=\"async\" width=\"550\" height=\"550\" src=\"https:\/\/leilamartial.com\/wp-content\/uploads\/2019\/03\/12440244_478395395695613_9048710666842531930_o-550x550.jpg\" class=\"attachment-mixtape_qodef_square size-mixtape_qodef_square\" alt=\"\" srcset=\"https:\/\/leilamartial.com\/wp-content\/uploads\/2019\/03\/12440244_478395395695613_9048710666842531930_o-550x550.jpg 550w, https:\/\/leilamartial.com\/wp-content\/uploads\/2019\/03\/12440244_478395395695613_9048710666842531930_o-150x150.jpg 150w, https:\/\/leilamartial.com\/wp-content\/uploads\/2019\/03\/12440244_478395395695613_9048710666842531930_o-300x300.jpg 300w, https:\/\/leilamartial.com\/wp-content\/uploads\/2019\/03\/12440244_478395395695613_9048710666842531930_o-768x768.jpg 768w, https:\/\/leilamartial.com\/wp-content\/uploads\/2019\/03\/12440244_478395395695613_9048710666842531930_o-1000x1000.jpg 1000w, https:\/\/leilamartial.com\/wp-content\/uploads\/2019\/03\/12440244_478395395695613_9048710666842531930_o.jpg 1023w\" sizes=\"auto, (max-width: 550px) 100vw, 550px\" \/>\t\t\t\t\t\t\t\t\t<\/a>\n\t\t\t\t\t\t<\/div>\n\t\t<\/div>\n\t\t\t<div class=\"qodef-gallery-image qodef-size-big-square\">\n\t\t\t<div class=\"qodef-gallery-image-inner\">\n\t\t\t\t\t\t\t\t<a href=\"https:\/\/leilamartial.com\/wp-content\/uploads\/2019\/03\/34319898_836440203224462_307148590399094784_o-1000x892.jpg\" data-rel=\"prettyPhoto[single_pretty_photo]\" title=\"34319898_836440203224462_307148590399094784_o\">\n\t\t\t\t\t\t\t\t\t\t\t<img loading=\"lazy\" decoding=\"async\" width=\"1000\" height=\"892\" src=\"https:\/\/leilamartial.com\/wp-content\/uploads\/2019\/03\/34319898_836440203224462_307148590399094784_o-1000x892.jpg\" class=\"attachment-mixtape_qodef_large_width_height size-mixtape_qodef_large_width_height\" alt=\"\" \/>\t\t\t\t\t\t\t\t\t<\/a>\n\t\t\t\t\t\t<\/div>\n\t\t<\/div>\n\t\t\t<div class=\"qodef-gallery-image qodef-size-square\">\n\t\t\t<div class=\"qodef-gallery-image-inner\">\n\t\t\t\t\t\t\t\t<a href=\"https:\/\/leilamartial.com\/wp-content\/uploads\/2019\/03\/34266745_836262809908868_4100152540140666880_o-550x550.jpg\" data-rel=\"prettyPhoto[single_pretty_photo]\" title=\"34266745_836262809908868_4100152540140666880_o\">\n\t\t\t\t\t\t\t\t\t\t\t<img loading=\"lazy\" decoding=\"async\" width=\"550\" height=\"550\" src=\"https:\/\/leilamartial.com\/wp-content\/uploads\/2019\/03\/34266745_836262809908868_4100152540140666880_o-550x550.jpg\" class=\"attachment-mixtape_qodef_square size-mixtape_qodef_square\" alt=\"\" srcset=\"https:\/\/leilamartial.com\/wp-content\/uploads\/2019\/03\/34266745_836262809908868_4100152540140666880_o-550x550.jpg 550w, https:\/\/leilamartial.com\/wp-content\/uploads\/2019\/03\/34266745_836262809908868_4100152540140666880_o-150x150.jpg 150w, https:\/\/leilamartial.com\/wp-content\/uploads\/2019\/03\/34266745_836262809908868_4100152540140666880_o-300x300.jpg 300w, https:\/\/leilamartial.com\/wp-content\/uploads\/2019\/03\/34266745_836262809908868_4100152540140666880_o-768x768.jpg 768w, https:\/\/leilamartial.com\/wp-content\/uploads\/2019\/03\/34266745_836262809908868_4100152540140666880_o-1000x1000.jpg 1000w, https:\/\/leilamartial.com\/wp-content\/uploads\/2019\/03\/34266745_836262809908868_4100152540140666880_o.jpg 1023w\" sizes=\"auto, (max-width: 550px) 100vw, 550px\" \/>\t\t\t\t\t\t\t\t\t<\/a>\n\t\t\t\t\t\t<\/div>\n\t\t<\/div>\n\t\t\t<div class=\"qodef-gallery-image qodef-size-square\">\n\t\t\t<div class=\"qodef-gallery-image-inner\">\n\t\t\t\t\t\t\t\t<a href=\"https:\/\/leilamartial.com\/wp-content\/uploads\/2019\/03\/34302708_835827266619089_2466595461780209664_o-550x550.jpg\" data-rel=\"prettyPhoto[single_pretty_photo]\" title=\"34302708_835827266619089_2466595461780209664_o\">\n\t\t\t\t\t\t\t\t\t\t\t<img loading=\"lazy\" decoding=\"async\" width=\"550\" height=\"550\" src=\"https:\/\/leilamartial.com\/wp-content\/uploads\/2019\/03\/34302708_835827266619089_2466595461780209664_o-550x550.jpg\" class=\"attachment-mixtape_qodef_square size-mixtape_qodef_square\" alt=\"\" \/>\t\t\t\t\t\t\t\t\t<\/a>\n\t\t\t\t\t\t<\/div>\n\t\t<\/div>\n\t\t\t<div class=\"qodef-gallery-image qodef-size-landscape\">\n\t\t\t<div class=\"qodef-gallery-image-inner\">\n\t\t\t\t\t\t\t\t<a href=\"https:\/\/leilamartial.com\/wp-content\/uploads\/2019\/03\/34308285_836266616575154_4065195169958330368_o-1000x500.jpg\" data-rel=\"prettyPhoto[single_pretty_photo]\" title=\"34308285_836266616575154_4065195169958330368_o\">\n\t\t\t\t\t\t\t\t\t\t\t<img loading=\"lazy\" decoding=\"async\" width=\"1000\" height=\"500\" src=\"https:\/\/leilamartial.com\/wp-content\/uploads\/2019\/03\/34308285_836266616575154_4065195169958330368_o-1000x500.jpg\" class=\"attachment-mixtape_qodef_large_width size-mixtape_qodef_large_width\" alt=\"\" \/>\t\t\t\t\t\t\t\t\t<\/a>\n\t\t\t\t\t\t<\/div>\n\t\t<\/div>\n\t<\/div><\/div><\/div><\/div><\/div><\/div>\n<\/div>","protected":false},"excerpt":{"rendered":"Duo pluri-indisciplin\u00e9 Marl\u00e8ne Rostaing et Le\u00efla Martial sont des oiseaux de permissivit\u00e9. Danseuse, vocaliste, clown, conteuse, on ne sait plus...","protected":false},"author":1,"featured_media":8725,"parent":0,"menu_order":8,"comment_status":"closed","ping_status":"closed","template":"full-width.php","meta":{"footnotes":""},"tags":[616],"class_list":["post-8720","page","type-page","status-publish","has-post-thumbnail","hentry","tag-old"],"_links":{"self":[{"href":"https:\/\/leilamartial.com\/en\/wp-json\/wp\/v2\/pages\/8720","targetHints":{"allow":["GET"]}}],"collection":[{"href":"https:\/\/leilamartial.com\/en\/wp-json\/wp\/v2\/pages"}],"about":[{"href":"https:\/\/leilamartial.com\/en\/wp-json\/wp\/v2\/types\/page"}],"author":[{"embeddable":true,"href":"https:\/\/leilamartial.com\/en\/wp-json\/wp\/v2\/users\/1"}],"replies":[{"embeddable":true,"href":"https:\/\/leilamartial.com\/en\/wp-json\/wp\/v2\/comments?post=8720"}],"version-history":[{"count":6,"href":"https:\/\/leilamartial.com\/en\/wp-json\/wp\/v2\/pages\/8720\/revisions"}],"predecessor-version":[{"id":9079,"href":"https:\/\/leilamartial.com\/en\/wp-json\/wp\/v2\/pages\/8720\/revisions\/9079"}],"wp:featuredmedia":[{"embeddable":true,"href":"https:\/\/leilamartial.com\/en\/wp-json\/wp\/v2\/media\/8725"}],"wp:attachment":[{"href":"https:\/\/leilamartial.com\/en\/wp-json\/wp\/v2\/media?parent=8720"}],"wp:term":[{"taxonomy":"post_tag","embeddable":true,"href":"https:\/\/leilamartial.com\/en\/wp-json\/wp\/v2\/tags?post=8720"}],"curies":[{"name":"wp","href":"https:\/\/api.w.org\/{rel}","templated":true}]}}