{"id":8070,"date":"2019-02-20T02:04:15","date_gmt":"2019-02-20T00:04:15","guid":{"rendered":"http:\/\/leilamartial.com\/?page_id=8070"},"modified":"2023-01-10T01:22:16","modified_gmt":"2023-01-09T23:22:16","slug":"politique-de-confidentialite","status":"publish","type":"page","link":"https:\/\/leilamartial.com\/en\/politique-de-confidentialite\/","title":{"rendered":"Privacy Policy"},"content":{"rendered":"<div class=\"wpb-content-wrapper\"><div class=\"vc_row wpb_row vc_row-fluid qodef-section qodef-content-aligment-left\" style=\"\"><div class=\"clearfix qodef-full-section-inner\"><div class=\"wpb_column vc_column_container vc_col-sm-1\"><div class=\"vc_column-inner\"><div class=\"wpb_wrapper\"><\/div><\/div><\/div><div class=\"wpb_column vc_column_container vc_col-sm-10\"><div class=\"vc_column-inner\"><div class=\"wpb_wrapper\">\n\t<div class=\"wpb_text_column wpb_content_element\" >\n\t\t<div class=\"wpb_wrapper\">\n\t\t\t<h3>Qui sommes-nous\u00a0?<\/h3>\n<p>L\u2019adresse de notre site Web est\u00a0: http:\/\/leilamartial.com.<\/p>\n<h3>Utilisation des donn\u00e9es personnelles collect\u00e9es<\/h3>\n<h4>Commentaires<\/h4>\n<p>Ce site web n&rsquo;autorise pas les commentaires. Vos donn\u00e9es ne peuvent \u00eatre collect\u00e9es via ce medium.<\/p>\n<h4>M\u00e9dias<\/h4>\n<p>Si vous \u00eates un utilisateur ou une utilisatrice enregistr\u00e9\u00b7e et que vous t\u00e9l\u00e9versez des images sur le site web, nous vous conseillons d\u2019\u00e9viter de t\u00e9l\u00e9verser des images contenant des donn\u00e9es EXIF de coordonn\u00e9es GPS. Les visiteurs de votre site web peuvent t\u00e9l\u00e9charger et extraire des donn\u00e9es de localisation depuis ces images.<\/p>\n<p>Les images et vid\u00e9os contenues dans la pages M\u00e9dias sont \u00e0 destination des organismes de presse et de communication. Lorsqu&rsquo;une photographie donne pr\u00e9sence d&rsquo;un cr\u00e9dit, il est obligatoire de le montrer.<\/p>\n<h4>Formulaires de contact<\/h4>\n<p>Si vous \u00eates un utilisateur ou une utilisatrice enregistr\u00e9\u00b7e et que vous t\u00e9l\u00e9versez des images sur le site web, nous vous conseillons d\u2019\u00e9viter de t\u00e9l\u00e9verser des images contenant des donn\u00e9es EXIF de coordonn\u00e9es GPS. Les visiteurs de votre site web peuvent t\u00e9l\u00e9charger et extraire des donn\u00e9es de localisation depuis ces images.<\/p>\n<h4>M\u00e9dias et copyright<\/h4>\n<p>Les images et vid\u00e9os contenues dans la pages M\u00e9dias sont \u00e0 destination des organismes de presse et de communication. Lorsqu&rsquo;une photographie donne pr\u00e9sence d&rsquo;un cr\u00e9dit, il est obligatoire de le montrer.<\/p>\n<h4>Cookies<\/h4>\n<p>Si vous d\u00e9posez un commentaire sur notre site, il vous sera propos\u00e9 d\u2019enregistrer votre nom, adresse de messagerie et site web dans des cookies. C\u2019est uniquement pour votre confort afin de ne pas avoir \u00e0 saisir ces informations si vous d\u00e9posez un autre commentaire plus tard. Ces cookies expirent au bout d\u2019un an.<\/p>\n<p>Si vous avez un compte et que vous vous connectez sur ce site, un cookie temporaire sera cr\u00e9\u00e9 afin de d\u00e9terminer si votre navigateur accepte les cookies. Il ne contient pas de donn\u00e9es personnelles et sera supprim\u00e9 automatiquement \u00e0 la fermeture de votre navigateur.<\/p>\n<p>Lorsque vous vous connecterez, nous mettrons en place un certain nombre de cookies pour enregistrer vos informations de connexion et vos pr\u00e9f\u00e9rences d\u2019\u00e9cran. La dur\u00e9e de vie d\u2019un cookie de connexion est de deux jours, celle d\u2019un cookie d\u2019option d\u2019\u00e9cran est d\u2019un an. Si vous cochez \u00ab\u00a0Se souvenir de moi\u00a0\u00bb, votre cookie de connexion sera conserv\u00e9 pendant deux semaines. Si vous vous d\u00e9connectez de votre compte, le cookie de connexion sera effac\u00e9.<\/p>\n<p>En modifiant ou en publiant une publication, un cookie suppl\u00e9mentaire sera enregistr\u00e9 dans votre navigateur. Ce cookie ne comprend aucune donn\u00e9e personnelle. Il indique simplement l\u2019ID de la publication que vous venez de modifier. Il expire au bout d\u2019un jour.<\/p>\n<h4>Contenu embarqu\u00e9 depuis d\u2019autres sites<\/h4>\n<p>Les articles de ce site peuvent inclure des contenus int\u00e9gr\u00e9s (par exemple des vid\u00e9os, images, articles\u2026). Le contenu int\u00e9gr\u00e9 depuis d\u2019autres sites se comporte de la m\u00eame mani\u00e8re que si le visiteur se rendait sur cet autre site.<\/p>\n<p>Ces sites web pourraient collecter des donn\u00e9es sur vous, utiliser des cookies, embarquer des outils de suivis tiers, suivre vos interactions avec ces contenus embarqu\u00e9s si vous disposez d\u2019un compte connect\u00e9 sur leur site web.<\/p>\n<h4>Newsletter<\/h4>\n<p>Lors d&rsquo;une inscription \u00e0 la newsletter de Le\u00efla Martial, votre adresse email sera collect\u00e9e. Elle ne sera utilis\u00e9e qu&rsquo;afin de recevoir la newsletter de Le\u00efla Martial. Un lien de d\u00e9sabonnement vous sera toujours fourni. L&rsquo;organisme utilis\u00e9 pour les newsletter est Mailjet.<\/p>\n<h3>Utilisation et transmission de vos donn\u00e9es personnelles<\/h3>\n<h4>Dur\u00e9es de stockage de vos donn\u00e9es&lt;<\/h4>\n<p>Si vous vous abonnez \u00e0 la newsletter, votre email sera conserv\u00e9 ind\u00e9finiment jusqu&rsquo;\u00e0 d\u00e9sabonnement de votre ou part ou arr\u00eat des envois de la newsletter.<\/p>\n<p>Pour les utilisateurs et utilisatrices qui s\u2019enregistrent sur notre site (si cela est possible), nous stockons \u00e9galement les donn\u00e9es personnelles indiqu\u00e9es dans leur profil. Tous les utilisateurs et utilisatrices peuvent voir, modifier ou supprimer leurs informations personnelles \u00e0 tout moment (\u00e0 l\u2019exception de leur nom d\u2019utilisateur\u00b7ice). Les gestionnaires du site peuvent aussi voir et modifier ces informations.<\/p>\n<h4>Les droits que vous avez sur vos donn\u00e9es<\/h4>\n<p>Si vous avez un compte ou si vous avez laiss\u00e9 des commentaires sur le site, vous pouvez demander \u00e0 recevoir un fichier contenant toutes les donn\u00e9es personnelles que nous poss\u00e9dons \u00e0 votre sujet, incluant celles que vous nous avez fournies. Vous pouvez \u00e9galement demander la suppression des donn\u00e9es personnelles vous concernant. Cela ne prend pas en compte les donn\u00e9es stock\u00e9es \u00e0 des fins administratives, l\u00e9gales ou pour des raisons de s\u00e9curit\u00e9.<\/p>\n<h4>Transmission de vos donn\u00e9es personnelles<\/h4>\n<p>Les commentaires des visiteurs peuvent \u00eatre v\u00e9rifi\u00e9s \u00e0 l\u2019aide d\u2019un service automatis\u00e9 de d\u00e9tection des commentaires ind\u00e9sirables.<\/p>\n<h4>Informations de contact<\/h4>\n<p>Il est possible de laisser faire une demande de contact via le formulaire de la page contact.<\/p>\n<h3>Informations suppl\u00e9mentaires<\/h3>\n<h4>Comment nous prot\u00e9geons vos donn\u00e9es<\/h4>\n<p>Les inscriptions &agrave; la newsletter ainsi que les demandes de contact ne sont trait&eacute;es que par Le&iuml;la Martial. Notre site web est &eacute;quip&eacute; de plusieurs plugins de flitrage de spams. &Agrave; ce titre les formulaires sont accompagn&eacute;s de reCAPTCHA &eacute;dit&eacute; par Google. Pour en savoir plus, veuillez consulter la &lt;a href=&quot;\/en\/&nbsp;&raquo;https:\/\/policies.google.com\/privacy\/?hl=fr&nbsp;&raquo;&quot;&gt;politique de confidentialit&eacute; de Google&lt;\/a&gt; &agrave; ce sujet.<\/p>\n<h4>Youtube<\/h4>\n<p>Notre site Web utilise des plug-ins provenant de YouTube, service exploit\u00e9 par Google. L\u2019exploitant des pages est YouTube LLC, 901 Cherry Ave., San Bruno, CA 94066, \u00c9tats-Unis.<\/p>\n<p>Si vous visitez l\u2019une de nos pages contenant un plugin YouTube, une connexion aux serveurs YouTube est \u00e9tablie. Le serveur YouTube est alors inform\u00e9 des pages que vous avez visit\u00e9es sur notre site.<br \/>\nSi vous \u00eates connect\u00e9 \u00e0 votre compte YouTube, YouTube vous permet d&rsquo;associer votre historique de navigation directement \u00e0 votre profil personnel. Vous pouvez d\u00e9sactiver cette fonctionnalit\u00e9 en vous d\u00e9connectant de votre compte YouTube.<\/p>\n<p>YouTube est utilis\u00e9 pour rendre notre site Web attractif. Cela constitue un int\u00e9r\u00eat justifi\u00e9 d\u2019apr\u00e8s l&rsquo;article Art. 6 (1) (f) DSGVO.<\/p>\n<p>Pour plus d&rsquo;informations sur le traitement des donn\u00e9es utilisateur, consultez la politique de protection des donn\u00e9es de YouTube ici <a href=\"https:\/\/www.google.de\/intl\/de\/policies\/privacy\" target=\"_blank\" rel=\"noopener noreferrer\">https:\/\/www.google.de\/intl\/de\/policies\/privacy<\/a>.<\/p>\n<h4>Vim\u00e9o<\/h4>\n<p>Notre site Web utilise des fonctionnalit\u00e9s fournies par le portail vid\u00e9o Vimeo. Ce service est fourni par Vimeo Inc., 555 West 18th Street, New York, New York 10011, \u00c9tats-Unis.<\/p>\n<p>Si vous visitez l&rsquo;une de nos pages utilisant un plugin Vimeo, une connexion aux serveurs Vimeo est \u00e9tablie. Le serveur Vimeo est alors inform\u00e9 des pages que vous avez visit\u00e9es sur notre site. De plus, Vimeo recevra votre adresse IP. Ceci s&rsquo;applique \u00e9galement si vous n&rsquo;\u00eates pas connect\u00e9 \u00e0 Vimeo lorsque vous visitez notre plugin ou si vous n&rsquo;avez pas de compte Vimeo. Les informations sont transmises \u00e0 un serveur Vimeo aux \u00c9tats-Unis, o\u00f9 elles sont stock\u00e9es.<\/p>\n<p>Si vous \u00eates connect\u00e9 \u00e0 votre compte Vimeo, Vimeo vous permet d&rsquo;associer votre historique de navigation directement \u00e0 votre profil personnel. Vous pouvez d\u00e9sactiver cette fonctionnalit\u00e9 en vous d\u00e9connectant de votre compte Vimeo.<\/p>\n<p>Pour plus d&rsquo;informations sur la gestion des donn\u00e9es utilisateur, consultez la politique de confidentialit\u00e9 de Vimeo ici <a href=\"https:\/\/vimeo.com\/privacy\" target=\"_blank\" rel=\"noopener noreferrer\">https:\/\/vimeo.com\/privacy<\/a>.<\/p>\n<h4>Polices Web de Google<\/h4>\n<p>Pour une repr\u00e9sentation uniforme des polices, cette page utilise des polices Web fournies par Google. Lorsque vous ouvrez une page, votre navigateur charge les polices Web requises dans le cache de votre navigateur afin d&rsquo;afficher correctement les textes et les polices.<\/p>\n<p>Pour ce faire, votre navigateur doit \u00e9tablir une connexion directe avec les serveurs Google. Google est ainsi averti que notre page Web a \u00e9t\u00e9 consult\u00e9e via votre adresse IP. L&rsquo;utilisation des polices Web de Google est effectu\u00e9e dans l&rsquo;int\u00e9r\u00eat d&rsquo;une pr\u00e9sentation uniforme et attrayante de notre plugin. Cela constitue un int\u00e9r\u00eat justifi\u00e9 d\u2019apr\u00e8s l&rsquo;article Art. 6 (1) (f) DSGVO.<\/p>\n<p>Si votre navigateur ne prend pas en charge les polices Web, votre ordinateur utilise une police standard.<\/p>\n<p>De plus amples informations sur la gestion des donn\u00e9es utilisateur sont disponibles ici<a href=\"https:\/\/developers.google.com\/fonts\/faq\" target=\"_blank\" rel=\"noopener noreferrer\">https:\/\/developers.google.com\/fonts\/faq<\/a>ainsi que dans les r\u00e8gles de confidentialit\u00e9 de Google ici<a href=\"https:\/\/www.google.com\/policies\/privacy\/\" target=\"_blank\" rel=\"noopener noreferrer\">https:\/\/www.google.com\/policies\/privacy\/<\/a>.<\/p>\n<h4>SoundCloud<\/h4>\n<p>Nos pages peuvent utiliser des plug-ins du r\u00e9seau social SoundCloud (SoundCloud Limited, Berners House, 47-48 Berners Street, Londres W1T 3NF, UK). Les plugins SoundCloud sont reconnaissables au logo SoundCloud sur notre site.<\/p>\n<p>Lorsque vous visitez notre site, une connexion directe entre votre navigateur et le serveur SoundCloud est \u00e9tablie via le plugin. SoundCloud sait alors que vous avez visit\u00e9 notre site depuis votre adresse IP. Si vous cliquez sur les boutons \u201cJ&rsquo;aime\u201d ou \u201cPartager\u201d pendant que vous \u00eates connect\u00e9 \u00e0 votre compte SoundCloud, vous pouvez associer le contenu de nos pages \u00e0 votre profil SoundCloud. Cela signifie que SoundCloud peut associer des visites sur nos pages avec votre compte utilisateur. Nous aimerions souligner que, en tant que fournisseur de ces pages, nous n\u2019avons aucune connaissance du contenu des donn\u00e9es transmises ni de la mani\u00e8re dont elles seront utilis\u00e9es par SoundCloud. Pour plus d&rsquo;informations sur la politique de confidentialit\u00e9 de SoundCloud, rendez-vous \u00e0 l&rsquo;adresse https:\/\/soundcloud.com\/pages\/privacy.<\/p>\n<p>Si vous ne souhaitez pas que SoundCloud associe votre visite sur notre site \u00e0 votre compte SoundCloud, d\u00e9connectez-vous de votre compte SoundCloud.<\/p>\n\n\t\t<\/div>\n\t<\/div>\n<\/div><\/div><\/div><div class=\"wpb_column vc_column_container vc_col-sm-1\"><div class=\"vc_column-inner\"><div class=\"wpb_wrapper\"><\/div><\/div><\/div><\/div><\/div><div class=\"vc_row wpb_row vc_row-fluid qodef-section qodef-content-aligment-left\" style=\"\"><div class=\"clearfix qodef-full-section-inner\"><div class=\"wpb_column vc_column_container vc_col-sm-12\"><div class=\"vc_column-inner\"><div class=\"wpb_wrapper\"><div class=\"vc_empty_space\"   style=\"height: 100px\"><span class=\"vc_empty_space_inner\"><\/span><\/div><\/div><\/div><\/div><\/div><\/div><!-- \/wp:post-content --><\/div>","protected":false},"excerpt":{"rendered":"Qui sommes-nous\u00a0? L\u2019adresse de notre site Web est\u00a0: http:\/\/leilamartial.com. Utilisation des donn\u00e9es personnelles collect\u00e9es Commentaires Ce site web n'autorise pas...","protected":false},"author":1,"featured_media":0,"parent":0,"menu_order":24,"comment_status":"closed","ping_status":"closed","template":"full-width.php","meta":{"footnotes":""},"tags":[],"class_list":["post-8070","page","type-page","status-publish","hentry"],"_links":{"self":[{"href":"https:\/\/leilamartial.com\/en\/wp-json\/wp\/v2\/pages\/8070","targetHints":{"allow":["GET"]}}],"collection":[{"href":"https:\/\/leilamartial.com\/en\/wp-json\/wp\/v2\/pages"}],"about":[{"href":"https:\/\/leilamartial.com\/en\/wp-json\/wp\/v2\/types\/page"}],"author":[{"embeddable":true,"href":"https:\/\/leilamartial.com\/en\/wp-json\/wp\/v2\/users\/1"}],"replies":[{"embeddable":true,"href":"https:\/\/leilamartial.com\/en\/wp-json\/wp\/v2\/comments?post=8070"}],"version-history":[{"count":20,"href":"https:\/\/leilamartial.com\/en\/wp-json\/wp\/v2\/pages\/8070\/revisions"}],"predecessor-version":[{"id":9902,"href":"https:\/\/leilamartial.com\/en\/wp-json\/wp\/v2\/pages\/8070\/revisions\/9902"}],"wp:attachment":[{"href":"https:\/\/leilamartial.com\/en\/wp-json\/wp\/v2\/media?parent=8070"}],"wp:term":[{"taxonomy":"post_tag","embeddable":true,"href":"https:\/\/leilamartial.com\/en\/wp-json\/wp\/v2\/tags?post=8070"}],"curies":[{"name":"wp","href":"https:\/\/api.w.org\/{rel}","templated":true}]}}