{"id":11289,"date":"2026-03-09T13:11:43","date_gmt":"2026-03-09T11:11:43","guid":{"rendered":"https:\/\/leilamartial.com\/?page_id=11289"},"modified":"2026-03-09T14:52:46","modified_gmt":"2026-03-09T12:52:46","slug":"haikai-trio","status":"publish","type":"page","link":"https:\/\/leilamartial.com\/en\/haikai-trio\/","title":{"rendered":"Ha\u00cfka\u00cf"},"content":{"rendered":"<div class=\"wpb-content-wrapper\"><div class=\"vc_row wpb_row vc_row-fluid qodef-section qodef-content-aligment-left qodef-grid-section\" style=\"\"><div class=\"clearfix qodef-section-inner\"><div class=\"qodef-section-inner-margin clearfix\"><div class=\"wpb_column vc_column_container vc_col-sm-12\"><div class=\"vc_column-inner\"><div class=\"wpb_wrapper\">\n\t<div class=\"wpb_text_column wpb_content_element\" >\n\t\t<div class=\"wpb_wrapper\">\n\t\t\t<h3>Ha\u00cfka\u00cf<\/h3>\n\n\t\t<\/div>\n\t<\/div>\n<div class=\"qodef-separator-holder clearfix  qodef-separator-left\">\n\t<div class=\"qodef-separator\" style=\"border-color: #000000;width: 45px;border-bottom-width: 3px;margin-top: 28px;margin-bottom: 28px\"><\/div>\n<\/div>\n<div class=\"vc_row wpb_row vc_inner vc_row-fluid qodef-section vc_custom_1551893007545 qodef-content-aligment-left\" style=\"\"><div class=\"qodef-full-section-inner\"><div class=\"wpb_column vc_column_container vc_col-sm-6\"><div class=\"vc_column-inner\"><div class=\"wpb_wrapper\">\n\t<div class=\"wpb_text_column wpb_content_element vc_custom_1773053836388\" >\n\t\t<div class=\"wpb_wrapper\">\n\t\t\t<div class=\"page\" title=\"Page 1\">\n<div class=\"page\" title=\"Page 2\">\n<div class=\"layoutArea\">\n<div class=\"column\">\n<p><span style=\"font-family: Arial, Helvetica, sans-serif;\">Le Ha\u00efka\u00ef est une forme po\u00e9tique japonaise qui est l\u2019anc\u00eatre du Ha\u00efku.<\/span><\/p>\n<p>Plus loquace, plus dr\u00f4le et l\u00e9ger, il manie l\u2019art de la juxtaposition d\u2019images non-logiques guid\u00e9es par l\u2019\u00e9motion. Voil\u00e0 ce qui d\u00e9finirait le mieux l\u2019approche sensible des trois chanteuses Heidi Heidelberg, Le\u00efla Martial et Jessica Martin Maresco, chanteuses polyvalentes qui joignent leur voix pour des explorations improvis\u00e9es.<\/p>\n<p><span style=\"font-family: Arial, Helvetica, sans-serif;\">Ces trois oiseaux rares communiquent \u00e0 travers des cris m\u00e9lodieux et des motifs complexes entrela\u00e7ant leurs voix dans une symphonie d\u2019improvisation de haut vol, capturant l\u2019essence de l\u2019expression vocale et mat\u00e9rialisant leurs sensibilit\u00e9s respectives dans une polyphonie improbable.<\/span><\/p>\n<p><span style=\"font-family: Arial, Helvetica, sans-serif;\">En plus de leurs voix, elles utilisent une gamme unique d\u2019objets pour s\u2019accompagner, ajoutant des couches de textures et de profondeur \u00e0 leur migration sonore. Antoine Arnera, compositeur complice, va cr\u00e9er quelques pi\u00e8ces vocales exquises et fulgurantes pour leurs voix.<\/span><\/p>\n<p><span style=\"font-family: Arial, Helvetica, sans-serif;\">Puisant leurs inspirations chez Kurt Schwitters avec ses Ursonata, ou dans le langage prosodique de Stockhausen, les pi\u00e8ces tr\u00e8s courtes seront l\u2019occasion de jouer, de triturer des mots pour les incarner dans une \u00e9nergie po\u00e9tique, compulsive et torrentielle; des jeux de rythmes anarchiques et d\u00e9sopilants, du airchant, des borborygmes, des jeux vocaux et des bribes de m\u00e9lodies psych\u00e9d\u00e9liques d\u2019inspiration japonaises\u2026<\/span><\/p>\n<p><span style=\"font-family: Arial, Helvetica, sans-serif;\">Il y aura un peu de tout \u00e7a : de l\u2019anarchie et du myst\u00e8re. Beaucoup de myst\u00e8re.<\/span><\/p>\n<\/div>\n<\/div>\n<\/div>\n<\/div>\n\n\t\t<\/div>\n\t<\/div>\n<div class=\"vc_separator wpb_content_element vc_separator_align_center vc_sep_width_100 vc_sep_dotted vc_sep_pos_align_center vc_sep_color_black vc_custom_1551893060853 wpb_content_element vc_separator-has-text\" ><span class=\"vc_sep_holder vc_sep_holder_l\"><span class=\"vc_sep_line\"><\/span><\/span><h4>Presse<\/h4><span class=\"vc_sep_holder vc_sep_holder_r\"><span class=\"vc_sep_line\"><\/span><\/span>\n<\/div><a href=\"https:\/\/leilamartial.com\/wp-content\/uploads\/2016\/09\/HaiKai-13-septembre-2024.pdf\" target=\"_blank\" style=\"margin: 10px\" class=\"qodef-btn qodef-btn-small qodef-btn-outline qodef-btn-icon\"  >\n    <span class=\"qodef-btn-text\">Ch\u00e2teau de Caramagne<\/span>\n    <i class=\"qodef-icon-font-awesome fa fa-file-pdf-o \" ><\/i><\/a><a href=\"https:\/\/leilamartial.com\/wp-content\/uploads\/2016\/09\/HaiKai-26-septembre-2025.pdf\" target=\"_blank\" style=\"margin: 10px\" class=\"qodef-btn qodef-btn-small qodef-btn-outline qodef-btn-icon\"  >\n    <span class=\"qodef-btn-text\">Grenoble Alpes Festival<\/span>\n    <i class=\"qodef-icon-font-awesome fa fa-file-pdf-o \" ><\/i><\/a><a href=\"https:\/\/leilamartial.com\/wp-content\/uploads\/2016\/09\/HaIkaI-Dossier-presentation-2-1.pdf\" target=\"_blank\" style=\"margin: 10px\" class=\"qodef-btn qodef-btn-small qodef-btn-outline qodef-btn-icon\"  >\n    <span class=\"qodef-btn-text\">Dossier de presse<\/span>\n    <i class=\"qodef-icon-font-awesome fa fa-file-pdf-o \" ><\/i><\/a><\/div><\/div><\/div><div class=\"wpb_column vc_column_container vc_col-sm-6\"><div class=\"vc_column-inner\"><div class=\"wpb_wrapper\">\n\t<div  class=\"wpb_single_image wpb_content_element vc_align_left wpb_content_element\">\n\t\t\n\t\t<figure class=\"wpb_wrapper vc_figure\">\n\t\t\t<div class=\"vc_single_image-wrapper   vc_box_border_grey\"><img decoding=\"async\" class=\"vc_single_image-img \" src=\"https:\/\/leilamartial.com\/wp-content\/uploads\/2025\/12\/haikai-1500x1500.png\" width=\"1500\" height=\"1500\" alt=\"haikai\" title=\"haikai\" loading=\"lazy\" \/><\/div>\n\t\t<\/figure>\n\t<\/div>\n\n\t<div class=\"wpb_text_column wpb_content_element vc_custom_1732117082741\" >\n\t\t<div class=\"wpb_wrapper\">\n\t\t\t<h3>\u00c0 propos :<\/h3>\n\n\t\t<\/div>\n\t<\/div>\n<div class=\"qodef-separator-holder clearfix  qodef-separator-left\">\n\t<div class=\"qodef-separator\" style=\"border-color: #000000;width: 22px;border-bottom-width: 3px;margin-top: 28px;margin-bottom: 28px\"><\/div>\n<\/div>\n\n\t<div class=\"wpb_text_column wpb_content_element\" >\n\t\t<div class=\"wpb_wrapper\">\n\t\t\t<p><span style=\"color: #000000;\">Jessica Martin Maresco :<\/span> Voix \u00a0<a href=\"https:\/\/www.instagram.com\/jessica.martin.maresco\/\">@jessica.martin.maresco<\/a><br \/>\n<span style=\"color: #000000;\">Heidi Heidelberg :<\/span> Voix \u00a0<a href=\"https:\/\/www.instagram.com\/heidiheidelberg\">@heidiheidelberg<\/a><br \/>\n<span style=\"color: #000000;\">Le\u00efla Martial :<\/span> Voix\u00a0 <a href=\"https:\/\/www.instagram.com\/leilamartial_\/\">@leilamartial_<\/a><\/p>\n\n\t\t<\/div>\n\t<\/div>\n<\/div><\/div><\/div><\/div><\/div><\/div><\/div><\/div><\/div><\/div><\/div><div class=\"vc_row wpb_row vc_row-fluid qodef-section vc_custom_1772060191626 qodef-content-aligment-left qodef-grid-section\" style=\"\"><div class=\"clearfix qodef-section-inner\"><div class=\"qodef-section-inner-margin clearfix\"><div class=\"wpb_column vc_column_container vc_col-sm-12\"><div class=\"vc_column-inner\"><div class=\"wpb_wrapper\"><\/div><\/div><\/div><\/div><\/div><\/div><div class=\"vc_row wpb_row vc_row-fluid qodef-section vc_custom_1772059926934 qodef-content-aligment-left qodef-grid-section\" style=\"\"><div class=\"clearfix qodef-section-inner\"><div class=\"qodef-section-inner-margin clearfix\"><div class=\"wpb_column vc_column_container vc_col-sm-12\"><div class=\"vc_column-inner\"><div class=\"wpb_wrapper\">\n\t<div class=\"wpb_text_column wpb_content_element\" >\n\t\t<div class=\"wpb_wrapper\">\n\t\t\t<h2><span style=\"color: #ffffff;\">Vid\u00e9os<\/span><\/h2>\n\n\t\t<\/div>\n\t<\/div>\n<div class=\"qodef-separator-holder clearfix  qodef-separator-left\">\n\t<div class=\"qodef-separator\" style=\"border-color: #ffffff;width: 45px;border-bottom-width: 3px;margin-top: 28px;margin-bottom: 28px\"><\/div>\n<\/div>\n<div class=\"vc_tta-container vc_tta-o-non-responsive\" data-vc-action=\"collapse\"><div class=\"vc_general vc_tta vc_tta-tabs vc_tta-o-shape-group vc_tta-has-pagination vc_tta-o-no-fill vc_tta-tabs-position-top  vc_tta-pageable\"><div class=\"vc_tta-panels-container\"><ul class=\"vc_general vc_pagination vc_pagination-style-outline vc_pagination-shape-round vc_pagination-color-grey\"><li class=\"vc_pagination-item vc_active\" data-vc-tab><a href=\"#teaser\" class=\"vc_pagination-trigger\" data-vc-tabs data-vc-container=\".vc_tta\"><\/a><\/li><li class=\"vc_pagination-item\" data-vc-tab><a href=\"#Partita\" class=\"vc_pagination-trigger\" data-vc-tabs data-vc-container=\".vc_tta\"><\/a><\/li><\/ul><div class=\"vc_tta-panels\"><div  class=\"vc_tta-panel vc_active\" id=\"teaser\" data-vc-content=\".vc_tta-panel-body\"><div class=\"vc_tta-panel-body\">\n\t\t\t<span class=\"vc_tta-panel-title\">\n\t\t\t\t<a  data-vc-container=\".vc_tta-container\" data-vc-accordion=\"\" data-vc-target=\"#teaser\"><\/a>\n\t\t\t<\/span>\n\t\t\n\t<div class=\"wpb_video_widget wpb_content_element vc_clearfix   vc_video-aspect-ratio-169 vc_video-el-width-100 vc_video-align-center\" >\n\t\t<div class=\"wpb_wrapper\">\n\t\t\t\n\t\t\t<div class=\"wpb_video_wrapper\"><iframe loading=\"lazy\" title=\"Ha\u00efKa\u00ef - Fitizopsid\" width=\"500\" height=\"281\" src=\"https:\/\/www.youtube.com\/embed\/KEWR_BRGG3s?feature=oembed\" frameborder=\"0\" allow=\"accelerometer; autoplay; clipboard-write; encrypted-media; gyroscope; picture-in-picture; web-share\" referrerpolicy=\"strict-origin-when-cross-origin\" allowfullscreen><\/iframe><\/div>\n\t\t<\/div>\n\t<\/div>\n<\/div><\/div><div  class=\"vc_tta-panel\" id=\"Partita\" data-vc-content=\".vc_tta-panel-body\"><div class=\"vc_tta-panel-body\">\n\t\t\t<span class=\"vc_tta-panel-title\">\n\t\t\t\t<a  data-vc-container=\".vc_tta-container\" data-vc-accordion=\"\" data-vc-target=\"#Partita\"><\/a>\n\t\t\t<\/span>\n\t\t\n\t<div class=\"wpb_video_widget wpb_content_element vc_clearfix   vc_video-aspect-ratio-169 vc_video-el-width-100 vc_video-align-center\" >\n\t\t<div class=\"wpb_wrapper\">\n\t\t\t<h2 class=\"wpb_heading wpb_video_heading\">Interview du Trio Ha\u00efka\u00ef<\/h2>\n\t\t\t<div class=\"wpb_video_wrapper\"><iframe loading=\"lazy\" title=\"Interview du Trio Ha\u00efka\u00ef en sortie de r\u00e9sidence\" width=\"500\" height=\"281\" src=\"https:\/\/www.youtube.com\/embed\/lexZQx5n298?feature=oembed\" frameborder=\"0\" allow=\"accelerometer; autoplay; clipboard-write; encrypted-media; gyroscope; picture-in-picture; web-share\" referrerpolicy=\"strict-origin-when-cross-origin\" allowfullscreen><\/iframe><\/div>\n\t\t<\/div>\n\t<\/div>\n<\/div><\/div><\/div><\/div><\/div><\/div><\/div><\/div><\/div><\/div><\/div><\/div><div class=\"vc_row wpb_row vc_row-fluid qodef-section qodef-content-aligment-left\" style=\"\"><div class=\"clearfix qodef-full-section-inner\"><div class=\"wpb_column vc_column_container vc_col-sm-12\"><div class=\"vc_column-inner\"><div class=\"wpb_wrapper\"><div class=\"vc_empty_space\"   style=\"height: 100px\"><span class=\"vc_empty_space_inner\"><\/span><\/div><div class=\"qodef-image-gallery-masonry\">\n\t<div class=\"qodef-image-masonry-grid-sizer\"><\/div>\n\t\t\t<div class=\"qodef-gallery-image qodef-size-square\">\n\t\t\t<div class=\"qodef-gallery-image-inner\">\n\t\t\t\t\t\t\t\t<a href=\"https:\/\/leilamartial.com\/wp-content\/uploads\/2026\/03\/HaiKai3-550x550.jpg\" data-rel=\"prettyPhoto[single_pretty_photo]\" title=\"Ha\u00efKa\u00ef3\">\n\t\t\t\t\t\t\t\t\t\t\t<img loading=\"lazy\" decoding=\"async\" width=\"550\" height=\"550\" src=\"https:\/\/leilamartial.com\/wp-content\/uploads\/2026\/03\/HaiKai3-550x550.jpg\" class=\"attachment-mixtape_qodef_square size-mixtape_qodef_square\" alt=\"\" \/>\t\t\t\t\t\t\t\t\t<\/a>\n\t\t\t\t\t\t<\/div>\n\t\t<\/div>\n\t\t\t<div class=\"qodef-gallery-image qodef-size-square\">\n\t\t\t<div class=\"qodef-gallery-image-inner\">\n\t\t\t\t\t\t\t\t<a href=\"https:\/\/leilamartial.com\/wp-content\/uploads\/2026\/03\/459977421_2872624006243471_4234938422764007217_n-550x550.jpg\" data-rel=\"prettyPhoto[single_pretty_photo]\" title=\"459977421_2872624006243471_4234938422764007217_n\">\n\t\t\t\t\t\t\t\t\t\t\t<img loading=\"lazy\" decoding=\"async\" width=\"550\" height=\"550\" src=\"https:\/\/leilamartial.com\/wp-content\/uploads\/2026\/03\/459977421_2872624006243471_4234938422764007217_n-550x550.jpg\" class=\"attachment-mixtape_qodef_square size-mixtape_qodef_square\" alt=\"\" \/>\t\t\t\t\t\t\t\t\t<\/a>\n\t\t\t\t\t\t<\/div>\n\t\t<\/div>\n\t\t\t<div class=\"qodef-gallery-image qodef-size-square\">\n\t\t\t<div class=\"qodef-gallery-image-inner\">\n\t\t\t\t\t\t\t\t<a href=\"https:\/\/leilamartial.com\/wp-content\/uploads\/2026\/03\/459408632_2872623846243487_1398394493743823751_n-550x550.jpg\" data-rel=\"prettyPhoto[single_pretty_photo]\" title=\"459408632_2872623846243487_1398394493743823751_n\">\n\t\t\t\t\t\t\t\t\t\t\t<img loading=\"lazy\" decoding=\"async\" width=\"550\" height=\"550\" src=\"https:\/\/leilamartial.com\/wp-content\/uploads\/2026\/03\/459408632_2872623846243487_1398394493743823751_n-550x550.jpg\" class=\"attachment-mixtape_qodef_square size-mixtape_qodef_square\" alt=\"\" \/>\t\t\t\t\t\t\t\t\t<\/a>\n\t\t\t\t\t\t<\/div>\n\t\t<\/div>\n\t\t\t<div class=\"qodef-gallery-image qodef-size-square\">\n\t\t\t<div class=\"qodef-gallery-image-inner\">\n\t\t\t\t\t\t\t\t<a href=\"https:\/\/leilamartial.com\/wp-content\/uploads\/2026\/03\/459362950_2872622109576994_4196372497342559757_n-550x550.jpg\" data-rel=\"prettyPhoto[single_pretty_photo]\" title=\"459362950_2872622109576994_4196372497342559757_n\">\n\t\t\t\t\t\t\t\t\t\t\t<img loading=\"lazy\" decoding=\"async\" width=\"550\" height=\"550\" src=\"https:\/\/leilamartial.com\/wp-content\/uploads\/2026\/03\/459362950_2872622109576994_4196372497342559757_n-550x550.jpg\" class=\"attachment-mixtape_qodef_square size-mixtape_qodef_square\" alt=\"\" \/>\t\t\t\t\t\t\t\t\t<\/a>\n\t\t\t\t\t\t<\/div>\n\t\t<\/div>\n\t<\/div><\/div><\/div><\/div><\/div><\/div>\n<\/div>","protected":false},"excerpt":{"rendered":"Ha\u00cfka\u00cf Le Ha\u00efka\u00ef est une forme po\u00e9tique japonaise qui est l\u2019anc\u00eatre du Ha\u00efku. Plus loquace, plus dr\u00f4le et l\u00e9ger, il...","protected":false},"author":1,"featured_media":10892,"parent":0,"menu_order":2,"comment_status":"closed","ping_status":"closed","template":"full-width.php","meta":{"footnotes":""},"tags":[613],"class_list":["post-11289","page","type-page","status-publish","has-post-thumbnail","hentry","tag-groupe"],"_links":{"self":[{"href":"https:\/\/leilamartial.com\/en\/wp-json\/wp\/v2\/pages\/11289","targetHints":{"allow":["GET"]}}],"collection":[{"href":"https:\/\/leilamartial.com\/en\/wp-json\/wp\/v2\/pages"}],"about":[{"href":"https:\/\/leilamartial.com\/en\/wp-json\/wp\/v2\/types\/page"}],"author":[{"embeddable":true,"href":"https:\/\/leilamartial.com\/en\/wp-json\/wp\/v2\/users\/1"}],"replies":[{"embeddable":true,"href":"https:\/\/leilamartial.com\/en\/wp-json\/wp\/v2\/comments?post=11289"}],"version-history":[{"count":8,"href":"https:\/\/leilamartial.com\/en\/wp-json\/wp\/v2\/pages\/11289\/revisions"}],"predecessor-version":[{"id":11306,"href":"https:\/\/leilamartial.com\/en\/wp-json\/wp\/v2\/pages\/11289\/revisions\/11306"}],"wp:featuredmedia":[{"embeddable":true,"href":"https:\/\/leilamartial.com\/en\/wp-json\/wp\/v2\/media\/10892"}],"wp:attachment":[{"href":"https:\/\/leilamartial.com\/en\/wp-json\/wp\/v2\/media?parent=11289"}],"wp:term":[{"taxonomy":"post_tag","embeddable":true,"href":"https:\/\/leilamartial.com\/en\/wp-json\/wp\/v2\/tags?post=11289"}],"curies":[{"name":"wp","href":"https:\/\/api.w.org\/{rel}","templated":true}]}}