{"id":10692,"date":"2025-06-03T15:12:07","date_gmt":"2025-06-03T13:12:07","guid":{"rendered":"https:\/\/leilamartial.com\/?page_id=10692"},"modified":"2026-03-09T15:19:51","modified_gmt":"2026-03-09T13:19:51","slug":"atrahasis","status":"publish","type":"page","link":"https:\/\/leilamartial.com\/en\/atrahasis\/","title":{"rendered":"Atrahasis"},"content":{"rendered":"<div class=\"wpb-content-wrapper\"><div class=\"vc_row wpb_row vc_row-fluid qodef-section qodef-content-aligment-left qodef-grid-section\" style=\"\"><div class=\"clearfix qodef-section-inner\"><div class=\"qodef-section-inner-margin clearfix\"><div class=\"wpb_column vc_column_container vc_col-sm-12\"><div class=\"vc_column-inner\"><div class=\"wpb_wrapper\"><div class=\"qodef-separator-holder clearfix  qodef-separator-left\">\n\t<div class=\"qodef-separator\" style=\"border-color: #000000;width: 45px;border-bottom-width: 3px;margin-top: 28px;margin-bottom: 28px\"><\/div>\n<\/div>\n<div class=\"vc_row wpb_row vc_inner vc_row-fluid qodef-section qodef-content-aligment-left\" style=\"\"><div class=\"qodef-full-section-inner\"><div class=\"wpb_column vc_column_container vc_col-sm-6\"><div class=\"vc_column-inner\"><div class=\"wpb_wrapper\">\n\t<div class=\"wpb_text_column wpb_content_element\" >\n\t\t<div class=\"wpb_wrapper\">\n\t\t\t<div class=\"x11i5rnm xat24cr x1mh8g0r x1vvkbs xtlvy1s\"><\/div>\n<div class=\"x11i5rnm xat24cr x1mh8g0r x1vvkbs xtlvy1s\">\n<div dir=\"auto\"><span class=\"wixui-rich-text__text\">\u00ab\u00a0ATRAHASIS\u00a0\u00bb, <\/span>inspir\u00e9 du conte de la mythologie sum\u00e9rienne, est le nom que nous avons choisi pour explorer les origines de toutes civilisations, tout en examinant attentivement la notion de \u00ab\u00a0collectif\u00a0\u00bb. L&rsquo;ensemble aborde ce concept sous des formes antagoniques : l&rsquo;individualit\u00e9 face au collectif, l&rsquo;improvisation face \u00e0 l&rsquo;\u00e9criture, la voix face \u00e0 la musique instrumentale, la libert\u00e9 face \u00e0 la contrainte.<\/div>\n<div dir=\"auto\">Chacune des cr\u00e9ations de ce spectacle est une toile onirique o\u00f9 les compositeurs explorent des soci\u00e9t\u00e9s parfois ancestrales, religieuses, politiques, tribales, traditionnelles, voire imaginaires&#8230;<\/div>\n<div dir=\"auto\"><span class=\"wixGuard wixui-rich-text__text\">\u200b<\/span>Octotrip partage la sc\u00e8ne avec Le\u00efla Martial (chanteuse\/vocaliste) et Anissa Nehari (percussions),<\/div>\n<div dir=\"auto\">Cette exploration artistique fascinante a fait l&rsquo;objet d&rsquo;un album sorti en avril 2025.<\/div>\n<\/div>\n<div dir=\"auto\">\n<div class=\"x11i5rnm xat24cr x1mh8g0r x1vvkbs xtlvy1s\">\n<div dir=\"auto\"><\/div>\n<\/div>\n<div class=\"x11i5rnm xat24cr x1mh8g0r x1vvkbs xtlvy1s\">\n<div dir=\"auto\"><span style=\"color: #000000;\"><span class=\"html-span xdj266r x11i5rnm xat24cr x1mh8g0r xexx8yu x4uap5 x18d9i69 xkhd6sd x1hl2dhg x16tdsg8 x1vvkbs\">Octotrip<\/span> : <span class=\"html-span xdj266r x11i5rnm xat24cr x1mh8g0r xexx8yu x4uap5 x18d9i69 xkhd6sd x1hl2dhg x16tdsg8 x1vvkbs\">Alexis Lahens,<\/span> <span class=\"html-span xdj266r x11i5rnm xat24cr x1mh8g0r xexx8yu x4uap5 x18d9i69 xkhd6sd x1hl2dhg x16tdsg8 x1vvkbs\">Victor Auffray,<\/span> <span class=\"html-span xdj266r x11i5rnm xat24cr x1mh8g0r xexx8yu x4uap5 x18d9i69 xkhd6sd x1hl2dhg x16tdsg8 x1vvkbs\">Charlie Maussion,<\/span> <span class=\"html-span xdj266r x11i5rnm xat24cr x1mh8g0r xexx8yu x4uap5 x18d9i69 xkhd6sd x1hl2dhg x16tdsg8 x1vvkbs\">Fran\u00e7ois Chapuis,<\/span> <span class=\"html-span xdj266r x11i5rnm xat24cr x1mh8g0r xexx8yu x4uap5 x18d9i69 xkhd6sd x1hl2dhg x16tdsg8 x1vvkbs\">Lucas Dessaint,<\/span> <span class=\"html-span xdj266r x11i5rnm xat24cr x1mh8g0r xexx8yu x4uap5 x18d9i69 xkhd6sd x1hl2dhg x16tdsg8 x1vvkbs\">Jules Boittin,<\/span> <span class=\"html-span xdj266r x11i5rnm xat24cr x1mh8g0r xexx8yu x4uap5 x18d9i69 xkhd6sd x1hl2dhg x16tdsg8 x1vvkbs\">Robinson Khoury,<\/span> Nicolas Vazquez<\/span><\/div>\n<div dir=\"auto\"><span style=\"color: #000000;\"><span class=\"html-span xdj266r x11i5rnm xat24cr x1mh8g0r xexx8yu x4uap5 x18d9i69 xkhd6sd x1hl2dhg x16tdsg8 x1vvkbs\">+ Le\u00efla Martial (voix, mignonnettes)<\/span> et <span class=\"html-span xdj266r x11i5rnm xat24cr x1mh8g0r xexx8yu x4uap5 x18d9i69 xkhd6sd x1hl2dhg x16tdsg8 x1vvkbs\">Anissa Nehari\u00a0 (percussions ) sur des c<\/span><\/span><span style=\"color: #000000;\">ompositions originales de <\/span><span class=\"html-span xdj266r x11i5rnm xat24cr x1mh8g0r xexx8yu x4uap5 x18d9i69 xkhd6sd x1hl2dhg x16tdsg8 x1vvkbs\" style=\"color: #000000;\">Pierre Tereygeol &amp; <\/span><span class=\"html-span xdj266r x11i5rnm xat24cr x1mh8g0r xexx8yu x4uap5 x18d9i69 xkhd6sd x1hl2dhg x16tdsg8 x1vvkbs\" style=\"color: #000000;\">Robinson Khoury.<\/span><\/div>\n<\/div>\n<\/div>\n\n\t\t<\/div>\n\t<\/div>\n<\/div><\/div><\/div><div class=\"wpb_column vc_column_container vc_col-sm-6\"><div class=\"vc_column-inner\"><div class=\"wpb_wrapper\">\n\t<div  class=\"wpb_single_image wpb_content_element vc_align_left wpb_content_element\">\n\t\t\n\t\t<figure class=\"wpb_wrapper vc_figure\">\n\t\t\t<div class=\"vc_single_image-wrapper   vc_box_border_grey\"><img decoding=\"async\" class=\"vc_single_image-img \" src=\"https:\/\/leilamartial.com\/wp-content\/uploads\/2025\/06\/494697744_1773844020061134_7316003616265599846_n-500x500.jpg\" width=\"500\" height=\"500\" alt=\"494697744_1773844020061134_7316003616265599846_n\" title=\"494697744_1773844020061134_7316003616265599846_n\" loading=\"lazy\" \/><\/div>\n\t\t<\/figure>\n\t<\/div>\n<\/div><\/div><\/div><\/div><\/div><\/div><\/div><\/div><\/div><\/div><\/div><div class=\"vc_row wpb_row vc_row-fluid qodef-section vc_custom_1748956375051 qodef-content-aligment-left qodef-grid-section\" style=\"\"><div class=\"clearfix qodef-section-inner\"><div class=\"qodef-section-inner-margin clearfix\"><div class=\"wpb_column vc_column_container vc_col-sm-12\"><div class=\"vc_column-inner\"><div class=\"wpb_wrapper\">\n\t<div class=\"wpb_text_column wpb_content_element\" >\n\t\t<div class=\"wpb_wrapper\">\n\t\t\t<h2>Album<\/h2>\n\n\t\t<\/div>\n\t<\/div>\n<div class=\"qodef-separator-holder clearfix  qodef-separator-left\">\n\t<div class=\"qodef-separator\" style=\"border-color: #000000;width: 45px;border-bottom-width: 3px;margin-top: 28px;margin-bottom: 28px\"><\/div>\n<\/div>\n<div class=\"vc_row wpb_row vc_inner vc_row-fluid qodef-section qodef-content-aligment-left\" style=\"\"><div class=\"qodef-full-section-inner\"><div class=\"wpb_column vc_column_container vc_col-sm-6\"><div class=\"vc_column-inner\"><div class=\"wpb_wrapper\"><div class=\"qodef-album-disc qodef-animate-on-appear\">\n\t\t<div class=\"qodef-album-disc-inner\">\n\t\t<div class=\"qodef-album-disc-case-holder\">\n\t\t\t<img decoding=\"async\" class=\"qodef-album-disc-case\" src=\"https:\/\/leilamartial.com\/wp-content\/uploads\/2025\/06\/artwork-440x440-1.jpg\" alt=\"artwork-440&#215;440\" \/>\n\t\t<\/div>\n\t\t<div class=\"qodef-album-disc-element\">\n\t\t\t<div class=\"qodef-album-disc-image-holder\">\n\t\t\t\t<div class=\"qodef-album-disc-image\" style=\"background-image:url()\">\n\t\t\t\t\t<span class=\"qodef-album-disc-border\" ><\/span>\n\t\t\t\t<\/div> \n\t\t\t<\/div>\t\t\t\n\t\t<\/div>\n\t<\/div>\n<\/div><\/div><\/div><\/div><div class=\"wpb_column vc_column_container vc_col-sm-6\"><div class=\"vc_column-inner\"><div class=\"wpb_wrapper\">\n\t<div class=\"wpb_text_column wpb_content_element\" >\n\t\t<div class=\"wpb_wrapper\">\n\t\t\t<h3>Music :<\/h3>\n\n\t\t<\/div>\n\t<\/div>\n<div class=\"qodef-separator-holder clearfix  qodef-separator-left\">\n\t<div class=\"qodef-separator\" style=\"border-color: #000000;width: 22px;border-bottom-width: 3px;margin-top: 28px;margin-bottom: 28px\"><\/div>\n<\/div>\n\n\t<div class=\"wpb_text_column wpb_content_element\" >\n\t\t<div class=\"wpb_wrapper\">\n\t\t\t\n\t\t<\/div>\n\t<\/div>\n\n\t<div class=\"wpb_raw_code wpb_raw_html wpb_content_element\" >\n\t\t<div class=\"wpb_wrapper\">\n\t\t\t<iframe style=\"border-radius:12px\" src=\"https:\/\/open.spotify.com\/embed\/album\/46eaPmRCPayRAsKBsSjmI1?utm_source=generator&theme=0\" width=\"100%\" height=\"352\" frameBorder=\"0\" allowfullscreen=\"\" allow=\"autoplay; clipboard-write; encrypted-media; fullscreen; picture-in-picture\" loading=\"lazy\"><\/iframe>\n\t\t<\/div>\n\t<\/div>\n<\/div><\/div><\/div><\/div><\/div><\/div><\/div><\/div><\/div><\/div><\/div><div class=\"vc_row wpb_row vc_row-fluid qodef-section vc_custom_1773062067690 qodef-content-aligment-left qodef-grid-section\" style=\"\"><div class=\"clearfix qodef-section-inner\"><div class=\"qodef-section-inner-margin clearfix\"><div class=\"wpb_column vc_column_container vc_col-sm-12\"><div class=\"vc_column-inner\"><div class=\"wpb_wrapper\">\n\t<div class=\"wpb_text_column wpb_content_element\" >\n\t\t<div class=\"wpb_wrapper\">\n\t\t\t<h2><span style=\"color: #ffffff;\">Vid\u00e9os<\/span><\/h2>\n\n\t\t<\/div>\n\t<\/div>\n<div class=\"qodef-separator-holder clearfix  qodef-separator-left\">\n\t<div class=\"qodef-separator\" style=\"border-color: #ffffff;width: 45px;border-bottom-width: 3px;margin-top: 28px;margin-bottom: 28px\"><\/div>\n<\/div>\n<div class=\"vc_tta-container vc_tta-o-non-responsive\" data-vc-action=\"collapse\"><div class=\"vc_general vc_tta vc_tta-tabs vc_tta-o-shape-group vc_tta-has-pagination vc_tta-o-no-fill vc_tta-tabs-position-top  vc_tta-pageable vc_custom_1551784055314\"><div class=\"vc_tta-panels-container\"><ul class=\"vc_general vc_pagination vc_pagination-style-outline vc_pagination-shape-round vc_pagination-color-white\"><li class=\"vc_pagination-item vc_active\" data-vc-tab><a href=\"#1551783307833-fc4b0e59-9f5b\" class=\"vc_pagination-trigger\" data-vc-tabs data-vc-container=\".vc_tta\"><\/a><\/li><\/ul><div class=\"vc_tta-panels\"><div  class=\"vc_tta-panel vc_active\" id=\"1551783307833-fc4b0e59-9f5b\" data-vc-content=\".vc_tta-panel-body\"><div class=\"vc_tta-panel-body\">\n\t\t\t<span class=\"vc_tta-panel-title\">\n\t\t\t\t<a  data-vc-container=\".vc_tta-container\" data-vc-accordion=\"\" data-vc-target=\"#1551783307833-fc4b0e59-9f5b\"><\/a>\n\t\t\t<\/span>\n\t\t\n\t<div class=\"wpb_video_widget wpb_content_element vc_clearfix   vc_video-aspect-ratio-169 vc_video-el-width-100 vc_video-align-center\" >\n\t\t<div class=\"wpb_wrapper\">\n\t\t\t\n\t\t\t<div class=\"wpb_video_wrapper\"><iframe loading=\"lazy\" title=\"Octotrip feat Le\u00efla Martial &amp; Anissa Nehari - Atrahasis (EPK)\" width=\"500\" height=\"281\" src=\"https:\/\/www.youtube.com\/embed\/68xYyLMNYUQ?feature=oembed\" frameborder=\"0\" allow=\"accelerometer; autoplay; clipboard-write; encrypted-media; gyroscope; picture-in-picture; web-share\" referrerpolicy=\"strict-origin-when-cross-origin\" allowfullscreen><\/iframe><\/div>\n\t\t<\/div>\n\t<\/div>\n<\/div><\/div><\/div><\/div><\/div><\/div><\/div><\/div><\/div><\/div><\/div><\/div><div class=\"vc_row wpb_row vc_row-fluid qodef-section qodef-content-aligment-left\" style=\"\"><div class=\"clearfix qodef-full-section-inner\"><div class=\"wpb_column vc_column_container vc_col-sm-12\"><div class=\"vc_column-inner\"><div class=\"wpb_wrapper\"><div class=\"qodef-image-gallery-masonry\">\n\t<div class=\"qodef-image-masonry-grid-sizer\"><\/div>\n\t\t\t<div class=\"qodef-gallery-image qodef-size-square\">\n\t\t\t<div class=\"qodef-gallery-image-inner\">\n\t\t\t\t\t\t\t\t<a href=\"https:\/\/leilamartial.com\/wp-content\/uploads\/2025\/06\/486202323_18322355419203387_5716145557543575587_n-550x550.jpg\" data-rel=\"prettyPhoto[single_pretty_photo]\" title=\"486202323_18322355419203387_5716145557543575587_n\">\n\t\t\t\t\t\t\t\t\t\t\t<img loading=\"lazy\" decoding=\"async\" width=\"550\" height=\"550\" src=\"https:\/\/leilamartial.com\/wp-content\/uploads\/2025\/06\/486202323_18322355419203387_5716145557543575587_n-550x550.jpg\" class=\"attachment-mixtape_qodef_square size-mixtape_qodef_square\" alt=\"\" \/>\t\t\t\t\t\t\t\t\t<\/a>\n\t\t\t\t\t\t<\/div>\n\t\t<\/div>\n\t\t\t<div class=\"qodef-gallery-image qodef-size-square\">\n\t\t\t<div class=\"qodef-gallery-image-inner\">\n\t\t\t\t\t\t\t\t<a href=\"https:\/\/leilamartial.com\/wp-content\/uploads\/2025\/06\/486483499_18322355410203387_6457436353305334407_n-550x550.jpg\" data-rel=\"prettyPhoto[single_pretty_photo]\" title=\"486483499_18322355410203387_6457436353305334407_n\">\n\t\t\t\t\t\t\t\t\t\t\t<img loading=\"lazy\" decoding=\"async\" width=\"550\" height=\"550\" src=\"https:\/\/leilamartial.com\/wp-content\/uploads\/2025\/06\/486483499_18322355410203387_6457436353305334407_n-550x550.jpg\" class=\"attachment-mixtape_qodef_square size-mixtape_qodef_square\" alt=\"\" \/>\t\t\t\t\t\t\t\t\t<\/a>\n\t\t\t\t\t\t<\/div>\n\t\t<\/div>\n\t\t\t<div class=\"qodef-gallery-image qodef-size-square\">\n\t\t\t<div class=\"qodef-gallery-image-inner\">\n\t\t\t\t\t\t\t\t<a href=\"https:\/\/leilamartial.com\/wp-content\/uploads\/2025\/06\/494103220_1771410570304479_5501871280267688141_n-550x550.jpg\" data-rel=\"prettyPhoto[single_pretty_photo]\" title=\"494103220_1771410570304479_5501871280267688141_n\">\n\t\t\t\t\t\t\t\t\t\t\t<img loading=\"lazy\" decoding=\"async\" width=\"550\" height=\"550\" src=\"https:\/\/leilamartial.com\/wp-content\/uploads\/2025\/06\/494103220_1771410570304479_5501871280267688141_n-550x550.jpg\" class=\"attachment-mixtape_qodef_square size-mixtape_qodef_square\" alt=\"\" srcset=\"https:\/\/leilamartial.com\/wp-content\/uploads\/2025\/06\/494103220_1771410570304479_5501871280267688141_n-550x550.jpg 550w, https:\/\/leilamartial.com\/wp-content\/uploads\/2025\/06\/494103220_1771410570304479_5501871280267688141_n-1000x1000.jpg 1000w\" sizes=\"auto, (max-width: 550px) 100vw, 550px\" \/>\t\t\t\t\t\t\t\t\t<\/a>\n\t\t\t\t\t\t<\/div>\n\t\t<\/div>\n\t\t\t<div class=\"qodef-gallery-image qodef-size-square\">\n\t\t\t<div class=\"qodef-gallery-image-inner\">\n\t\t\t\t\t\t\t\t<a href=\"https:\/\/leilamartial.com\/wp-content\/uploads\/2025\/06\/494697744_1773844020061134_7316003616265599846_n-550x550.jpg\" data-rel=\"prettyPhoto[single_pretty_photo]\" title=\"494697744_1773844020061134_7316003616265599846_n\">\n\t\t\t\t\t\t\t\t\t\t\t<img loading=\"lazy\" decoding=\"async\" width=\"550\" height=\"550\" src=\"https:\/\/leilamartial.com\/wp-content\/uploads\/2025\/06\/494697744_1773844020061134_7316003616265599846_n-550x550.jpg\" class=\"attachment-mixtape_qodef_square size-mixtape_qodef_square\" alt=\"\" srcset=\"https:\/\/leilamartial.com\/wp-content\/uploads\/2025\/06\/494697744_1773844020061134_7316003616265599846_n-550x550.jpg 550w, https:\/\/leilamartial.com\/wp-content\/uploads\/2025\/06\/494697744_1773844020061134_7316003616265599846_n-1000x1000.jpg 1000w\" sizes=\"auto, (max-width: 550px) 100vw, 550px\" \/>\t\t\t\t\t\t\t\t\t<\/a>\n\t\t\t\t\t\t<\/div>\n\t\t<\/div>\n\t\t\t<div class=\"qodef-gallery-image qodef-size-square\">\n\t\t\t<div class=\"qodef-gallery-image-inner\">\n\t\t\t\t\t\t\t\t<a href=\"https:\/\/leilamartial.com\/wp-content\/uploads\/2025\/06\/495390342_1773842510061285_653198728340857646_n-550x550.jpg\" data-rel=\"prettyPhoto[single_pretty_photo]\" title=\"495390342_1773842510061285_653198728340857646_n\">\n\t\t\t\t\t\t\t\t\t\t\t<img loading=\"lazy\" decoding=\"async\" width=\"550\" height=\"550\" src=\"https:\/\/leilamartial.com\/wp-content\/uploads\/2025\/06\/495390342_1773842510061285_653198728340857646_n-550x550.jpg\" class=\"attachment-mixtape_qodef_square size-mixtape_qodef_square\" alt=\"\" srcset=\"https:\/\/leilamartial.com\/wp-content\/uploads\/2025\/06\/495390342_1773842510061285_653198728340857646_n-550x550.jpg 550w, https:\/\/leilamartial.com\/wp-content\/uploads\/2025\/06\/495390342_1773842510061285_653198728340857646_n-1000x1000.jpg 1000w\" sizes=\"auto, (max-width: 550px) 100vw, 550px\" \/>\t\t\t\t\t\t\t\t\t<\/a>\n\t\t\t\t\t\t<\/div>\n\t\t<\/div>\n\t\t\t<div class=\"qodef-gallery-image qodef-size-square\">\n\t\t\t<div class=\"qodef-gallery-image-inner\">\n\t\t\t\t\t\t\t\t<a href=\"https:\/\/leilamartial.com\/wp-content\/uploads\/2025\/06\/495482604_1773845313394338_2014302651134578277_n-550x550.jpg\" data-rel=\"prettyPhoto[single_pretty_photo]\" title=\"495482604_1773845313394338_2014302651134578277_n\">\n\t\t\t\t\t\t\t\t\t\t\t<img loading=\"lazy\" decoding=\"async\" width=\"550\" height=\"550\" src=\"https:\/\/leilamartial.com\/wp-content\/uploads\/2025\/06\/495482604_1773845313394338_2014302651134578277_n-550x550.jpg\" class=\"attachment-mixtape_qodef_square size-mixtape_qodef_square\" alt=\"\" srcset=\"https:\/\/leilamartial.com\/wp-content\/uploads\/2025\/06\/495482604_1773845313394338_2014302651134578277_n-550x550.jpg 550w, https:\/\/leilamartial.com\/wp-content\/uploads\/2025\/06\/495482604_1773845313394338_2014302651134578277_n-1000x1000.jpg 1000w\" sizes=\"auto, (max-width: 550px) 100vw, 550px\" \/>\t\t\t\t\t\t\t\t\t<\/a>\n\t\t\t\t\t\t<\/div>\n\t\t<\/div>\n\t<\/div><\/div><\/div><\/div><\/div><\/div>\n<\/div>","protected":false},"excerpt":{"rendered":"\"ATRAHASIS\", inspir\u00e9 du conte de la mythologie sum\u00e9rienne, est le nom que nous avons choisi pour explorer les origines de...","protected":false},"author":1,"featured_media":9315,"parent":0,"menu_order":5,"comment_status":"closed","ping_status":"closed","template":"full-width.php","meta":{"footnotes":""},"tags":[613],"class_list":["post-10692","page","type-page","status-publish","has-post-thumbnail","hentry","tag-groupe"],"_links":{"self":[{"href":"https:\/\/leilamartial.com\/en\/wp-json\/wp\/v2\/pages\/10692","targetHints":{"allow":["GET"]}}],"collection":[{"href":"https:\/\/leilamartial.com\/en\/wp-json\/wp\/v2\/pages"}],"about":[{"href":"https:\/\/leilamartial.com\/en\/wp-json\/wp\/v2\/types\/page"}],"author":[{"embeddable":true,"href":"https:\/\/leilamartial.com\/en\/wp-json\/wp\/v2\/users\/1"}],"replies":[{"embeddable":true,"href":"https:\/\/leilamartial.com\/en\/wp-json\/wp\/v2\/comments?post=10692"}],"version-history":[{"count":16,"href":"https:\/\/leilamartial.com\/en\/wp-json\/wp\/v2\/pages\/10692\/revisions"}],"predecessor-version":[{"id":11313,"href":"https:\/\/leilamartial.com\/en\/wp-json\/wp\/v2\/pages\/10692\/revisions\/11313"}],"wp:featuredmedia":[{"embeddable":true,"href":"https:\/\/leilamartial.com\/en\/wp-json\/wp\/v2\/media\/9315"}],"wp:attachment":[{"href":"https:\/\/leilamartial.com\/en\/wp-json\/wp\/v2\/media?parent=10692"}],"wp:term":[{"taxonomy":"post_tag","embeddable":true,"href":"https:\/\/leilamartial.com\/en\/wp-json\/wp\/v2\/tags?post=10692"}],"curies":[{"name":"wp","href":"https:\/\/api.w.org\/{rel}","templated":true}]}}