{"id":10070,"date":"2021-10-19T14:48:25","date_gmt":"2021-10-19T12:48:25","guid":{"rendered":"http:\/\/leilamartial.com\/?page_id=10070"},"modified":"2023-11-03T11:10:45","modified_gmt":"2023-11-03T09:10:45","slug":"grand-degenrement","status":"publish","type":"page","link":"https:\/\/leilamartial.com\/en\/grand-degenrement\/","title":{"rendered":"Le Grand D\u00e9genrement"},"content":{"rendered":"<div class=\"wpb-content-wrapper\"><div class=\"vc_row wpb_row vc_row-fluid qodef-section qodef-content-aligment-left qodef-grid-section\" style=\"\"><div class=\"clearfix qodef-section-inner\"><div class=\"qodef-section-inner-margin clearfix\"><div class=\"wpb_column vc_column_container vc_col-sm-12\"><div class=\"vc_column-inner\"><div class=\"wpb_wrapper\">\n\t<div class=\"wpb_text_column wpb_content_element\" >\n\t\t<div class=\"wpb_wrapper\">\n\t\t\t<h2>Cabaret d\u00e9rang\u00e9 et multiversaliste<\/h2>\n\n\t\t<\/div>\n\t<\/div>\n<div class=\"qodef-separator-holder clearfix  qodef-separator-left\">\n\t<div class=\"qodef-separator\" style=\"border-color: #000000;width: 45px;border-bottom-width: 3px;margin-top: 28px;margin-bottom: 28px\"><\/div>\n<\/div>\n<div class=\"vc_row wpb_row vc_inner vc_row-fluid qodef-section qodef-content-aligment-left\" style=\"\"><div class=\"qodef-full-section-inner\"><div class=\"wpb_column vc_column_container vc_col-sm-6\"><div class=\"vc_column-inner\"><div class=\"wpb_wrapper\">\n\t<div class=\"wpb_text_column wpb_content_element vc_custom_1634647341242\" >\n\t\t<div class=\"wpb_wrapper\">\n\t\t\t<p>Cabaret tout-feu-tout-femmes, Le Grand D\u00e9genrement convoque autour d\u2019une cirque-conf\u00e9rence en duo de l\u2019astrophysicien Aur\u00e9lien Barrau et du jongleur Camille Boitel, trois g\u00e9n\u00e9rations de femmes musiciennes, danseuses et acrobates. Avec g\u00e9nie, humour et impertinence, elles brisent tous les clich\u00e9s de genre, qu\u2019ils soient artistiques, sexuels ou sociaux. Ou comment secouer toutes les id\u00e9es re\u00e7ues pour tout recommencer autrement. Du big-bang \u00e0 l\u2019effondrement-ph\u00e9nix, une grande \u00e9chapp\u00e9e en chutes libres et en lendemains qui chantent !<\/p>\n\n\t\t<\/div>\n\t<\/div>\n<\/div><\/div><\/div><div class=\"wpb_column vc_column_container vc_col-sm-6\"><div class=\"vc_column-inner\"><div class=\"wpb_wrapper\">\n\t<div class=\"wpb_text_column wpb_content_element\" >\n\t\t<div class=\"wpb_wrapper\">\n\t\t\t<p><strong>Conception, dramaturgie<\/strong><br \/>\nBlaise Merlin<\/p>\n<p><strong>avec<\/strong><br \/>\nAUR\u00c9LIEN BARRAU &#8211; Astrophysicien<br \/>\nCAMILLE BOITEL &#8211; Jongleur, clown, acrobate<br \/>\n\u00c9LISE CARON &#8211; Chant, fl\u00fbte<br \/>\nJO\u00cbLLE L\u00c9ANDRE &#8211; Chant, fl\u00fbte<br \/>\nLE\u00cfLA MARTIAL &#8211; Chant, danse<br \/>\nMARL\u00c8NE ROSTAING &#8211; Danse, chant<br \/>\nNO\u00c9MIE BOUTIN &#8211; Violoncelle, chant<br \/>\nJ\u00d6RG M\u00dcLLER &#8211; Jongleur<br \/>\nJULIA ROBERT &#8211; Alto<br \/>\nELICE ABONCE MUHONEN &#8211; Acrobate<br \/>\nSANJA KOSONEN &#8211; Acrobate<\/p>\n\n\t\t<\/div>\n\t<\/div>\n<\/div><\/div><\/div><\/div><\/div><\/div><\/div><\/div><\/div><\/div><\/div><div class=\"vc_row wpb_row vc_row-fluid qodef-section vc_custom_1551783541538 qodef-content-aligment-left qodef-grid-section\" style=\"\"><div class=\"clearfix qodef-section-inner\"><div class=\"qodef-section-inner-margin clearfix\"><div class=\"wpb_column vc_column_container vc_col-sm-12\"><div class=\"vc_column-inner\"><div class=\"wpb_wrapper\">\n\t<div class=\"wpb_text_column wpb_content_element\" >\n\t\t<div class=\"wpb_wrapper\">\n\t\t\t<h2><span style=\"color: #ffffff;\">Teaser<\/span><\/h2>\n\n\t\t<\/div>\n\t<\/div>\n<div class=\"qodef-separator-holder clearfix  qodef-separator-left\">\n\t<div class=\"qodef-separator\" style=\"border-color: #ffffff;width: 45px;border-bottom-width: 3px;margin-top: 28px;margin-bottom: 28px\"><\/div>\n<\/div>\n<div class=\"vc_tta-container vc_tta-o-non-responsive\" data-vc-action=\"collapse\"><div class=\"vc_general vc_tta vc_tta-tabs vc_tta-o-shape-group vc_tta-has-pagination vc_tta-o-no-fill vc_tta-tabs-position-top  vc_tta-pageable vc_custom_1551784055314\"><div class=\"vc_tta-panels-container\"><ul class=\"vc_general vc_pagination vc_pagination-style-outline vc_pagination-shape-round vc_pagination-color-white\"><li class=\"vc_pagination-item vc_active\" data-vc-tab><a href=\"#1551783307833-fc4b0e59-9f5b\" class=\"vc_pagination-trigger\" data-vc-tabs data-vc-container=\".vc_tta\"><\/a><\/li><\/ul><div class=\"vc_tta-panels\"><div  class=\"vc_tta-panel vc_active\" id=\"1551783307833-fc4b0e59-9f5b\" data-vc-content=\".vc_tta-panel-body\"><div class=\"vc_tta-panel-body\">\n\t\t\t<span class=\"vc_tta-panel-title\">\n\t\t\t\t<a  data-vc-container=\".vc_tta-container\" data-vc-accordion=\"\" data-vc-target=\"#1551783307833-fc4b0e59-9f5b\"><\/a>\n\t\t\t<\/span>\n\t\t\n\t<div class=\"wpb_video_widget wpb_content_element vc_clearfix   vc_video-aspect-ratio-169 vc_video-el-width-100 vc_video-align-center\" >\n\t\t<div class=\"wpb_wrapper\">\n\t\t\t\n\t\t\t<div class=\"wpb_video_wrapper\"><iframe loading=\"lazy\" title=\"LE GRAND D\u00c9GENREMENT - Cr\u00e9ation 2019 L&#039;Onde &amp; Cyb\u00e8le\" width=\"500\" height=\"281\" src=\"https:\/\/www.youtube.com\/embed\/ns9GEooGiZY?feature=oembed\" frameborder=\"0\" allow=\"accelerometer; autoplay; clipboard-write; encrypted-media; gyroscope; picture-in-picture; web-share\" referrerpolicy=\"strict-origin-when-cross-origin\" allowfullscreen><\/iframe><\/div>\n\t\t<\/div>\n\t<\/div>\n<\/div><\/div><\/div><\/div><\/div><\/div><\/div><\/div><\/div><\/div><\/div><\/div>\n<\/div>","protected":false},"excerpt":{"rendered":"Cabaret d\u00e9rang\u00e9 et multiversaliste Cabaret tout-feu-tout-femmes, Le Grand D\u00e9genrement convoque autour d\u2019une cirque-conf\u00e9rence en duo de l\u2019astrophysicien Aur\u00e9lien Barrau et...","protected":false},"author":1,"featured_media":10069,"parent":0,"menu_order":10,"comment_status":"closed","ping_status":"closed","template":"full-width.php","meta":{"footnotes":""},"tags":[616],"class_list":["post-10070","page","type-page","status-publish","has-post-thumbnail","hentry","tag-old"],"_links":{"self":[{"href":"https:\/\/leilamartial.com\/en\/wp-json\/wp\/v2\/pages\/10070","targetHints":{"allow":["GET"]}}],"collection":[{"href":"https:\/\/leilamartial.com\/en\/wp-json\/wp\/v2\/pages"}],"about":[{"href":"https:\/\/leilamartial.com\/en\/wp-json\/wp\/v2\/types\/page"}],"author":[{"embeddable":true,"href":"https:\/\/leilamartial.com\/en\/wp-json\/wp\/v2\/users\/1"}],"replies":[{"embeddable":true,"href":"https:\/\/leilamartial.com\/en\/wp-json\/wp\/v2\/comments?post=10070"}],"version-history":[{"count":3,"href":"https:\/\/leilamartial.com\/en\/wp-json\/wp\/v2\/pages\/10070\/revisions"}],"predecessor-version":[{"id":10357,"href":"https:\/\/leilamartial.com\/en\/wp-json\/wp\/v2\/pages\/10070\/revisions\/10357"}],"wp:featuredmedia":[{"embeddable":true,"href":"https:\/\/leilamartial.com\/en\/wp-json\/wp\/v2\/media\/10069"}],"wp:attachment":[{"href":"https:\/\/leilamartial.com\/en\/wp-json\/wp\/v2\/media?parent=10070"}],"wp:term":[{"taxonomy":"post_tag","embeddable":true,"href":"https:\/\/leilamartial.com\/en\/wp-json\/wp\/v2\/tags?post=10070"}],"curies":[{"name":"wp","href":"https:\/\/api.w.org\/{rel}","templated":true}]}}