{"id":9851,"date":"2020-10-12T17:00:25","date_gmt":"2020-10-12T15:00:25","guid":{"rendered":"http:\/\/leilamartial.com\/?page_id=9851"},"modified":"2023-01-10T01:22:15","modified_gmt":"2023-01-09T23:22:15","slug":"ecologie","status":"publish","type":"page","link":"http:\/\/leilamartial.com\/en\/ecologie\/","title":{"rendered":"\u00c9cologie"},"content":{"rendered":"<div class=\"wpb-content-wrapper\"><div class=\"vc_row wpb_row vc_row-fluid qodef-section vc_custom_1602515045792 qodef-content-aligment-left\" style=\"\"><div class=\"clearfix qodef-full-section-inner\"><div class=\"wpb_column vc_column_container vc_col-sm-3\"><div class=\"vc_column-inner\"><div class=\"wpb_wrapper\"><\/div><\/div><\/div><div class=\"wpb_column vc_column_container vc_col-sm-6\"><div class=\"vc_column-inner\"><div class=\"wpb_wrapper\">\n<div class=\"qodef-section-title\">\n\t<p class=\"qodef-section-before-text\" >\n\t\t\t<\/p>\n\n\t<h2 class=\"qodef-section-title-text\" style=\"text-align:center;color:#050505\">\n\t\tAppel des musicien\u2022ne\u2022s et des producteur\u2022trices\u2022s de musique engag\u00e9\u2022e\u2022s pour la transition \u00e9cologique et la sauvegarde du vivant\t<\/h2>\n\n\t\t\t<div class=\"qodef-separator-holder clearfix  qodef-separator-center\">\n\t<div class=\"qodef-separator\" style=\"border-color: #050505;border-style: solid;width: 22px;border-bottom-width: 4px;margin-top: 27px\"><\/div>\n<\/div>\n\t<\/div>\n<div class=\"vc_empty_space\"   style=\"height: 32px\"><span class=\"vc_empty_space_inner\"><\/span><\/div><\/div><\/div><\/div><div class=\"wpb_column vc_column_container vc_col-sm-3\"><div class=\"vc_column-inner\"><div class=\"wpb_wrapper\"><\/div><\/div><\/div><\/div><\/div><div class=\"vc_row wpb_row vc_row-fluid qodef-section vc_custom_1602515045792 qodef-content-aligment-left\" style=\"\"><div class=\"clearfix qodef-full-section-inner\"><div class=\"wpb_column vc_column_container vc_col-sm-3\"><div class=\"vc_column-inner\"><div class=\"wpb_wrapper\"><\/div><\/div><\/div><div class=\"wpb_column vc_column_container vc_col-sm-6\"><div class=\"vc_column-inner\"><div class=\"wpb_wrapper\"><div class=\"vc_row wpb_row vc_inner vc_row-fluid qodef-section qodef-content-aligment-left\" style=\"\"><div class=\"qodef-full-section-inner\"><div class=\"wpb_column vc_column_container vc_col-sm-12\"><div class=\"vc_column-inner\"><div class=\"wpb_wrapper\"><div class=\"vc_btn3-container vc_btn3-left vc_do_btn\" ><a class=\"vc_general vc_btn3 vc_btn3-size-md vc_btn3-shape-square vc_btn3-style-flat vc_btn3-color-black\" href=\"http:\/\/leilamartial.com\/en\/pour-une-ecologie-de-la-musique-vivante-16062020-1\/\" title=\"\" target=\"_blank\">Pour une \u00e9cologie de la muique vivante.pdf<\/a><\/div><div class=\"vc_btn3-container vc_btn3-left vc_do_btn\" ><a class=\"vc_general vc_btn3 vc_btn3-size-md vc_btn3-shape-square vc_btn3-style-flat vc_btn3-color-black\" href=\"http:\/\/leilamartial.com\/en\/mise-en-pratique-ecologie-160602020\/\" title=\"\" target=\"_blank\">Mise en pratique.pdf<\/a><\/div><\/div><\/div><\/div><\/div><\/div>\n\t<div class=\"wpb_text_column wpb_content_element\" >\n\t\t<div class=\"wpb_wrapper\">\n\t\t\t<p>Nous, musicien\u00b7ne\u00b7s et producteur\u00b7trice\u00b7s de la musique vivante, appelons l\u2019ensemble des acteur\u00b7trice\u00b7s de la musique ainsi que la puissance publique \u00e0 prendre des mesures face \u00e0 un constat sans \u00e9quivoque : nous entamons la sixi\u00e8me extinction massive de la vie sur Terre \u2013 la premi\u00e8re extinction d\u00e9lib\u00e9r\u00e9e de l\u2019histoire de l\u2019Humanit\u00e9.<br \/>\nCar si les d\u00e9sastres pass\u00e9s et en cours sont irr\u00e9parables, nous voulons prendre aujourd\u2019hui un virage audacieux et vertueux afin de prot\u00e9ger notre \u00e9cosyst\u00e8me terrestre, pr\u00e9server la richesse et la beaut\u00e9 du vivant.<\/p>\n<p><strong>L\u2019\u00e9cologie ne doit plus \u00eatre consid\u00e9r\u00e9e comme un label de bien-pensance mais une pratique collective et un engagement politique.<\/strong> Nous devons transformer les usages de nos m\u00e9tiers et cesser de consid\u00e9rer la plan\u00e8te comme une ressource in\u00e9puisable. Face \u00e0 ce constat, chacun doit faire sa part.<\/p>\n<p>Cela implique <strong>le renoncement \u00e0 certaines pratiques<\/strong> au profit d\u2019une vision \u00e0 plus long terme, cela implique d\u2019affronter les dilemmes relevant de la responsabilit\u00e9 \u00e9cologique qui se posent dans la production du spectacle vivant.<\/p>\n<p><strong>Car aujourd\u2019hui, les artistes et les producteur\u00b7trice\u00b7s vivent des injonctions contradictoires<\/strong>, avec d\u2019un c\u00f4t\u00e9 l\u2019exhortation \u00e0 multiplier les repr\u00e9sentations, notamment \u00e0 l\u2019international (toujours plus loin, toujours plus visible) et de l\u2019autre l\u2019exhortation des climatologues \u00e0 limiter les \u00e9missions de carbone et r\u00e9duire la production de d\u00e9chets.<\/p>\n<p>Les artistes, les technicien\u00b7ne\u00b7s, les producteur\u00b7rice\u00b7s partagent un r\u00e9el dilemme : selon les usages aujourd\u2019hui admis dans une culture mondialis\u00e9e, gravir les marches du succ\u00e8s implique de s\u2019enfoncer plus avant dans une course souvent \u00e9nergivore &#8211; transports, mat\u00e9riel, consommables &#8211; qui participe \u00e0 d\u00e9truire notre \u00e9cosyst\u00e8me. Dans ce contexte, <strong>r\u00e9duire sa mobilit\u00e9 pour diminuer son impact \u00e9cologique induirait ainsi de s\u2019invisibiliser professionnellement<\/strong>.<\/p>\n<p>Pour de jeunes artistes, cette prise de conscience est d\u2019autant plus am\u00e8re qu\u2019elle fait<br \/>\n\u00ab renoncer \u00bb \u00e0 un mod\u00e8le global de carri\u00e8re qui ne semble plus viable ni responsable \u2013 mais qui malgr\u00e9 cela continue d\u2019\u00eatre promu comme la r\u00e9f\u00e9rence dans l\u2019inconscient collectif.<\/p>\n<p>Les producteur\u00b7trice\u00b7s, quant \u00e0 eux\/elles, subissent une double pression entre la n\u00e9cessit\u00e9 de<br \/>\n\u00ab faire du volume \u00bb afin de faire tourner leur structure &#8211; multipliant parfois les concerts isol\u00e9s et \u00e9v\u00e9nementiel \u00e0 l\u2019autre bout du monde -, et la pression exerc\u00e9e par les artistes qui voient en eux \u00ab l\u2019homme ou la femme providentiel\u00b7le \u00bb cens\u00e9s les mettre en lumi\u00e8re et d\u00e9velopper leur carri\u00e8re.<\/p>\n\n\t\t<\/div>\n\t<\/div>\n\n\t<div class=\"wpb_text_column wpb_content_element\" >\n\t\t<div class=\"wpb_wrapper\">\n\t\t\t<p>Enfin, la mise en r\u00e9seau n\u2019est pas encore une logique suffisamment partag\u00e9e par les diffuseurs &#8211; lieux et festivals &#8211; qui sont amen\u00e9s \u00e0 concentrer leurs efforts sur la promotion de leurs \u00e9v\u00e9nements propres sans toujours s\u2019inscrire dans une d\u00e9marche de coop\u00e9ration qui permettrait de grouper les concerts. Par ailleurs, certains s\u2019\u00e9chinent \u00e0 une course \u00e0 la communication (teasers, goodies, accessoires des sponsors) et construisent une programmation souvent \u00e9loign\u00e9e de leurs aspirations premi\u00e8res, tant la pression \u00e9conomique est patente.<\/p>\n<p><strong>Nous devons changer de paradigme, \u00e9crire de nouveaux r\u00e9cits<\/strong> : le mod\u00e8le de l\u2019artiste \u201cstar\u201d &#8211; dont la valeur est calcul\u00e9e au nombre de tourn\u00e9es dans l\u2019ann\u00e9e, de spectateur\u00b7rice\u00b7s, de disques vendus (r\u00e9els ou d\u00e9mat\u00e9rialis\u00e9s) ou encore \u00e0 la taille et au prestige des salles de concert ainsi qu\u2019\u00e0 l\u2019opulence de ses productions &#8211; est tout simplement incompatible avec une soci\u00e9t\u00e9 o\u00f9 la justice \u00e9cologique doit se substituer \u00e0 la logique \u00e9conomique.<\/p>\n<p style=\"text-align: center;\"><strong>Il est temps de changer de mod\u00e8le.<\/strong><\/p>\n<p>Nous devons revaloriser, symboliquement, l\u2019artiste qui agit localement : tissant des r\u00e9seaux de partage sur son territoire, faisant germer des foyers de cr\u00e9ativit\u00e9 dans toutes les strates de la population et construisant des projets au long cours et des collaborations p\u00e9rennes avec les lieux et les habitant\u00b7e\u00b7s d\u2019un m\u00eame territoire.<br \/>\n<strong>Tout comme nous croyons \u00e0 la relocalisation des industries et des entreprises, nous croyons \u00e9galement \u00e0 la relocalisation de notre art<\/strong>.<\/p>\n<p>L\u2019objectif n\u2019est pas de se couper du reste du monde ni de la richesse des \u00e9changes interculturels mais de les renforcer en les appr\u00e9hendant <strong>sous l\u2019angle de l\u2019immersion<\/strong> : au lieu de promouvoir des concerts uniques et isol\u00e9s, privil\u00e9gions les projets de longue dur\u00e9e accompagn\u00e9s d\u2019actions artistiques et culturelles dans le pays d\u2019accueil.<br \/>\n<strong>Nous devons redonner \u00e0 l\u2019acte de voyager son caract\u00e8re exceptionnel et pr\u00e9cieux<\/strong> en menant des projets dont la valeur viendra aussi de la raret\u00e9.<\/p>\n<p>Enfin, <strong>nous devons sortir de \u00ab l\u2019obsolescence programm\u00e9e \u00bb des cr\u00e9ations<\/strong> : chaque ann\u00e9e un nouvel album, un nouveau projet, une nouvelle cr\u00e9ation\u2026 qui conduit \u00e0 une certaine pr\u00e9cipitation et une surproduction g\u00e9n\u00e9ralis\u00e9es, \u00e0 tous les \u00e9chelons.<br \/>\nIl n\u2019est pas hasardeux de penser que la Culture pourrait subir plus t\u00f4t que pr\u00e9vu les impacts directs du changement climatique : les canicules, pand\u00e9mies, inondations et autres \u00e9v\u00e9nements climatiques violents se syst\u00e9matisant, les assurances ne couvriront plus certains \u00e9v\u00e9nements. Que ferons nous par exemple sans tous ces festivals d\u2019\u00e9t\u00e9 qui repr\u00e9sentent une part colossale de l\u2019activit\u00e9 culturelle et de l\u2019\u00e9conomie du spectacle vivant ?<\/p>\n<p>Le virage ne pourra pas \u00eatre entrepris par les artistes seuls : <strong>nous appelons aujourd\u2019hui \u00e0 une convergence des acteur\u00b7rice\u00b7s de la musique ainsi qu\u2019\u00e0 la mise en place d\u2019une politique publique pour une \u00e9cologie de la musique vivante<\/strong>.<\/p>\n\n\t\t<\/div>\n\t<\/div>\n<\/div><\/div><\/div><div class=\"wpb_column vc_column_container vc_col-sm-3\"><div class=\"vc_column-inner\"><div class=\"wpb_wrapper\"><\/div><\/div><\/div><\/div><\/div><div class=\"vc_row wpb_row vc_row-fluid qodef-section vc_custom_1493376795806 qodef-content-aligment-left qodef-grid-section\" style=\"\"><div class=\"clearfix qodef-section-inner\"><div class=\"qodef-section-inner-margin clearfix\"><div class=\"wpb_column vc_column_container vc_col-sm-6\"><div class=\"vc_column-inner\"><div class=\"wpb_wrapper\">\n<div class=\"qodef-section-title\">\n\t<p class=\"qodef-section-before-text\" >\n\t\t\t<\/p>\n\n\t<h4 class=\"qodef-section-title-text\" style=\"text-align:left;color:#020202\">\n\t\tLes premiers signataires\t<\/h4>\n\n\t\t\t<div class=\"qodef-separator-holder clearfix  qodef-separator-left\">\n\t<div class=\"qodef-separator\" style=\"border-color: #020202;border-style: solid;width: 22px;border-bottom-width: 4px;margin-top: 27px\"><\/div>\n<\/div>\n\t<\/div>\n\n\t<div class=\"wpb_text_column wpb_content_element\" >\n\t\t<div class=\"wpb_wrapper\">\n\t\t\t<p>Le\u00efla MARTIAL &#8211; vocaliste,<br \/>\nPierre PERCHAUD &#8211; guitariste,<br \/>\nGr\u00e9goire LETOUVET &#8211; compositeur,<br \/>\nELLINOA &#8211; vocaliste et compositrice,<br \/>\nAur\u00e9lien BARRAU &#8211; astrophysicien,<br \/>\nFanny PAGES &#8211; directrice de l\u2019Astrada-Marciac,<br \/>\nAdrien CHIQUET &#8211; conseiller artistique \u00e0 l\u2019ONDA,<br \/>\nLaurent CARRIER \u2013 producteur de spectacles \/ COLORE,<br \/>\nLouise LAPIERRE &#8211; bassoniste,<br \/>\nMicha\u00ebl DIAN &#8211; directeur de l\u2019Espace Culturel de Chaillol,<br \/>\nPhilippe OCHEM &#8211; directeur de JAZZDOR,<br \/>\nArnaud MERLIN &#8211; producteur France Musique,<br \/>\nXavier LEMETTRE &#8211; directeur de Banlieues Bleues,<br \/>\nCharles GIL &#8211; directeur de Vapaat Aanet,<br \/>\nEve RISSER &#8211; pianiste,<br \/>\nSylvain DARRIFOURQ &#8211; batteur,<br \/>\nCarole ALBANESE \u2013 directrice de l\u2019Estive \/ Sc\u00e8ne Nationale de Foix et de l\u2019Ari\u00e8ge,<br \/>\nG\u00e9rard DAHAN \u2013 directeur du Petit Duc,<br \/>\nXavier LE JEUNE &#8211; directeur de l\u2019Estran,<br \/>\nEmile PARISIEN &#8211; saxophoniste,<br \/>\nPhilippe LE GOFF &#8211; directeur de C\u00c9SAR\u00c9,<br \/>\nAlex DUTILH &#8211; producteur France Musique,<br \/>\nLaurence RECCHIA \u2013 administratrice et cofondatrice de l\u2019Ensemble LES VOIX ANIM\u00c9ES,<br \/>\nFred PALLEM &amp; LE SACRE DU TYMPAN,<br \/>\nTh\u00e9o CECCALDI &#8211; violoniste,<br \/>\nL\u2019ORCHESTRE NATIONAL DE JAZZ (ONJ),<br \/>\nAntoine GUERBER &#8211; directeur de l\u2019Ensemble DIABOLUS IN MUSICA,<br \/>\nFranck BERGEROT &#8211; journaliste Jazz Magazine,<br \/>\nGuillaume PERRET- saxophoniste,<br \/>\nLaura PERRUDIN &#8211; harpiste, chanteuse et compositrice,<br \/>\nR\u00e9mi LECLERC &#8211; body percussionniste, pianiste \/ Cie HUMANOPHONES,<br \/>\nCADENCE ROMPUE &#8211; association pour l\u2019\u00e9cologie dans la musique classique,<br \/>\nC\u00e9dric FASSENET &#8211; directeur des Sc\u00e8nes du Jura \/ Sc\u00e8ne Nationale,<br \/>\nChristophe CHARPENEL &#8211; photographe,<br \/>\nAnne MONTARON &#8211; productrice radiophonique,<br \/>\nFULL RHIZOME \u2013 coop\u00e9rative d\u2019artistes,<br \/>\nPascale Henrot &#8211; directrice de l\u2019ONDA,<br \/>\nMathieu JOUAN &#8211; directeur de Citizen Jazz et Epistrophy,<br \/>\nDani\u00e8le GAMBINO &#8211; directrice artistique Festivals du Parc Floral,<br \/>\nJanick TILLY \u2013 directrice de Plages Magn\u00e9tiques,<br \/>\nThomas DE POURQUERY \u2013 saxophoniste et chanteur,<br \/>\nAlexandre PIERREPONT &#8211; directeur artistique de The Bridge,<br \/>\nRoger FONTANEL \u2013 directeur D\u2019Jazz Nevers,<br \/>\nCarolina KATUN &#8211; chanteuse,<br \/>\nKarl JANNUSKA \u2013 batteur,<br \/>\nLo\u00efs LE VAN \u2013 chanteur,<br \/>\nGuillaume ROY \u2013 altiste,<br \/>\nLa f\u00e9d\u00e9ration d\u2019artistes GRANDS FORMATS,<br \/>\nJulien PONTVIANNE \u2013 saxophoniste,<br \/>\nRobin FINCKER \u2013 saxophoniste,<br \/>\nSophie BERNADO &#8211; bassoniste et rappeuse,<br \/>\nPaul JARRET\u2013 guitariste et compositeur,<br \/>\nArmel BOUR \u2013 directrice du Cri du Port,<br \/>\nJulien TAMISIER &#8211; directeur de l\u2019AJMI,<br \/>\nVassilena SERAFIMOVA \u2013 percussionniste,<br \/>\nDenis BADAULT &#8211; pianiste et compositeur,<br \/>\nXavier PREVOST &#8211; auteur multim\u00e9dia, Membre de l\u2019Acad\u00e9mie Charles Cros &amp; de l\u2019Acad\u00e9mie du Jazz,<br \/>\nAnne-Laure LEMANCEL \u2013 journaliste, RFI Musique,<br \/>\nOlivier MICHEL &#8211; directeur de LA POP,<br \/>\nHughes KIEFFER &#8211; directeur de Marseille Jazz des Cinq Continents,<br \/>\nFran\u00e7ois Xavier HAUVILLE \u2013 directeur de la Sc\u00e8ne Nationale d\u2019Orl\u00e9ans,<\/p>\n\n\t\t<\/div>\n\t<\/div>\n<\/div><\/div><\/div><div class=\"wpb_column vc_column_container vc_col-sm-6\"><div class=\"vc_column-inner\"><div class=\"wpb_wrapper\">\n\t<div class=\"wpb_text_column wpb_content_element\" >\n\t\t<div class=\"wpb_wrapper\">\n\t\t\t<p>Pierrette DEVINEAU &#8211; directrice de production et de festivals,<br \/>\nCITIZEN JAZZ,<br \/>\nAlain BELLON &#8211; responsable associatif de \u00abCrest Jazz\u00bb,<br \/>\nIsabelle MECHALI &#8211; directrice du festival Jazz au fil de l\u2019Oise,<br \/>\nC\u00c9SAR\u00c9 &#8211; Centre National de Cr\u00e9ation Musicale,<br \/>\nCynthia ABRAHAM \u2013 vocaliste,<br \/>\nIsabelle SORLING &#8211; vocaliste,<br \/>\nJuan Camilo HERNANDEZ SANCHEZ \u2013 compositeur,<br \/>\nJean-Marie MACHADO \u2013 pianiste, compositeur et chef d\u2019orchestre,<br \/>\nNicolas THIRION \u2013 directeur artistique Why Note \/ Ici l\u2019Onde,<br \/>\nAlexandre HERER et Collectif ONZE HEURE ONZE,<br \/>\nPierre BERTRAND et La CAJA NEGRA,<br \/>\nArthur ALLARD &#8211; batteur,<br \/>\nJozef DUMOULIN &#8211; pianiste,<br \/>\nLynn CASSIER &#8211; vocaliste,<br \/>\nChristiane BOPP &#8211; tromboniste,<br \/>\nAngela FLAHAUT &#8211; chanteuse,<br \/>\nAur\u00e9lien PITAVY &#8211; directeur de Charlie Free,<br \/>\nSt\u00e9phane GARIN &#8211; percussionniste,<br \/>\nMarl\u00e8ne ROSTAING &#8211; danseuse \/ vocaliste,<br \/>\nVal\u00e9rie MAUGE &#8211; attach\u00e9e de presse,<br \/>\nNathalie PIOL\u00c9 &#8211; productrice France Musique,<br \/>\nDidier LEVALLET &#8211; directeur artistique de \u00abJazz Campus en Clunisois\u00bb et contrebassiste,<br \/>\nNathalie BASSON &#8211; JAZZ IN ARLES \/ responsable de l\u2019Association du M\u00e9jan, Arles,<br \/>\nJulien MENSION &#8211; charg\u00e9 de production \/ FULL RHIZOME,<br \/>\nAmaury CORNUT &#8211; Murailles Music,<br \/>\nRenaud BAILLET &#8211; programmateur du Petit Faucheux,<br \/>\nPhilippe FAYRET &#8211; directeur du MILLAU JAZZ FESTIVAL,<br \/>\nJean Pierre LAYRAC &#8211; pr\u00e9sident du Festival d\u2019Altitude JAZZ \u00c0 LUZ,<br \/>\nLE SURNATURAL ORCHESTRA,<br \/>\nEnsemble Vocal SEQUENZA 9.3,<br \/>\nThomas ENHCO &#8211; pianiste et compositeur,<br \/>\nAlban DARCHE &amp; l\u2019ORPHICUBE,<br \/>\nCollectif P\u00c9GAZZ ET L\u2019H\u00c9LICON,<br \/>\nJoce MIENNIEL &#8211; fl\u00fbtiste,<br \/>\nRomain DANZANVILLIERS &#8211; agent artistique,<br \/>\nNicolas MOREAUX &#8211; contrebassiste,<br \/>\nFrank BIGOTTE &#8211; photographe pour Citizen Jazz,<br \/>\nMouvement HF Occitanie\/antenne Montpellier,<br \/>\nSamuel THIEBAUT &#8211; producteur (Ol\u00e9o films),<br \/>\nChristian DUTURC &#8211; pr\u00e9sident de Jazz \u00e0 Oloron \/ Festival \u00abDes Rives et Des Notes\u00bb,<br \/>\nRobert PEYRILLOU &#8211; pr\u00e9sident de Souillac en jazz,<br \/>\nGilles LABOUREY &#8211; directeur de Salon de Musique,<br \/>\nJ\u00e9r\u00f4me BADINI &#8211; producteur \u00e0 France Musique,<br \/>\nMatthieu MALGRANGE \u2013 directeur de l\u2019Atelier du Plateau,<br \/>\nCharlotte RIVI\u00c8RE \u2013 directrice Europa Jazz \/ Chorus,<br \/>\nLou TAVANO &#8211; chanteuse,<br \/>\nMathilda HAYNES &#8211; guitariste,<br \/>\nADEJ &#8211; Association Des Enseignants de Jazz<\/p>\n\n\t\t<\/div>\n\t<\/div>\n<div class=\"vc_empty_space\"   style=\"height: 32px\"><span class=\"vc_empty_space_inner\"><\/span><\/div><div class=\"vc_btn3-container vc_btn3-left vc_do_btn\" ><a class=\"vc_general vc_btn3 vc_btn3-size-md vc_btn3-shape-square vc_btn3-style-flat vc_btn3-color-black\" href=\"https:\/\/www.grandsformats.com\/ecologie\/\" title=\"\" target=\"_blank\">L'ensemble des signataires ici<\/a><\/div><\/div><\/div><\/div><\/div><\/div><\/div>\n<\/div>","protected":false},"excerpt":{"rendered":"Appel des musicien\u2022ne\u2022s et des producteur\u2022trices\u2022s de musique engag\u00e9\u2022e\u2022s pour la transition \u00e9cologique et la sauvegarde du vivant Pour une...","protected":false},"author":1,"featured_media":0,"parent":0,"menu_order":15,"comment_status":"closed","ping_status":"closed","template":"full-width.php","meta":{"footnotes":""},"tags":[],"class_list":["post-9851","page","type-page","status-publish","hentry"],"_links":{"self":[{"href":"http:\/\/leilamartial.com\/en\/wp-json\/wp\/v2\/pages\/9851","targetHints":{"allow":["GET"]}}],"collection":[{"href":"http:\/\/leilamartial.com\/en\/wp-json\/wp\/v2\/pages"}],"about":[{"href":"http:\/\/leilamartial.com\/en\/wp-json\/wp\/v2\/types\/page"}],"author":[{"embeddable":true,"href":"http:\/\/leilamartial.com\/en\/wp-json\/wp\/v2\/users\/1"}],"replies":[{"embeddable":true,"href":"http:\/\/leilamartial.com\/en\/wp-json\/wp\/v2\/comments?post=9851"}],"version-history":[{"count":20,"href":"http:\/\/leilamartial.com\/en\/wp-json\/wp\/v2\/pages\/9851\/revisions"}],"predecessor-version":[{"id":9873,"href":"http:\/\/leilamartial.com\/en\/wp-json\/wp\/v2\/pages\/9851\/revisions\/9873"}],"wp:attachment":[{"href":"http:\/\/leilamartial.com\/en\/wp-json\/wp\/v2\/media?parent=9851"}],"wp:term":[{"taxonomy":"post_tag","embeddable":true,"href":"http:\/\/leilamartial.com\/en\/wp-json\/wp\/v2\/tags?post=9851"}],"curies":[{"name":"wp","href":"https:\/\/api.w.org\/{rel}","templated":true}]}}